{"id":31551,"date":"2025-02-20T23:33:23","date_gmt":"2025-02-20T22:33:23","guid":{"rendered":"https:\/\/olemosaic.orbitalia.org\/producto\/llavero-de-madera-letra-d-madrid\/"},"modified":"2025-07-25T18:52:22","modified_gmt":"2025-07-25T16:52:22","slug":"porte-cles-en-bois-lettre-d-madrid","status":"publish","type":"product","link":"https:\/\/olemosaic.orbitalia.org\/fr\/produit\/porte-cles-en-bois-lettre-d-madrid\/","title":{"rendered":"Porte-cl\u00e9s en bois. Lettre D. Madrid."},"content":{"rendered":"<p>Ce porte-cl\u00e9s en bois en forme de lettre \u00ab\u00a0D\u00a0\u00bb est un souvenir attrayant qui c\u00e9l\u00e8bre l&rsquo;essence de Madrid, repr\u00e9sentant l&rsquo;horloge embl\u00e9matique de la Puerta del Sol, un lieu embl\u00e9matique au c\u0153ur de la capitale espagnole. Avec un design en mosa\u00efque vibrant et peint \u00e0 la main, chaque d\u00e9tail capture l&rsquo;\u00e9nergie et le coloris de la ville : de la figure en costume traditionnel au logo remarquable du m\u00e9tro de Madrid, qui symbolise la connectivit\u00e9 et la vie urbaine de cette m\u00e9tropole. La combinaison de couleurs vives et les illustrations personnalis\u00e9es conf\u00e8rent au porte-cl\u00e9s un caract\u00e8re unique, en faisant non seulement un accessoire fonctionnel, mais aussi un petit hommage \u00e0 la riche culture madril\u00e8ne.<\/p>\n<p>Ce souvenir n&rsquo;est pas seulement une pi\u00e8ce d\u00e9corative, mais un rappel tangible de votre visite, id\u00e9al pour les touristes qui cherchent \u00e0 emporter un morceau de l&rsquo;histoire et du folklore madril\u00e8nes. En tant qu&rsquo;article refl\u00e9tant l&rsquo;authenticit\u00e9 et le patrimoine culturel de la ville, il se pr\u00e9sente comme une option parfaite pour les boutiques de cadeaux touristiques cherchant \u00e0 offrir des produits de qualit\u00e9. Chez Ol\u00e9 Mosaic, en tant que grossiste de souvenirs, nous garantissons que chaque porte-cl\u00e9s en bois de ce type repr\u00e9sente non seulement l&rsquo;attrait visuel de Madrid, mais aussi sa pertinence culturelle et sa tradition unique.<\/p>\n","protected":false},"excerpt":{"rendered":"<p>Porte-cl\u00e9s en bois en forme de lettre \u00ab\u00a0D\u00a0\u00bb, repr\u00e9sentant l&rsquo;horloge embl\u00e9matique de la Puerta del Sol \u00e0 Madrid. Ce porte-cl\u00e9s attrayant combine une technique de design en mosa\u00efque avec des couleurs vibrantes illustrant des d\u00e9tails culturels, comme une figure en costume traditionnel et le logo embl\u00e9matique du m\u00e9tro de Madrid. Son design artisanal, peint \u00e0 la main, refl\u00e8te le charme et l&rsquo;essence de la capitale espagnole, en faisant un souvenir id\u00e9al pour se rem\u00e9morer votre visite \u00e0 Madrid.<\/p>\n","protected":false},"featured_media":10836,"template":"","meta":{"_acf_changed":false},"product_brand":[],"product_cat":[607],"product_tag":[],"class_list":{"0":"post-31551","1":"product","2":"type-product","3":"status-publish","4":"has-post-thumbnail","6":"product_cat-porte-cles","7":"pa_ciudad-madrid","8":"pa_motivo-lettre-d","9":"pa_pais-espana","11":"first","12":"instock","13":"shipping-taxable","14":"product-type-simple"},"acf":[],"_links":{"self":[{"href":"https:\/\/olemosaic.orbitalia.org\/fr\/wp-json\/wp\/v2\/product\/31551","targetHints":{"allow":["GET"]}}],"collection":[{"href":"https:\/\/olemosaic.orbitalia.org\/fr\/wp-json\/wp\/v2\/product"}],"about":[{"href":"https:\/\/olemosaic.orbitalia.org\/fr\/wp-json\/wp\/v2\/types\/product"}],"wp:featuredmedia":[{"embeddable":true,"href":"https:\/\/olemosaic.orbitalia.org\/fr\/wp-json\/wp\/v2\/media\/10836"}],"wp:attachment":[{"href":"https:\/\/olemosaic.orbitalia.org\/fr\/wp-json\/wp\/v2\/media?parent=31551"}],"wp:term":[{"taxonomy":"product_brand","embeddable":true,"href":"https:\/\/olemosaic.orbitalia.org\/fr\/wp-json\/wp\/v2\/product_brand?post=31551"},{"taxonomy":"product_cat","embeddable":true,"href":"https:\/\/olemosaic.orbitalia.org\/fr\/wp-json\/wp\/v2\/product_cat?post=31551"},{"taxonomy":"product_tag","embeddable":true,"href":"https:\/\/olemosaic.orbitalia.org\/fr\/wp-json\/wp\/v2\/product_tag?post=31551"}],"curies":[{"name":"wp","href":"https:\/\/api.w.org\/{rel}","templated":true}]}}