{"id":31525,"date":"2025-02-20T23:33:21","date_gmt":"2025-02-20T22:33:21","guid":{"rendered":"https:\/\/olemosaic.orbitalia.org\/producto\/llavero-de-madera-letra-a-sevilla\/"},"modified":"2025-07-25T20:54:23","modified_gmt":"2025-07-25T18:54:23","slug":"porte-cles-en-bois-lettre-a-seville","status":"publish","type":"product","link":"https:\/\/olemosaic.orbitalia.org\/fr\/produit\/porte-cles-en-bois-lettre-a-seville\/","title":{"rendered":"Porte-cl\u00e9s en bois. Lettre A. S\u00e9ville."},"content":{"rendered":"<p>Ce porte-cl\u00e9s en bois en forme de lettre \u00ab\u00a0A\u00a0\u00bb est un charmant souvenir de S\u00e9ville qui capture l&rsquo;essence et le charme de cette ville vibrante. Son design color\u00e9 et d\u00e9taill\u00e9 met en avant des \u00e9l\u00e9ments embl\u00e9matiques tels que la majestueuse Giralda et une \u00e9l\u00e9gante cal\u00e8che tir\u00e9e par des chevaux, symboles repr\u00e9sentatifs de la riche histoire et culture s\u00e9villanes. La technique de peinture \u00e0 la main garantit que chaque porte-cl\u00e9s est unique, cr\u00e9ant une finition vibrante dans des tons chauds et bleus qui rehausse la beaut\u00e9 de l&rsquo;art andalou.<\/p>\n<p>Avec une attention particuli\u00e8re port\u00e9e aux d\u00e9tails artistiques, ce porte-cl\u00e9s n&rsquo;est pas seulement un accessoire fonctionnel, mais aussi un souvenir significatif du temps pass\u00e9 \u00e0 S\u00e9ville. La lettre \u00ab\u00a0A\u00a0\u00bb apporte non seulement une touche personnelle, mais repr\u00e9sente \u00e9galement le lien \u00e9motionnel avec la ville, parfait pour ceux qui l&rsquo;ont visit\u00e9e ou qui souhaitent emporter une partie de son essence avec eux. Chez Ol\u00e9 Mosaic, en tant que grossiste de souvenirs authentiques, nous proposons ce porte-cl\u00e9s comme une excellente option pour les boutiques de cadeaux touristiques recherchant des produits refl\u00e9tant la culture et l&rsquo;histoire de S\u00e9ville. Ce porte-cl\u00e9s en bois est, sans aucun doute, un souvenir unique et attrayant pour tout touriste \u00e0 la recherche d&rsquo;une exp\u00e9rience authentique de la ville.<\/p>\n","protected":false},"excerpt":{"rendered":"<p>Porte-cl\u00e9s en bois en forme de lettre \u00ab\u00a0A\u00a0\u00bb, inspir\u00e9 par la beaut\u00e9 de S\u00e9ville. Cet \u00e9l\u00e9gant porte-cl\u00e9s pr\u00e9sente un design color\u00e9 qui capture le charme de la ville, mettant en avant des \u00e9l\u00e9ments embl\u00e9matiques comme la Giralda et une cal\u00e8che. La technique de design artisanal, peinte \u00e0 la main, ajoute une touche distinctive, tandis que sa finition vibrante dans des tons chauds et bleus souligne les d\u00e9tails culturels li\u00e9s \u00e0 S\u00e9ville. Parfait pour emporter un souvenir de cette magnifique ville.<\/p>\n","protected":false},"featured_media":10885,"template":"","meta":{"_acf_changed":false},"product_brand":[],"product_cat":[607],"product_tag":[614],"class_list":{"0":"post-31525","1":"product","2":"type-product","3":"status-publish","4":"has-post-thumbnail","6":"product_cat-porte-cles","7":"product_tag-lettres","8":"pa_ciudad-sevilla","9":"pa_motivo-lettre-a","10":"pa_pais-espana","12":"first","13":"instock","14":"shipping-taxable","15":"product-type-simple"},"acf":[],"_links":{"self":[{"href":"https:\/\/olemosaic.orbitalia.org\/fr\/wp-json\/wp\/v2\/product\/31525","targetHints":{"allow":["GET"]}}],"collection":[{"href":"https:\/\/olemosaic.orbitalia.org\/fr\/wp-json\/wp\/v2\/product"}],"about":[{"href":"https:\/\/olemosaic.orbitalia.org\/fr\/wp-json\/wp\/v2\/types\/product"}],"wp:featuredmedia":[{"embeddable":true,"href":"https:\/\/olemosaic.orbitalia.org\/fr\/wp-json\/wp\/v2\/media\/10885"}],"wp:attachment":[{"href":"https:\/\/olemosaic.orbitalia.org\/fr\/wp-json\/wp\/v2\/media?parent=31525"}],"wp:term":[{"taxonomy":"product_brand","embeddable":true,"href":"https:\/\/olemosaic.orbitalia.org\/fr\/wp-json\/wp\/v2\/product_brand?post=31525"},{"taxonomy":"product_cat","embeddable":true,"href":"https:\/\/olemosaic.orbitalia.org\/fr\/wp-json\/wp\/v2\/product_cat?post=31525"},{"taxonomy":"product_tag","embeddable":true,"href":"https:\/\/olemosaic.orbitalia.org\/fr\/wp-json\/wp\/v2\/product_tag?post=31525"}],"curies":[{"name":"wp","href":"https:\/\/api.w.org\/{rel}","templated":true}]}}