{"id":31522,"date":"2025-02-20T22:33:21","date_gmt":"2025-02-20T22:33:21","guid":{"rendered":"https:\/\/olemosaic.orbitalia.org\/producto\/llavero-de-madera-letra-c-barcelona\/"},"modified":"2025-07-25T18:44:32","modified_gmt":"2025-07-25T16:44:32","slug":"porte-cles-en-bois-lettre-c-barcelone","status":"publish","type":"product","link":"https:\/\/olemosaic.orbitalia.org\/fr\/produit\/porte-cles-en-bois-lettre-c-barcelone\/","title":{"rendered":"Porte-cl\u00e9s en bois. Lettre C. Barcelone."},"content":{"rendered":"<p>Ce porte-cl\u00e9s en bois en forme de lettre &lsquo;C&rsquo; est un souvenir vibrant et color\u00e9, inspir\u00e9 par la ville embl\u00e9matique de Barcelone. Avec un design qui capture l&rsquo;essence de l&rsquo;architecture moderniste, ce porte-cl\u00e9s attrayant pr\u00e9sente des illustrations de la Sagrada Familia, mettant en valeur sa silhouette majestueuse dans des tons rouges, verts et jaunes, qui \u00e9voquent la riche palette de couleurs de la ville. De plus, il comprend des \u00e9l\u00e9ments graphiques repr\u00e9sentant la vie et la culture barcelonaise, tels que la c\u00e9l\u00e8bre mosa\u00efque du Parc G\u00fcell et d&rsquo;autres symboles architecturaux, tous m\u00e9ticuleusement d\u00e9taill\u00e9s. Sa finition brillante rehausse chaque couleur et lui donne une touche contemporaine, en faisant un accessoire fonctionnel et d\u00e9coratif.<\/p>\n<p>Ce porte-cl\u00e9s n&rsquo;est pas seulement pratique pour organiser les cl\u00e9s, mais aussi un rappel parfait de la richesse culturelle de Barcelone, id\u00e9al pour les touristes souhaitant emporter un petit morceau de la ville chez eux. Chez Ol\u00e9 Mosaic, nous sommes experts dans la distribution de souvenirs en gros et proposons ce porte-cl\u00e9s en bois comme une excellente option pour les boutiques de cadeaux touristiques \u00e0 la recherche de produits authentiques et de qualit\u00e9. Avec ce porte-cl\u00e9s, chaque client pourra emporter avec lui une partie de l&rsquo;histoire et de l&rsquo;art de Barcelone, transformant ce souvenir en un cadeau significatif et durable.<\/p>\n","protected":false},"excerpt":{"rendered":"<p>Porte-cl\u00e9s en bois en forme de lettre &lsquo;C&rsquo;, inspir\u00e9 par la ville vibrante de Barcelone. Ce porte-cl\u00e9s attrayant pr\u00e9sente des illustrations color\u00e9es de la Sagrada Familia, entour\u00e9e d&rsquo;\u00e9l\u00e9ments caract\u00e9ristiques de l&rsquo;architecture moderniste. Avec une finition brillante, le design inclut des d\u00e9tails dans des tons rouges, verts et jaunes, refl\u00e9tant l&rsquo;essence artistique de la ville. Id\u00e9al comme souvenir ou cadeau, il allie praticit\u00e9 et touche culturelle.<\/p>\n","protected":false},"featured_media":10514,"template":"","meta":{"_acf_changed":false},"product_brand":[],"product_cat":[607],"product_tag":[614],"class_list":{"0":"post-31522","1":"product","2":"type-product","3":"status-publish","4":"has-post-thumbnail","6":"product_cat-porte-cles","7":"product_tag-lettres","8":"pa_ciudad-barcelona","9":"pa_motivo-lettre-c","10":"pa_pais-espana","12":"first","13":"instock","14":"shipping-taxable","15":"product-type-simple"},"acf":[],"_links":{"self":[{"href":"https:\/\/olemosaic.orbitalia.org\/fr\/wp-json\/wp\/v2\/product\/31522","targetHints":{"allow":["GET"]}}],"collection":[{"href":"https:\/\/olemosaic.orbitalia.org\/fr\/wp-json\/wp\/v2\/product"}],"about":[{"href":"https:\/\/olemosaic.orbitalia.org\/fr\/wp-json\/wp\/v2\/types\/product"}],"wp:featuredmedia":[{"embeddable":true,"href":"https:\/\/olemosaic.orbitalia.org\/fr\/wp-json\/wp\/v2\/media\/10514"}],"wp:attachment":[{"href":"https:\/\/olemosaic.orbitalia.org\/fr\/wp-json\/wp\/v2\/media?parent=31522"}],"wp:term":[{"taxonomy":"product_brand","embeddable":true,"href":"https:\/\/olemosaic.orbitalia.org\/fr\/wp-json\/wp\/v2\/product_brand?post=31522"},{"taxonomy":"product_cat","embeddable":true,"href":"https:\/\/olemosaic.orbitalia.org\/fr\/wp-json\/wp\/v2\/product_cat?post=31522"},{"taxonomy":"product_tag","embeddable":true,"href":"https:\/\/olemosaic.orbitalia.org\/fr\/wp-json\/wp\/v2\/product_tag?post=31522"}],"curies":[{"name":"wp","href":"https:\/\/api.w.org\/{rel}","templated":true}]}}