{"id":31510,"date":"2025-02-20T23:33:21","date_gmt":"2025-02-20T22:33:21","guid":{"rendered":"https:\/\/olemosaic.orbitalia.org\/producto\/llavero-de-madera-letra-d-sevilla\/"},"modified":"2025-07-25T19:45:25","modified_gmt":"2025-07-25T17:45:25","slug":"porte-cles-en-bois-lettre-d-seville","status":"publish","type":"product","link":"https:\/\/olemosaic.orbitalia.org\/fr\/produit\/porte-cles-en-bois-lettre-d-seville\/","title":{"rendered":"Porte-cl\u00e9s en bois. Lettre D. S\u00e9ville."},"content":{"rendered":"<p>Ce porte-cl\u00e9s en bois avec la lettre D est un hommage vibrant \u00e0 la belle ville de S\u00e9ville, con\u00e7u pour capturer l&rsquo;essence et les \u00e9l\u00e9ments embl\u00e9matiques de cette captivante r\u00e9gion andalouse. Avec un design color\u00e9 qui incorpore des motifs iconiques tels que la majestueuse Giralda et les charrettes traditionnelles, ce porte-cl\u00e9s refl\u00e8te l&rsquo;esprit festif de S\u00e9ville. Les d\u00e9tails des mosa\u00efques artistiques ajoutent un fond vibrant, en faisant une pi\u00e8ce attrayante et pleine de vie.<\/p>\n<p>Fabriqu\u00e9 avec du bois de haute qualit\u00e9, le porte-cl\u00e9s est l\u00e9ger et compact, ce qui en fait un souvenir pratique et facile \u00e0 transporter. Sa finition m\u00e9ticuleuse souligne les caract\u00e9ristiques visuelles du design, garantissant que chaque porte-cl\u00e9s est une repr\u00e9sentation authentique de la culture s\u00e9villane. Ce porte-cl\u00e9s n&rsquo;est pas seulement un accessoire fonctionnel, mais aussi un symbole de souvenir qui connecte avec le riche patrimoine culturel de S\u00e9ville, id\u00e9al pour ceux qui souhaitent emporter un morceau de cette ville merveilleuse.<\/p>\n<p>En tant que distributeur de souvenirs en gros, Ol\u00e9 Mosaic est fier de proposer des produits authentiques et significatifs, como ce porte-cl\u00e9s en bois de S\u00e9ville. C&rsquo;est une option parfaite pour les boutiques de souvenirs touristiques qui recherchent des articles uniques, refl\u00e9tant le caract\u00e8re distinctif de la r\u00e9gion et l&rsquo;essence de son folklore.<\/p>\n","protected":false},"excerpt":{"rendered":"<p>Porte-cl\u00e9s en bois en forme de lettre D, inspir\u00e9 de S\u00e9ville. Ce porte-cl\u00e9s attrayant pr\u00e9sente un design color\u00e9 qui combine des \u00e9l\u00e9ments iconiques de la ville, comme la Giralda et les charrettes traditionnelles, sur un fond de mosa\u00efque aux couleurs vibrantes. La technique de finition rehausse les d\u00e9tails artistiques, et sa taille compacte en fait un souvenir parfait et pratique pour toujours emporter avec soi un morceau de cette belle ville andalouse.<\/p>\n","protected":false},"featured_media":10888,"template":"","meta":{"_acf_changed":false},"product_brand":[],"product_cat":[607],"product_tag":[],"class_list":{"0":"post-31510","1":"product","2":"type-product","3":"status-publish","4":"has-post-thumbnail","6":"product_cat-porte-cles","7":"pa_ciudad-sevilla","8":"pa_motivo-lettre-d","9":"pa_pais-espana","11":"first","12":"instock","13":"shipping-taxable","14":"product-type-simple"},"acf":[],"_links":{"self":[{"href":"https:\/\/olemosaic.orbitalia.org\/fr\/wp-json\/wp\/v2\/product\/31510","targetHints":{"allow":["GET"]}}],"collection":[{"href":"https:\/\/olemosaic.orbitalia.org\/fr\/wp-json\/wp\/v2\/product"}],"about":[{"href":"https:\/\/olemosaic.orbitalia.org\/fr\/wp-json\/wp\/v2\/types\/product"}],"wp:featuredmedia":[{"embeddable":true,"href":"https:\/\/olemosaic.orbitalia.org\/fr\/wp-json\/wp\/v2\/media\/10888"}],"wp:attachment":[{"href":"https:\/\/olemosaic.orbitalia.org\/fr\/wp-json\/wp\/v2\/media?parent=31510"}],"wp:term":[{"taxonomy":"product_brand","embeddable":true,"href":"https:\/\/olemosaic.orbitalia.org\/fr\/wp-json\/wp\/v2\/product_brand?post=31510"},{"taxonomy":"product_cat","embeddable":true,"href":"https:\/\/olemosaic.orbitalia.org\/fr\/wp-json\/wp\/v2\/product_cat?post=31510"},{"taxonomy":"product_tag","embeddable":true,"href":"https:\/\/olemosaic.orbitalia.org\/fr\/wp-json\/wp\/v2\/product_tag?post=31510"}],"curies":[{"name":"wp","href":"https:\/\/api.w.org\/{rel}","templated":true}]}}