{"id":31496,"date":"2025-02-20T23:33:20","date_gmt":"2025-02-20T22:33:20","guid":{"rendered":"https:\/\/olemosaic.orbitalia.org\/producto\/llavero-de-madera-letra-p-sevilla\/"},"modified":"2025-07-25T18:35:50","modified_gmt":"2025-07-25T16:35:50","slug":"porte-cles-en-bois-lettre-p-seville","status":"publish","type":"product","link":"https:\/\/olemosaic.orbitalia.org\/fr\/produit\/porte-cles-en-bois-lettre-p-seville\/","title":{"rendered":"Porte-cl\u00e9s en bois. Lettre P. S\u00e9ville."},"content":{"rendered":"<p>Ce porte-cl\u00e9s en bois en forme de lettre \u00ab\u00a0P\u00a0\u00bb est un souvenir attrayant qui capture l&rsquo;essence de S\u00e9ville, id\u00e9al pour ceux qui recherchent un souvenir authentique de la ville. Illustr\u00e9 d&rsquo;\u00e9l\u00e9ments embl\u00e9matiques tels que la Giralda et d&rsquo;autres caract\u00e9ristiques architecturales repr\u00e9sentatives de la capitale andalouse, ce porte-cl\u00e9s se distingue par son design vibrant avec une mosa\u00efque color\u00e9e, qui lui donne un air festif et joyeux. Peint \u00e0 la main avec soin, chaque porte-cl\u00e9s refl\u00e8te la riche culture s\u00e9villane, devenant un accessoire quotidien \u00e9l\u00e9gant qui permet d&#8217;emporter un petit morceau de S\u00e9ville partout.<\/p>\n<p>Le porte-cl\u00e9s n&rsquo;est pas seulement fonctionnel, mais sert \u00e9galement d&rsquo;excellent rappel des merveilles culturelles qu&rsquo;offre S\u00e9ville, \u00e9tant un symbole de l&rsquo;h\u00e9ritage architectural espagnol. De plus, c&rsquo;est une option parfaite pour ceux qui recherchent des souvenirs de qualit\u00e9, id\u00e9aux pour les boutiques de cadeaux touristiques. Chez Ol\u00e9 Mosaic, nous sommes fiers d&rsquo;\u00eatre des distributeurs de souvenirs authentiques, et ce porte-cl\u00e9s en bois est une excellente repr\u00e9sentation de notre s\u00e9lection. Avec son design attrayant et sa connexion profonde avec l&rsquo;histoire de S\u00e9ville, ce porte-cl\u00e9s avec la lettre \u00ab\u00a0P\u00a0\u00bb ravira sans aucun doute les visiteurs souhaitant emporter un souvenir significatif de leur passage dans la ville.<\/p>\n","protected":false},"excerpt":{"rendered":"<p>Porte-cl\u00e9s en bois en forme de lettre \u00ab\u00a0P\u00a0\u00bb, richement illustr\u00e9 d&rsquo;\u00e9l\u00e9ments embl\u00e9matiques de S\u00e9ville. Ce porte-cl\u00e9s attrayant pr\u00e9sente un design vibrant o\u00f9 se distinguent la Giralda et d&rsquo;autres \u00e9l\u00e9ments architecturaux de la ville, entour\u00e9s d&rsquo;une mosa\u00efque color\u00e9e. Peint avec un style artisanal, il offre une finition qui capture l&rsquo;essence de la culture s\u00e9villane, devenant un accessoire \u00e9l\u00e9gant et un souvenir parfait de cette belle ville.<\/p>\n","protected":false},"featured_media":10900,"template":"","meta":{"_acf_changed":false},"product_brand":[],"product_cat":[607],"product_tag":[614],"class_list":{"0":"post-31496","1":"product","2":"type-product","3":"status-publish","4":"has-post-thumbnail","6":"product_cat-porte-cles","7":"product_tag-lettres","8":"pa_ciudad-sevilla","9":"pa_motivo-lettre-p","10":"pa_pais-espana","12":"first","13":"instock","14":"shipping-taxable","15":"product-type-simple"},"acf":[],"_links":{"self":[{"href":"https:\/\/olemosaic.orbitalia.org\/fr\/wp-json\/wp\/v2\/product\/31496","targetHints":{"allow":["GET"]}}],"collection":[{"href":"https:\/\/olemosaic.orbitalia.org\/fr\/wp-json\/wp\/v2\/product"}],"about":[{"href":"https:\/\/olemosaic.orbitalia.org\/fr\/wp-json\/wp\/v2\/types\/product"}],"wp:featuredmedia":[{"embeddable":true,"href":"https:\/\/olemosaic.orbitalia.org\/fr\/wp-json\/wp\/v2\/media\/10900"}],"wp:attachment":[{"href":"https:\/\/olemosaic.orbitalia.org\/fr\/wp-json\/wp\/v2\/media?parent=31496"}],"wp:term":[{"taxonomy":"product_brand","embeddable":true,"href":"https:\/\/olemosaic.orbitalia.org\/fr\/wp-json\/wp\/v2\/product_brand?post=31496"},{"taxonomy":"product_cat","embeddable":true,"href":"https:\/\/olemosaic.orbitalia.org\/fr\/wp-json\/wp\/v2\/product_cat?post=31496"},{"taxonomy":"product_tag","embeddable":true,"href":"https:\/\/olemosaic.orbitalia.org\/fr\/wp-json\/wp\/v2\/product_tag?post=31496"}],"curies":[{"name":"wp","href":"https:\/\/api.w.org\/{rel}","templated":true}]}}