{"id":31494,"date":"2025-02-20T22:33:19","date_gmt":"2025-02-20T22:33:19","guid":{"rendered":"https:\/\/olemosaic.orbitalia.org\/producto\/llavero-de-madera-letra-i-mosaico\/"},"modified":"2025-07-25T20:00:51","modified_gmt":"2025-07-25T18:00:51","slug":"porte-cles-en-bois-lettre-i-mosaique","status":"publish","type":"product","link":"https:\/\/olemosaic.orbitalia.org\/fr\/produit\/porte-cles-en-bois-lettre-i-mosaique\/","title":{"rendered":"Porte-cl\u00e9s en bois. Lettre I. Mosa\u00efque."},"content":{"rendered":"<p>Ce porte-cl\u00e9s en bois avec la lettre \u00ab\u00a0I\u00a0\u00bb est un v\u00e9ritable hommage \u00e0 la riche tradition artistique espagnole. Avec un design vibrant, ce porte-cl\u00e9s n&rsquo;est pas seulement fonctionnel, mais aussi une pi\u00e8ce d\u00e9corative qui capture l&rsquo;essence de la mosa\u00efque andalouse. Fabriqu\u00e9 en bois de haute qualit\u00e9, sa finition lisse garantit la durabilit\u00e9, tandis que les figures g\u00e9om\u00e9triques dans les tons bleu, rouge, jaune et rose lui conf\u00e8rent un attrait visuel in\u00e9gal\u00e9. Ce design frappant met en valeur la culture espagnole et rappelle la richesse de l&rsquo;art de la mosa\u00efque pr\u00e9sent dans des lieux embl\u00e9matiques tels que l&rsquo;Alhambra de Grenade.<\/p>\n<p>La forme originale de la lettre \u00ab\u00a0I\u00a0\u00bb ajoute une touche personnalis\u00e9e, en faisant un cadeau id\u00e9al ou un souvenir sp\u00e9cial pour ceux qui souhaitent emporter avec eux un morceau de la diversit\u00e9 culturelle de l&rsquo;Espagne. C&rsquo;est une option parfaite pour les touristes \u00e0 la recherche de souvenirs uniques et repr\u00e9sentatifs, ainsi que pour les boutiques de cadeaux touristiques souhaitant proposer des articles authentiques et de qualit\u00e9. Chez Ol\u00e9 Mosaic, en tant que distributeurs de souvenirs en gros, ce porte-cl\u00e9s en mosa\u00efque est un excellent ajout \u00e0 votre inventaire, soulignant la tradition artisanale de notre terre.<\/p>\n","protected":false},"excerpt":{"rendered":"<p>Porte-cl\u00e9s en bois en forme de lettre \u00ab\u00a0I\u00a0\u00bb, d\u00e9cor\u00e9 de mosa\u00efques color\u00e9es \u00e9voquant la richesse artistique de l&rsquo;Espagne. Ce porte-cl\u00e9s original en bois pr\u00e9sente un design vibrant avec des figures g\u00e9om\u00e9triques dans les tons bleu, rouge, jaune et rose, rappelant la tradition de la mosa\u00efque andalouse. Sa finition lisse et sa forme originale en font un souvenir id\u00e9al pour transporter vos cl\u00e9s avec style.<\/p>\n","protected":false},"featured_media":10759,"template":"","meta":{"_acf_changed":false},"product_brand":[],"product_cat":[607],"product_tag":[614],"class_list":{"0":"post-31494","1":"product","2":"type-product","3":"status-publish","4":"has-post-thumbnail","6":"product_cat-porte-cles","7":"product_tag-lettres","8":"pa_motivo-lettre-i","10":"first","11":"instock","12":"shipping-taxable","13":"product-type-simple"},"acf":[],"_links":{"self":[{"href":"https:\/\/olemosaic.orbitalia.org\/fr\/wp-json\/wp\/v2\/product\/31494","targetHints":{"allow":["GET"]}}],"collection":[{"href":"https:\/\/olemosaic.orbitalia.org\/fr\/wp-json\/wp\/v2\/product"}],"about":[{"href":"https:\/\/olemosaic.orbitalia.org\/fr\/wp-json\/wp\/v2\/types\/product"}],"wp:featuredmedia":[{"embeddable":true,"href":"https:\/\/olemosaic.orbitalia.org\/fr\/wp-json\/wp\/v2\/media\/10759"}],"wp:attachment":[{"href":"https:\/\/olemosaic.orbitalia.org\/fr\/wp-json\/wp\/v2\/media?parent=31494"}],"wp:term":[{"taxonomy":"product_brand","embeddable":true,"href":"https:\/\/olemosaic.orbitalia.org\/fr\/wp-json\/wp\/v2\/product_brand?post=31494"},{"taxonomy":"product_cat","embeddable":true,"href":"https:\/\/olemosaic.orbitalia.org\/fr\/wp-json\/wp\/v2\/product_cat?post=31494"},{"taxonomy":"product_tag","embeddable":true,"href":"https:\/\/olemosaic.orbitalia.org\/fr\/wp-json\/wp\/v2\/product_tag?post=31494"}],"curies":[{"name":"wp","href":"https:\/\/api.w.org\/{rel}","templated":true}]}}