{"id":31474,"date":"2025-02-20T23:33:19","date_gmt":"2025-02-20T22:33:19","guid":{"rendered":"https:\/\/olemosaic.orbitalia.org\/producto\/llavero-de-madera-gato-5\/"},"modified":"2025-07-25T18:51:37","modified_gmt":"2025-07-25T16:51:37","slug":"porte-cles-en-bois-chat-barcelone-5","status":"publish","type":"product","link":"https:\/\/olemosaic.orbitalia.org\/fr\/produit\/porte-cles-en-bois-chat-barcelone-5\/","title":{"rendered":"Porte-cl\u00e9s en bois. Chat. Barcelone."},"content":{"rendered":"<p>Ce porte-cl\u00e9s en bois en forme de chat est une pi\u00e8ce charmante qui capture l&rsquo;essence du trencad\u00eds, une technique traditionnelle espagnole utilisant des fragments de c\u00e9ramique pour cr\u00e9er des mosa\u00efques vibrantes. Avec un design color\u00e9 incluant des d\u00e9tails en jaune, bleu, vert et rouge, ce porte-cl\u00e9s \u00e9voque le riche patrimoine culturel de l&rsquo;Espagne et est parfait pour ceux qui souhaitent emporter avec eux un morceau de cet h\u00e9ritage. Le chat, repr\u00e9sent\u00e9 dans une pose joueuse, se distingue par sa silhouette fluide et ses formes courbes, qui attirent le regard et \u00e9veillent un sourire. La technique de peinture souligne non seulement les d\u00e9tails du chat, mais cr\u00e9e \u00e9galement un effet visuel frappant qui en fait un accessoire \u00e9l\u00e9gant et amusant. Ce souvenir est id\u00e9al pour les touristes \u00e0 la recherche d&rsquo;une repr\u00e9sentation authentique de la culture espagnole, et son design original en fait un souvenir parfait des moments v\u00e9cus sur les terres ib\u00e9riques. Chez Ol\u00e9 Mosaic, en tant que distributeurs de souvenirs en gros, nous proposons des produits authentiques qui c\u00e9l\u00e8brent la tradition et la cr\u00e9ativit\u00e9 de l&rsquo;Espagne. Ce porte-cl\u00e9s chat est une excellente option pour les boutiques de cadeaux touristiques cherchant \u00e0 proposer des articles uniques et repr\u00e9sentatifs de la riche culture locale.<\/p>\n","protected":false},"excerpt":{"rendered":"<p>Porte-cl\u00e9s en bois en forme de chat, inspir\u00e9 de l&rsquo;art du trencad\u00eds. Ce sympathique porte-cl\u00e9s pr\u00e9sente un design color\u00e9, avec des d\u00e9tails en jaune, bleu, vert et rouge \u00e9voquant le riche patrimoine culturel espagnol. La technique de peinture employ\u00e9e souligne les formes courbes et la silhouette du chat, qui semble jouer. Id\u00e9al pour ceux qui souhaitent emporter un morceau de la culture espagnole de mani\u00e8re amusante et artistique.<\/p>\n","protected":false},"featured_media":10984,"template":"","meta":{"_acf_changed":false},"product_brand":[],"product_cat":[607],"product_tag":[530],"class_list":{"0":"post-31474","1":"product","2":"type-product","3":"status-publish","4":"has-post-thumbnail","6":"product_cat-porte-cles","7":"product_tag-animaux","8":"pa_motivo-chats","10":"first","11":"instock","12":"shipping-taxable","13":"product-type-simple"},"acf":[],"_links":{"self":[{"href":"https:\/\/olemosaic.orbitalia.org\/fr\/wp-json\/wp\/v2\/product\/31474","targetHints":{"allow":["GET"]}}],"collection":[{"href":"https:\/\/olemosaic.orbitalia.org\/fr\/wp-json\/wp\/v2\/product"}],"about":[{"href":"https:\/\/olemosaic.orbitalia.org\/fr\/wp-json\/wp\/v2\/types\/product"}],"wp:featuredmedia":[{"embeddable":true,"href":"https:\/\/olemosaic.orbitalia.org\/fr\/wp-json\/wp\/v2\/media\/10984"}],"wp:attachment":[{"href":"https:\/\/olemosaic.orbitalia.org\/fr\/wp-json\/wp\/v2\/media?parent=31474"}],"wp:term":[{"taxonomy":"product_brand","embeddable":true,"href":"https:\/\/olemosaic.orbitalia.org\/fr\/wp-json\/wp\/v2\/product_brand?post=31474"},{"taxonomy":"product_cat","embeddable":true,"href":"https:\/\/olemosaic.orbitalia.org\/fr\/wp-json\/wp\/v2\/product_cat?post=31474"},{"taxonomy":"product_tag","embeddable":true,"href":"https:\/\/olemosaic.orbitalia.org\/fr\/wp-json\/wp\/v2\/product_tag?post=31474"}],"curies":[{"name":"wp","href":"https:\/\/api.w.org\/{rel}","templated":true}]}}