{"id":31473,"date":"2025-02-20T23:33:18","date_gmt":"2025-02-20T22:33:18","guid":{"rendered":"https:\/\/olemosaic.orbitalia.org\/producto\/llavero-de-madera-gato-4\/"},"modified":"2025-07-25T18:51:34","modified_gmt":"2025-07-25T16:51:34","slug":"porte-cles-en-bois-chat-trencadis-4","status":"publish","type":"product","link":"https:\/\/olemosaic.orbitalia.org\/fr\/produit\/porte-cles-en-bois-chat-trencadis-4\/","title":{"rendered":"Porte-cl\u00e9s en bois. Chat. Trencad\u00eds."},"content":{"rendered":"<p>Ce porte-cl\u00e9s en bois en forme de chat est un charmant souvenir de la magie artistique de Barcelone, inspir\u00e9 par le style moderniste embl\u00e9matique d&rsquo;Antoni Gaud\u00ed. \u00c9labor\u00e9 avec une technique soign\u00e9e de sculpture et de peinture \u00e0 la main, ce porte-cl\u00e9s se distingue par son design vibrant, pr\u00e9sentant un m\u00e9lange color\u00e9 de mosa\u00efques dans des tons rouges, verts, bleus et jaunes, \u00e9voquant les \u0153uvres embl\u00e9matiques en c\u00e9ramique qui ornent la ville. Le fin contour noir qui souligne sa silhouette ajoute une touche \u00e9l\u00e9gante et distinctive, en faisant un accessoire stylis\u00e9 et fonctionnel pour transporter vos cl\u00e9s avec gr\u00e2ce.<\/p>\n<p>La connexion culturelle de ce porte-cl\u00e9s avec Barcelone est profonde, car il repr\u00e9sente la cr\u00e9ativit\u00e9 et l&rsquo;innovation qui caract\u00e9risent le modernisme catalan, un mouvement qui a laiss\u00e9 une empreinte ind\u00e9l\u00e9bile sur l&rsquo;architecture et l&rsquo;art de la ville. Ce souvenir n&rsquo;est pas seulement un compl\u00e9ment quotidien \u00e9l\u00e9gant, mais aussi une pi\u00e8ce qui capture l&rsquo;essence de l&rsquo;h\u00e9ritage artistique de la r\u00e9gion, parfaite pour ceux qui souhaitent emporter chez eux un morceau d&rsquo;histoire et de culture.<\/p>\n<p>Chez Ol\u00e9 Mosaic, nous sommes des distributeurs de souvenirs en gros, et ce porte-cl\u00e9s chat est une option id\u00e9ale pour les boutiques de cadeaux touristiques cherchant \u00e0 offrir des produits authentiques et repr\u00e9sentatifs de la tradition espagnole. Avec son design attrayant et sa connexion culturelle, il devient un excellent souvenir pour les touristes souhaitant c\u00e9l\u00e9brer leur visite \u00e0 Barcelone.<\/p>\n","protected":false},"excerpt":{"rendered":"<p>Porte-cl\u00e9s en bois en forme de chat, inspir\u00e9 du c\u00e9l\u00e8bre style moderniste de Gaud\u00ed. Cet accessoire attrayant pr\u00e9sente un design color\u00e9, avec des mosa\u00efques dans des tons rouge, vert, bleu et jaune, rappelant les \u0153uvres en c\u00e9ramique de l&rsquo;architecte catalan. Sa technique \u00e9labor\u00e9e de sculpture et son design artisanal, peint \u00e0 la main, se distinguent par son fin contour noir, apportant une touche artistique id\u00e9ale pour se souvenir de l&rsquo;essence de Barcelone. Parfait pour porter ses cl\u00e9s avec une touche de style.<\/p>\n","protected":false},"featured_media":10983,"template":"","meta":{"_acf_changed":false},"product_brand":[],"product_cat":[607],"product_tag":[530],"class_list":{"0":"post-31473","1":"product","2":"type-product","3":"status-publish","4":"has-post-thumbnail","6":"product_cat-porte-cles","7":"product_tag-animaux","8":"pa_motivo-chats","10":"first","11":"instock","12":"shipping-taxable","13":"product-type-simple"},"acf":[],"_links":{"self":[{"href":"https:\/\/olemosaic.orbitalia.org\/fr\/wp-json\/wp\/v2\/product\/31473","targetHints":{"allow":["GET"]}}],"collection":[{"href":"https:\/\/olemosaic.orbitalia.org\/fr\/wp-json\/wp\/v2\/product"}],"about":[{"href":"https:\/\/olemosaic.orbitalia.org\/fr\/wp-json\/wp\/v2\/types\/product"}],"wp:featuredmedia":[{"embeddable":true,"href":"https:\/\/olemosaic.orbitalia.org\/fr\/wp-json\/wp\/v2\/media\/10983"}],"wp:attachment":[{"href":"https:\/\/olemosaic.orbitalia.org\/fr\/wp-json\/wp\/v2\/media?parent=31473"}],"wp:term":[{"taxonomy":"product_brand","embeddable":true,"href":"https:\/\/olemosaic.orbitalia.org\/fr\/wp-json\/wp\/v2\/product_brand?post=31473"},{"taxonomy":"product_cat","embeddable":true,"href":"https:\/\/olemosaic.orbitalia.org\/fr\/wp-json\/wp\/v2\/product_cat?post=31473"},{"taxonomy":"product_tag","embeddable":true,"href":"https:\/\/olemosaic.orbitalia.org\/fr\/wp-json\/wp\/v2\/product_tag?post=31473"}],"curies":[{"name":"wp","href":"https:\/\/api.w.org\/{rel}","templated":true}]}}