{"id":31455,"date":"2025-02-20T23:33:18","date_gmt":"2025-02-20T22:33:18","guid":{"rendered":"https:\/\/olemosaic.orbitalia.org\/producto\/llavero-de-madera-gallo-3\/"},"modified":"2025-07-25T18:36:10","modified_gmt":"2025-07-25T16:36:10","slug":"porte-cles-en-bois-coq-portugal","status":"publish","type":"product","link":"https:\/\/olemosaic.orbitalia.org\/fr\/produit\/porte-cles-en-bois-coq-portugal\/","title":{"rendered":"Porte-cl\u00e9s en bois. Coq. Portugal."},"content":{"rendered":"<p>Ce porte-cl\u00e9s en bois en forme de coq est un charmant souvenir qui encapsule l&rsquo;essence du folklore portugais. Avec son design vibrant et color\u00e9, le porte-cl\u00e9s pr\u00e9sente une combinaison de tons rouge, bleu et jaune, compl\u00e9t\u00e9s par des d\u00e9tails en blanc, qui \u00e9voquent les azulejos traditionnels ornant l&rsquo;architecture du Portugal. La figure du coq, symbole iconique du pays, est c\u00e9l\u00e8bre pour repr\u00e9senter la chance et la protection, ce qui en fait une amulette populaire.<\/p>\n<p>La finition de haute qualit\u00e9 se distingue par les motifs floraux complexes qui d\u00e9corent la surface du coq, en faisant non seulement un accessoire fonctionnel pour les cl\u00e9s, mais aussi une pi\u00e8ce artistique qui refl\u00e8te le riche h\u00e9ritage culturel du Portugal. Ce porte-cl\u00e9s est id\u00e9al pour ceux qui recherchent un souvenir authentique et repr\u00e9sentatif de leur voyage car, au-del\u00e0 de sa praticit\u00e9, il devient un objet charg\u00e9 d&rsquo;histoire et de tradition.<\/p>\n<p>Chez Ol\u00e9 Mosaic, nous nous sp\u00e9cialisons dans la distribution de souvenirs en gros, offrant des produits authentiques qui c\u00e9l\u00e8brent la diversit\u00e9 culturelle de l&rsquo;Espagne et du Portugal. Ce porte-cl\u00e9s coq est une excellente option pour les boutiques de cadeaux touristiques souhaitant offrir \u00e0 leurs clients un souvenir significatif du Portugal. En tant que grossistes de souvenirs, nous garantissons la qualit\u00e9 et l&rsquo;authenticit\u00e9 de chaque pi\u00e8ce.<\/p>\n","protected":false},"excerpt":{"rendered":"<p>Porte-cl\u00e9s en bois en forme de coq, un symbole iconique de la culture portugaise. Ce charmant accessoire pr\u00e9sente un design vibrant avec une combinaison de couleurs incluant le rouge, le bleu, le jaune et des d\u00e9tails en blanc, inspir\u00e9s des azulejos portugais traditionnels. Sa finition de haute qualit\u00e9 souligne les motifs floraux complexes, offrant une touche artistique et folklorique. Id\u00e9al pour emporter un souvenir du Portugal au quotidien.<\/p>\n","protected":false},"featured_media":10955,"template":"","meta":{"_acf_changed":false},"product_brand":[],"product_cat":[607],"product_tag":[530],"class_list":{"0":"post-31455","1":"product","2":"type-product","3":"status-publish","4":"has-post-thumbnail","6":"product_cat-porte-cles","7":"product_tag-animaux","8":"pa_motivo-coqs","10":"first","11":"instock","12":"shipping-taxable","13":"product-type-simple"},"acf":[],"_links":{"self":[{"href":"https:\/\/olemosaic.orbitalia.org\/fr\/wp-json\/wp\/v2\/product\/31455","targetHints":{"allow":["GET"]}}],"collection":[{"href":"https:\/\/olemosaic.orbitalia.org\/fr\/wp-json\/wp\/v2\/product"}],"about":[{"href":"https:\/\/olemosaic.orbitalia.org\/fr\/wp-json\/wp\/v2\/types\/product"}],"wp:featuredmedia":[{"embeddable":true,"href":"https:\/\/olemosaic.orbitalia.org\/fr\/wp-json\/wp\/v2\/media\/10955"}],"wp:attachment":[{"href":"https:\/\/olemosaic.orbitalia.org\/fr\/wp-json\/wp\/v2\/media?parent=31455"}],"wp:term":[{"taxonomy":"product_brand","embeddable":true,"href":"https:\/\/olemosaic.orbitalia.org\/fr\/wp-json\/wp\/v2\/product_brand?post=31455"},{"taxonomy":"product_cat","embeddable":true,"href":"https:\/\/olemosaic.orbitalia.org\/fr\/wp-json\/wp\/v2\/product_cat?post=31455"},{"taxonomy":"product_tag","embeddable":true,"href":"https:\/\/olemosaic.orbitalia.org\/fr\/wp-json\/wp\/v2\/product_tag?post=31455"}],"curies":[{"name":"wp","href":"https:\/\/api.w.org\/{rel}","templated":true}]}}