{"id":31454,"date":"2025-02-20T23:33:18","date_gmt":"2025-02-20T22:33:18","guid":{"rendered":"https:\/\/olemosaic.orbitalia.org\/producto\/llavero-de-madera-gallo-2\/"},"modified":"2025-07-25T20:07:57","modified_gmt":"2025-07-25T18:07:57","slug":"porte-cles-en-bois-coq-mosaique","status":"publish","type":"product","link":"https:\/\/olemosaic.orbitalia.org\/fr\/produit\/porte-cles-en-bois-coq-mosaique\/","title":{"rendered":"Porte-cl\u00e9s en bois. Coq. Mosa\u00efque."},"content":{"rendered":"<p>Ce porte-cl\u00e9s en bois en forme de coq est un symbole authentique du folklore portugais, id\u00e9al pour ceux qui recherchent un souvenir repr\u00e9sentatif du Portugal. Avec un design vibrant, ce charmant souvenir se distingue par ses couleurs \u00e9clatantes et ses d\u00e9tails en mosa\u00efque qui \u00e9voquent la riche tradition culturelle du pays. La figure du coq, embl\u00e9matique de la culture portugaise, est reconnue non seulement pour son esth\u00e9tique captivante, mais aussi pour sa signification de chance et d&rsquo;espoir.<\/p>\n<p>M\u00e9ticuleusement d\u00e9cor\u00e9, ce porte-cl\u00e9s pr\u00e9sente une combinaison \u00e9labor\u00e9e de bleus, rouges, jaunes et verts qui lui conf\u00e8re un air festif et joyeux. Chaque d\u00e9tail du coq est con\u00e7u pour rehausser sa forme distinctive, en faisant un accessoire non seulement fonctionnel, mais aussi un v\u00e9ritable objet d&rsquo;art qui souligne la cr\u00e9ativit\u00e9 et le patrimoine culturel du Portugal.<\/p>\n<p>Ce porte-cl\u00e9s est une excellente option pour les touristes qui souhaitent emporter un morceau de la culture portugaise, et constitue un ajout parfait pour toute boutique de cadeaux touristiques. Chez Ol\u00e9 Mosaic, nous nous sp\u00e9cialisons dans la distribution de souvenirs en gros, garantissant que chaque porte-cl\u00e9s coq que nous proposons soit un excellent souvenir c\u00e9l\u00e9brant l&rsquo;authenticit\u00e9 et la tradition. Avec nous, vous avez l&rsquo;opportunit\u00e9 d&rsquo;offrir un produit qui combine art, histoire et fonctionnalit\u00e9 en un seul article.<\/p>\n","protected":false},"excerpt":{"rendered":"<p>Porte-cl\u00e9s en bois en forme de coq, repr\u00e9sentant le c\u00e9l\u00e8bre symbole du folklore portugais. Ce charmant porte-cl\u00e9s pr\u00e9sente un design vibrant, avec des couleurs \u00e9clatantes et des d\u00e9tails en mosa\u00efque qui \u00e9voquent la tradition culturelle du Portugal. La figure est m\u00e9ticuleusement d\u00e9cor\u00e9e et sa forme distinctive en fait un souvenir attrayant et fonctionnel, id\u00e9al pour emporter un morceau de la culture portugaise partout avec soi.<\/p>\n","protected":false},"featured_media":10979,"template":"","meta":{"_acf_changed":false},"product_brand":[],"product_cat":[607],"product_tag":[530],"class_list":{"0":"post-31454","1":"product","2":"type-product","3":"status-publish","4":"has-post-thumbnail","6":"product_cat-porte-cles","7":"product_tag-animaux","8":"pa_motivo-coqs","10":"first","11":"instock","12":"shipping-taxable","13":"product-type-simple"},"acf":[],"_links":{"self":[{"href":"https:\/\/olemosaic.orbitalia.org\/fr\/wp-json\/wp\/v2\/product\/31454","targetHints":{"allow":["GET"]}}],"collection":[{"href":"https:\/\/olemosaic.orbitalia.org\/fr\/wp-json\/wp\/v2\/product"}],"about":[{"href":"https:\/\/olemosaic.orbitalia.org\/fr\/wp-json\/wp\/v2\/types\/product"}],"wp:featuredmedia":[{"embeddable":true,"href":"https:\/\/olemosaic.orbitalia.org\/fr\/wp-json\/wp\/v2\/media\/10979"}],"wp:attachment":[{"href":"https:\/\/olemosaic.orbitalia.org\/fr\/wp-json\/wp\/v2\/media?parent=31454"}],"wp:term":[{"taxonomy":"product_brand","embeddable":true,"href":"https:\/\/olemosaic.orbitalia.org\/fr\/wp-json\/wp\/v2\/product_brand?post=31454"},{"taxonomy":"product_cat","embeddable":true,"href":"https:\/\/olemosaic.orbitalia.org\/fr\/wp-json\/wp\/v2\/product_cat?post=31454"},{"taxonomy":"product_tag","embeddable":true,"href":"https:\/\/olemosaic.orbitalia.org\/fr\/wp-json\/wp\/v2\/product_tag?post=31454"}],"curies":[{"name":"wp","href":"https:\/\/api.w.org\/{rel}","templated":true}]}}