{"id":31452,"date":"2025-02-20T23:33:17","date_gmt":"2025-02-20T22:33:17","guid":{"rendered":"https:\/\/olemosaic.orbitalia.org\/producto\/llavero-de-madera-flor-2\/"},"modified":"2025-07-25T18:43:49","modified_gmt":"2025-07-25T16:43:49","slug":"porte-cles-en-bois-fleur-espagne","status":"publish","type":"product","link":"https:\/\/olemosaic.orbitalia.org\/fr\/produit\/porte-cles-en-bois-fleur-espagne\/","title":{"rendered":"Porte-cl\u00e9s en bois. Fleur. Espagne."},"content":{"rendered":"<p>Ce porte-cl\u00e9s en bois en forme de fleur est un charmant souvenir qui capture l&rsquo;essence de l&rsquo;art et des mosa\u00efques typiques de l&rsquo;Espagne. Son design vibrant int\u00e8gre une d\u00e9licieuse palette de couleurs, incluant des rouges, des bleus et du gris clair, cr\u00e9ant un effet visuel captivant qui attirera sans aucun doute l&rsquo;attention. La forme de fleur du porte-cl\u00e9s symbolise la richesse naturelle et culturelle des diverses r\u00e9gions d&rsquo;Espagne, offrant un souvenir qui \u00e9voque la beaut\u00e9 et l&rsquo;art du pays.<\/p>\n<p>Chaque d\u00e9tail du design a \u00e9t\u00e9 m\u00e9ticuleusement \u00e9labor\u00e9, affichant une finition polie qui souligne les illustrations complexes ornant la fleur. Ce porte-cl\u00e9s n&rsquo;est pas seulement pratique pour garder vos cl\u00e9s organis\u00e9es, mais il devient aussi un accessoire joyeux que vous pouvez emporter partout avec vous. Il repr\u00e9sente une connexion culturelle avec la tradition de la mosa\u00efque, particuli\u00e8rement pr\u00e9sente dans des r\u00e9gions comme l&rsquo;Andalousie et la Catalogne, o\u00f9 les mosa\u00efques d\u00e9coratives ornent tant l&rsquo;architecture que l&rsquo;art populaire.<\/p>\n<p>Chez Ol\u00e9 Mosaic, nous nous consacrons \u00e0 offrir des souvenirs authentiques et repr\u00e9sentatifs, comme ce porte-cl\u00e9s en bois en forme de fleur. C&rsquo;est une excellente option pour les boutiques de cadeaux touristiques qui recherchent des produits de qualit\u00e9 mettant en valeur l&rsquo;h\u00e9ritage artistique de l&rsquo;Espagne. Vous attirerez des touristes \u00e0 la recherche de souvenirs uniques et significatifs de leur voyage, faisant de ce porte-cl\u00e9s un excellent ajout \u00e0 votre offre de souvenirs.<\/p>\n","protected":false},"excerpt":{"rendered":"<p>Porte-cl\u00e9s en bois en forme de fleur, d\u00e9cor\u00e9 d&rsquo;un design vibrant inspir\u00e9 de l&rsquo;art et des mosa\u00efques typiques de l&rsquo;Espagne. Ce porte-cl\u00e9s attrayant pr\u00e9sente une combinaison de couleurs incluant des rouges, des bleus et du gris clair, cr\u00e9ant un effet visuel frappant. Parfait pour se souvenir de l&rsquo;essence culturelle et artistique du pays, cet accessoire se distingue par sa finition d\u00e9taill\u00e9e et son design joyeux, id\u00e9al pour l&#8217;emporter toujours avec soi.<\/p>\n","protected":false},"featured_media":10969,"template":"","meta":{"_acf_changed":false},"product_brand":[],"product_cat":[607],"product_tag":[],"class_list":{"0":"post-31452","1":"product","2":"type-product","3":"status-publish","4":"has-post-thumbnail","6":"product_cat-porte-cles","7":"pa_motivo-fleurs","9":"first","10":"instock","11":"shipping-taxable","12":"product-type-simple"},"acf":[],"_links":{"self":[{"href":"https:\/\/olemosaic.orbitalia.org\/fr\/wp-json\/wp\/v2\/product\/31452","targetHints":{"allow":["GET"]}}],"collection":[{"href":"https:\/\/olemosaic.orbitalia.org\/fr\/wp-json\/wp\/v2\/product"}],"about":[{"href":"https:\/\/olemosaic.orbitalia.org\/fr\/wp-json\/wp\/v2\/types\/product"}],"wp:featuredmedia":[{"embeddable":true,"href":"https:\/\/olemosaic.orbitalia.org\/fr\/wp-json\/wp\/v2\/media\/10969"}],"wp:attachment":[{"href":"https:\/\/olemosaic.orbitalia.org\/fr\/wp-json\/wp\/v2\/media?parent=31452"}],"wp:term":[{"taxonomy":"product_brand","embeddable":true,"href":"https:\/\/olemosaic.orbitalia.org\/fr\/wp-json\/wp\/v2\/product_brand?post=31452"},{"taxonomy":"product_cat","embeddable":true,"href":"https:\/\/olemosaic.orbitalia.org\/fr\/wp-json\/wp\/v2\/product_cat?post=31452"},{"taxonomy":"product_tag","embeddable":true,"href":"https:\/\/olemosaic.orbitalia.org\/fr\/wp-json\/wp\/v2\/product_tag?post=31452"}],"curies":[{"name":"wp","href":"https:\/\/api.w.org\/{rel}","templated":true}]}}