{"id":31441,"date":"2025-02-20T22:33:17","date_gmt":"2025-02-20T22:33:17","guid":{"rendered":"https:\/\/olemosaic.orbitalia.org\/producto\/llavero-de-madera-flor\/"},"modified":"2025-07-25T20:25:56","modified_gmt":"2025-07-25T18:25:56","slug":"porte-cles-en-bois-fleur","status":"publish","type":"product","link":"https:\/\/olemosaic.orbitalia.org\/fr\/produit\/porte-cles-en-bois-fleur\/","title":{"rendered":"Porte-cl\u00e9s en bois. Fleur."},"content":{"rendered":"<p>Ce porte-cl\u00e9s en bois en forme de fleur est un v\u00e9ritable hommage \u00e0 l&rsquo;art de Gaud\u00ed et une repr\u00e9sentation vibrante de la culture barcelonaise. Son design complexe et color\u00e9 rappelle les c\u00e9l\u00e8bres mosa\u00efques qui ornent les monuments de la ville, alliant \u00e9l\u00e9gance et cr\u00e9ativit\u00e9. La fleur pr\u00e9sente un motif noir qui ressort avec des d\u00e9tails subtils en rouge, bleu, jaune et vert, \u00e9voquant la joie et l&rsquo;esprit innovant qui caract\u00e9risent le modernisme catalan. Ce porte-cl\u00e9s, l\u00e9ger et pratique, fait \u00e9galement office de pi\u00e8ce d\u00e9corative qui ajoute une touche artistique \u00e0 n&rsquo;importe quel trousseau de cl\u00e9s.<\/p>\n<p>En tant que souvenir de Barcelone, ce porte-cl\u00e9s est une excellente option pour ceux qui souhaitent emporter un morceau du riche h\u00e9ritage culturel de la ville. La forme de fleur symbolise la beaut\u00e9 et la nature, refl\u00e9tant la connexion de Gaud\u00ed avec l&rsquo;environnement naturel et sa capacit\u00e9 \u00e0 l&rsquo;incorporer dans son \u0153uvre. Chez Ol\u00e9 Mosaic, nous sommes fiers de proposer des souvenirs authentiques qui capturent l&rsquo;essence de chaque r\u00e9gion. Ce porte-cl\u00e9s floral est id\u00e9al pour les boutiques de cadeaux touristiques souhaitant offrir des produits uniques et repr\u00e9sentatifs de Barcelone, se distinguant tant par son design que par sa pertinence culturelle. En tant que grossistes de porte-cl\u00e9s, nous garantissons la qualit\u00e9 et l&rsquo;authenticit\u00e9 de chaque pi\u00e8ce, faisant de ce produit un cadeau m\u00e9morable que les touristes appr\u00e9cieront.<\/p>\n","protected":false},"excerpt":{"rendered":"<p>Porte-cl\u00e9s en bois en forme de fleur, con\u00e7u avec une mosa\u00efque vibrante de couleurs \u00e9voquant l&rsquo;art de Gaud\u00ed. Cet accessoire se distingue par son design noir complexe formant un joli motif, avec des d\u00e9tails en rouge, bleu, jaune et vert. Id\u00e9al comme souvenir de Barcelone, ce porte-cl\u00e9s est l\u00e9ger et pratique, devenant une pi\u00e8ce d\u00e9corative qui apporte une touche artistique et color\u00e9e \u00e0 vos cl\u00e9s.<\/p>\n","protected":false},"featured_media":10993,"template":"","meta":{"_acf_changed":false},"product_brand":[],"product_cat":[607],"product_tag":[],"class_list":{"0":"post-31441","1":"product","2":"type-product","3":"status-publish","4":"has-post-thumbnail","6":"product_cat-porte-cles","7":"pa_motivo-fleurs","9":"first","10":"instock","11":"shipping-taxable","12":"product-type-simple"},"acf":[],"_links":{"self":[{"href":"https:\/\/olemosaic.orbitalia.org\/fr\/wp-json\/wp\/v2\/product\/31441","targetHints":{"allow":["GET"]}}],"collection":[{"href":"https:\/\/olemosaic.orbitalia.org\/fr\/wp-json\/wp\/v2\/product"}],"about":[{"href":"https:\/\/olemosaic.orbitalia.org\/fr\/wp-json\/wp\/v2\/types\/product"}],"wp:featuredmedia":[{"embeddable":true,"href":"https:\/\/olemosaic.orbitalia.org\/fr\/wp-json\/wp\/v2\/media\/10993"}],"wp:attachment":[{"href":"https:\/\/olemosaic.orbitalia.org\/fr\/wp-json\/wp\/v2\/media?parent=31441"}],"wp:term":[{"taxonomy":"product_brand","embeddable":true,"href":"https:\/\/olemosaic.orbitalia.org\/fr\/wp-json\/wp\/v2\/product_brand?post=31441"},{"taxonomy":"product_cat","embeddable":true,"href":"https:\/\/olemosaic.orbitalia.org\/fr\/wp-json\/wp\/v2\/product_cat?post=31441"},{"taxonomy":"product_tag","embeddable":true,"href":"https:\/\/olemosaic.orbitalia.org\/fr\/wp-json\/wp\/v2\/product_tag?post=31441"}],"curies":[{"name":"wp","href":"https:\/\/api.w.org\/{rel}","templated":true}]}}