{"id":31439,"date":"2025-02-20T23:33:17","date_gmt":"2025-02-20T22:33:17","guid":{"rendered":"https:\/\/olemosaic.orbitalia.org\/producto\/llavero-de-madera-elefante-2\/"},"modified":"2025-07-25T19:31:33","modified_gmt":"2025-07-25T17:31:33","slug":"porte-cles-en-bois-elephant-2","status":"publish","type":"product","link":"https:\/\/olemosaic.orbitalia.org\/fr\/produit\/porte-cles-en-bois-elephant-2\/","title":{"rendered":"Porte-cl\u00e9s en bois. \u00c9l\u00e9phant. Style moderne."},"content":{"rendered":"<p>Ce porte-cl\u00e9s en bois en forme d&rsquo;\u00e9l\u00e9phant est un souvenir charmant qui capture l&rsquo;essence vibrante de la culture espagnole. Avec un design en mosa\u00efque peint \u00e0 la main, cet article pr\u00e9sente une large gamme de couleurs fusionnant des techniques traditionnelles avec un style moderne. Les formes g\u00e9om\u00e9triques soigneusement \u00e9labor\u00e9es ornent non seulement la figure de l&rsquo;\u00e9l\u00e9phant, symbole universel de force et de sagesse, mais refl\u00e8tent \u00e9galement une personnalit\u00e9 joyeuse et unique, en faisant un souvenir v\u00e9ritablement distinctif de l&rsquo;Espagne.<\/p>\n<p>Sa fabrication en bois et les d\u00e9tails artistiques de la mosa\u00efque cr\u00e9ent une pi\u00e8ce l\u00e9g\u00e8re et durable, id\u00e9ale pour \u00eatre port\u00e9e sur un trousseau de cl\u00e9s quotidien ou comme d\u00e9coration sur un sac \u00e0 dos. Ce porte-cl\u00e9s \u00e9l\u00e9phant n&rsquo;est pas seulement un accessoire fonctionnel, mais aussi un exemple de la riche tradition artisanale qui caract\u00e9rise la r\u00e9gion. En tant que souvenir authentique, il est parfait pour les touristes \u00e0 la recherche d&rsquo;une repr\u00e9sentation color\u00e9e et significative de leur exp\u00e9rience dans le pays.<\/p>\n<p>Chez Ol\u00e9 Mosaic, nous nous sp\u00e9cialisons dans la distribution de souvenirs en gros, offrant des produits qui sont \u00e0 la fois artisanaux et repr\u00e9sentatifs de la culture locale. Ce porte-cl\u00e9s \u00e9l\u00e9phant est une excellente option pour les boutiques de cadeaux touristiques, se distinguant comme une pi\u00e8ce attrayante qui combine la modernit\u00e9 avec le folklore espagnol.<\/p>\n","protected":false},"excerpt":{"rendered":"<p>Porte-cl\u00e9s en bois en forme d&rsquo;\u00e9l\u00e9phant, d\u00e9cor\u00e9 d&rsquo;un design vibrant en mosa\u00efque qui d\u00e9ploie une large gamme de couleurs. Cet article fusionne l&rsquo;artisanat traditionnel avec un style moderne, id\u00e9al pour ceux qui recherchent un souvenir distinctif de leur voyage. L&rsquo;\u00e9l\u00e9phant, symbole de force et de sagesse, pr\u00e9sente un design artisanal, peint \u00e0 la main, avec des formes g\u00e9om\u00e9triques complexes qui soulignent sa personnalit\u00e9 joyeuse et unique, en faisant un souvenir parfait de l&rsquo;Espagne.<\/p>\n","protected":false},"featured_media":10784,"template":"","meta":{"_acf_changed":false},"product_brand":[],"product_cat":[607],"product_tag":[530],"class_list":{"0":"post-31439","1":"product","2":"type-product","3":"status-publish","4":"has-post-thumbnail","6":"product_cat-porte-cles","7":"product_tag-animaux","8":"pa_motivo-elephants","10":"first","11":"instock","12":"shipping-taxable","13":"product-type-simple"},"acf":[],"_links":{"self":[{"href":"https:\/\/olemosaic.orbitalia.org\/fr\/wp-json\/wp\/v2\/product\/31439","targetHints":{"allow":["GET"]}}],"collection":[{"href":"https:\/\/olemosaic.orbitalia.org\/fr\/wp-json\/wp\/v2\/product"}],"about":[{"href":"https:\/\/olemosaic.orbitalia.org\/fr\/wp-json\/wp\/v2\/types\/product"}],"wp:featuredmedia":[{"embeddable":true,"href":"https:\/\/olemosaic.orbitalia.org\/fr\/wp-json\/wp\/v2\/media\/10784"}],"wp:attachment":[{"href":"https:\/\/olemosaic.orbitalia.org\/fr\/wp-json\/wp\/v2\/media?parent=31439"}],"wp:term":[{"taxonomy":"product_brand","embeddable":true,"href":"https:\/\/olemosaic.orbitalia.org\/fr\/wp-json\/wp\/v2\/product_brand?post=31439"},{"taxonomy":"product_cat","embeddable":true,"href":"https:\/\/olemosaic.orbitalia.org\/fr\/wp-json\/wp\/v2\/product_cat?post=31439"},{"taxonomy":"product_tag","embeddable":true,"href":"https:\/\/olemosaic.orbitalia.org\/fr\/wp-json\/wp\/v2\/product_tag?post=31439"}],"curies":[{"name":"wp","href":"https:\/\/api.w.org\/{rel}","templated":true}]}}