{"id":31438,"date":"2025-02-20T22:33:17","date_gmt":"2025-02-20T22:33:17","guid":{"rendered":"https:\/\/olemosaic.orbitalia.org\/producto\/llavero-de-madera-elefante\/"},"modified":"2025-07-25T19:30:29","modified_gmt":"2025-07-25T17:30:29","slug":"porte-cles-en-bois-elephant","status":"publish","type":"product","link":"https:\/\/olemosaic.orbitalia.org\/fr\/produit\/porte-cles-en-bois-elephant\/","title":{"rendered":"Porte-cl\u00e9s en bois. \u00c9l\u00e9phant."},"content":{"rendered":"<p>Ce porte-cl\u00e9s en bois en forme d&rsquo;\u00e9l\u00e9phant est un reflet authentique de la riche tradition artistique espagnole, id\u00e9al pour ceux qui souhaitent emporter un petit morceau d&rsquo;Espagne avec eux. Avec un design vibrant, cet accessoire attrayant se distingue par sa d\u00e9coration color\u00e9e, qui int\u00e8gre des motifs floraux et g\u00e9om\u00e9triques dans des tons de rouge, jaune, bleu et gris. La forme attachante de l&rsquo;\u00e9l\u00e9phant, symbole de bonne chance et de force dans diverses cultures, est compl\u00e9t\u00e9e par sa construction en bois, ce qui assure non seulement sa durabilit\u00e9, mais souligne \u00e9galement l&rsquo;authenticit\u00e9 du produit en tant que v\u00e9ritable souvenir.<\/p>\n<p>Les illustrations ornement\u00e9es \u00e9voquent l&rsquo;art populaire espagnol, offrant une connexion intime avec le folklore et la culture locale. Ce porte-cl\u00e9s est un rappel parfait des rues et des march\u00e9s color\u00e9s d&rsquo;Espagne, o\u00f9 l&rsquo;art et la tradition s&rsquo;entrelacent dans chaque coin. La texture et l&rsquo;\u00e9clat du bois, associ\u00e9s au design complexe, font de ce porte-cl\u00e9s une excellente option pour les touristes \u00e0 la recherche de souvenirs authentiques et repr\u00e9sentatifs de leur exp\u00e9rience dans le pays.<\/p>\n<p>Chez Ol\u00e9 Mosaic, nous sommes experts dans la distribution de souvenirs en gros, et ce porte-cl\u00e9s \u00e9l\u00e9phant est une magnifique option pour les boutiques de cadeaux touristiques souhaitant proposer des produits qui c\u00e9l\u00e8brent la richesse culturelle espagnole. Alliant design et fonctionnalit\u00e9, ce porte-cl\u00e9s en bois se positionne comme un cadeau id\u00e9al qui ravira tout amateur d&rsquo;art et de culture.<\/p>\n","protected":false},"excerpt":{"rendered":"<p>Porte-cl\u00e9s en bois en forme d&rsquo;\u00e9l\u00e9phant, orn\u00e9 de motifs d\u00e9coratifs color\u00e9s \u00e9voquant l&rsquo;art traditionnel espagnol. Cet accessoire attrayant pr\u00e9sente un design vibrant avec des motifs floraux et g\u00e9om\u00e9triques, mettant en avant les couleurs rouge, jaune, bleu et gris. Parfait pour se souvenir de votre visite dans les rues color\u00e9es d&rsquo;Espagne, sa construction en bois assure la durabilit\u00e9, tandis que sa forme distinctive en fait un souvenir iconique.<\/p>\n","protected":false},"featured_media":10967,"template":"","meta":{"_acf_changed":false},"product_brand":[],"product_cat":[607],"product_tag":[530],"class_list":{"0":"post-31438","1":"product","2":"type-product","3":"status-publish","4":"has-post-thumbnail","6":"product_cat-porte-cles","7":"product_tag-animaux","8":"pa_motivo-elephants","10":"first","11":"instock","12":"shipping-taxable","13":"product-type-simple"},"acf":[],"_links":{"self":[{"href":"https:\/\/olemosaic.orbitalia.org\/fr\/wp-json\/wp\/v2\/product\/31438","targetHints":{"allow":["GET"]}}],"collection":[{"href":"https:\/\/olemosaic.orbitalia.org\/fr\/wp-json\/wp\/v2\/product"}],"about":[{"href":"https:\/\/olemosaic.orbitalia.org\/fr\/wp-json\/wp\/v2\/types\/product"}],"wp:featuredmedia":[{"embeddable":true,"href":"https:\/\/olemosaic.orbitalia.org\/fr\/wp-json\/wp\/v2\/media\/10967"}],"wp:attachment":[{"href":"https:\/\/olemosaic.orbitalia.org\/fr\/wp-json\/wp\/v2\/media?parent=31438"}],"wp:term":[{"taxonomy":"product_brand","embeddable":true,"href":"https:\/\/olemosaic.orbitalia.org\/fr\/wp-json\/wp\/v2\/product_brand?post=31438"},{"taxonomy":"product_cat","embeddable":true,"href":"https:\/\/olemosaic.orbitalia.org\/fr\/wp-json\/wp\/v2\/product_cat?post=31438"},{"taxonomy":"product_tag","embeddable":true,"href":"https:\/\/olemosaic.orbitalia.org\/fr\/wp-json\/wp\/v2\/product_tag?post=31438"}],"curies":[{"name":"wp","href":"https:\/\/api.w.org\/{rel}","templated":true}]}}