{"id":31437,"date":"2025-02-20T23:33:17","date_gmt":"2025-02-20T22:33:17","guid":{"rendered":"https:\/\/olemosaic.orbitalia.org\/producto\/llavero-de-madera-dromedario-3\/"},"modified":"2025-07-25T19:31:25","modified_gmt":"2025-07-25T17:31:25","slug":"porte-cles-en-bois-dromadaire-3","status":"publish","type":"product","link":"https:\/\/olemosaic.orbitalia.org\/fr\/produit\/porte-cles-en-bois-dromadaire-3\/","title":{"rendered":"Porte-cl\u00e9s en bois. Dromadaire. Canaries."},"content":{"rendered":"<p>Ce porte-cl\u00e9s en bois en forme de dromadaire est une charmante repr\u00e9sentation de l&rsquo;art vibrant de la mosa\u00efque qui caract\u00e9rise la r\u00e9gion espagnole. Peint \u00e0 la main avec soin, ce porte-cl\u00e9s pr\u00e9sente une silhouette stylis\u00e9e du dromadaire, orn\u00e9e d&rsquo;une explosion de couleurs vives, telles que le rouge, le bleu et le jaune, qui refl\u00e8tent le riche h\u00e9ritage artistique et culturel de l&rsquo;Espagne. La texture soign\u00e9e du bois apporte authenticit\u00e9 et chaleur \u00e0 la pi\u00e8ce, en faisant un article non seulement fonctionnel, mais aussi d\u00e9coratif.<\/p>\n<p>Le design du porte-cl\u00e9s \u00e9voque des images des traditions des march\u00e9s et des foires de la r\u00e9gion, o\u00f9 l&rsquo;art de la mosa\u00efque est une forme d&rsquo;expression intemporelle qui souligne la cr\u00e9ativit\u00e9 et l&rsquo;histoire locales. Ce dromadaire devient ainsi un puissant symbole culturel qui nous connecte aux paysages et aux coutumes de l&rsquo;Espagne, faisant de ce porte-cl\u00e9s un souvenir parfait pour les touristes et les voyageurs.<\/p>\n<p>Id\u00e9al comme souvenir pour ceux qui recherchent un souvenir authentique et significatif, ce porte-cl\u00e9s en bois est une option de choix pour les points de vente de cadeaux touristiques. Chez Ol\u00e9 Mosaic, nous nous sp\u00e9cialisons dans la distribution de souvenirs de qualit\u00e9, et ce porte-cl\u00e9s repr\u00e9sente notre d\u00e9vouement \u00e0 l&rsquo;artisanat et \u00e0 la culture locale. En tant que grossistes de souvenirs, nous garantissons que chaque d\u00e9tail compte et que chaque pi\u00e8ce est un morceau d&rsquo;histoire que les voyageurs souhaiteront emporter avec eux.<\/p>\n","protected":false},"excerpt":{"rendered":"<p>Porte-cl\u00e9s en bois en forme de dromadaire, inspir\u00e9 par l&rsquo;art vibrant de la mosa\u00efque caract\u00e9ristique de la r\u00e9gion. Ce porte-cl\u00e9s pr\u00e9sente un design artisanal, peint \u00e0 la main, avec des couleurs vives comme le rouge, le bleu et le jaune, qui compl\u00e8tent la silhouette stylis\u00e9e du dromadaire. Id\u00e9al comme souvenir et d\u00e9tail d\u00e9coratif, sa forme unique refl\u00e8te la richesse culturelle de l&rsquo;Espagne, en faisant un accessoire attrayant et fonctionnel pour les amateurs d&rsquo;artisanat.<\/p>\n","protected":false},"featured_media":10992,"template":"","meta":{"_acf_changed":false},"product_brand":[],"product_cat":[607],"product_tag":[530],"class_list":{"0":"post-31437","1":"product","2":"type-product","3":"status-publish","4":"has-post-thumbnail","6":"product_cat-porte-cles","7":"product_tag-animaux","8":"pa_motivo-dromadaires","10":"first","11":"instock","12":"shipping-taxable","13":"product-type-simple"},"acf":[],"_links":{"self":[{"href":"https:\/\/olemosaic.orbitalia.org\/fr\/wp-json\/wp\/v2\/product\/31437","targetHints":{"allow":["GET"]}}],"collection":[{"href":"https:\/\/olemosaic.orbitalia.org\/fr\/wp-json\/wp\/v2\/product"}],"about":[{"href":"https:\/\/olemosaic.orbitalia.org\/fr\/wp-json\/wp\/v2\/types\/product"}],"wp:featuredmedia":[{"embeddable":true,"href":"https:\/\/olemosaic.orbitalia.org\/fr\/wp-json\/wp\/v2\/media\/10992"}],"wp:attachment":[{"href":"https:\/\/olemosaic.orbitalia.org\/fr\/wp-json\/wp\/v2\/media?parent=31437"}],"wp:term":[{"taxonomy":"product_brand","embeddable":true,"href":"https:\/\/olemosaic.orbitalia.org\/fr\/wp-json\/wp\/v2\/product_brand?post=31437"},{"taxonomy":"product_cat","embeddable":true,"href":"https:\/\/olemosaic.orbitalia.org\/fr\/wp-json\/wp\/v2\/product_cat?post=31437"},{"taxonomy":"product_tag","embeddable":true,"href":"https:\/\/olemosaic.orbitalia.org\/fr\/wp-json\/wp\/v2\/product_tag?post=31437"}],"curies":[{"name":"wp","href":"https:\/\/api.w.org\/{rel}","templated":true}]}}