{"id":31436,"date":"2025-02-20T23:33:17","date_gmt":"2025-02-20T22:33:17","guid":{"rendered":"https:\/\/olemosaic.orbitalia.org\/producto\/llavero-de-madera-dromedario-2\/"},"modified":"2025-07-25T19:11:31","modified_gmt":"2025-07-25T17:11:31","slug":"porte-cles-en-bois-dromadaire-2","status":"publish","type":"product","link":"https:\/\/olemosaic.orbitalia.org\/fr\/produit\/porte-cles-en-bois-dromadaire-2\/","title":{"rendered":"Porte-cl\u00e9s en bois. Dromadaire. Andalousie."},"content":{"rendered":"<p>Ce porte-cl\u00e9s en bois en forme de dromadaire est un charmant souvenir qui capture l&rsquo;essence culturelle de l&rsquo;Andalousie. Avec un design vibrant et color\u00e9, ce porte-cl\u00e9s pr\u00e9sente des motifs de c\u00e9ramique andalouse qui \u00e9voquent la riche tradition artistique de la r\u00e9gion. Peint \u00e0 la main, chaque dromadaire est orn\u00e9 de motifs floraux dans des tons bleus, oranges et rouges, qui ajoutent non seulement une touche joyeuse, mais refl\u00e8tent \u00e9galement la biodiversit\u00e9 et la chaleur de la culture espagnole.<\/p>\n<p>La figure du dromadaire, symbole de la connexion de l&rsquo;Andalousie avec les routes commerciales et l&rsquo;histoire, fait de ce porte-cl\u00e9s un souvenir repr\u00e9sentatif des voyages dans le sud de l&rsquo;Espagne. Son design fonctionnel le rend parfait pour se souvenir de vos aventures, tandis que sa qualit\u00e9 artisanale garantit une durabilit\u00e9 exceptionnelle. Ce porte-cl\u00e9s n&rsquo;est pas seulement un accessoire, mais un morceau de folklore que vous pouvez emporter avec vous, id\u00e9al pour orner vos cl\u00e9s ou sacs \u00e0 dos avec une touche d&rsquo;authenticit\u00e9.<\/p>\n<p>Chez Ol\u00e9 Mosaic, nous sommes fiers de proposer des souvenirs authentiques en gros qui mettent en valeur la richesse culturelle de l&rsquo;Espagne. Ce porte-cl\u00e9s dromadaire est une excellente option pour les boutiques de cadeaux touristiques \u00e0 la recherche de produits uniques et repr\u00e9sentatifs. En tant que distributeurs de souvenirs, nous garantissons la qualit\u00e9 et l&rsquo;originalit\u00e9 de chaque pi\u00e8ce.<\/p>\n","protected":false},"excerpt":{"rendered":"<p>Porte-cl\u00e9s en bois en forme de dromadaire, d\u00e9cor\u00e9 de motifs vibrants de c\u00e9ramique andalouse \u00e9voquant la richesse culturelle de la r\u00e9gion. Le design peint comprend des motifs floraux dans des tons bleus, oranges et rouges, apportant une touche artistique et joyeuse. Id\u00e9al pour se souvenir des voyages en Espagne, ce porte-cl\u00e9s est une pi\u00e8ce fonctionnelle et unique, parfaite pour ajouter une touche de folklore \u00e0 vos cl\u00e9s ou sacs \u00e0 dos.<\/p>\n","protected":false},"featured_media":10968,"template":"","meta":{"_acf_changed":false},"product_brand":[],"product_cat":[607],"product_tag":[530],"class_list":{"0":"post-31436","1":"product","2":"type-product","3":"status-publish","4":"has-post-thumbnail","6":"product_cat-porte-cles","7":"product_tag-animaux","8":"pa_motivo-dromadaires","10":"first","11":"instock","12":"shipping-taxable","13":"product-type-simple"},"acf":[],"_links":{"self":[{"href":"https:\/\/olemosaic.orbitalia.org\/fr\/wp-json\/wp\/v2\/product\/31436","targetHints":{"allow":["GET"]}}],"collection":[{"href":"https:\/\/olemosaic.orbitalia.org\/fr\/wp-json\/wp\/v2\/product"}],"about":[{"href":"https:\/\/olemosaic.orbitalia.org\/fr\/wp-json\/wp\/v2\/types\/product"}],"wp:featuredmedia":[{"embeddable":true,"href":"https:\/\/olemosaic.orbitalia.org\/fr\/wp-json\/wp\/v2\/media\/10968"}],"wp:attachment":[{"href":"https:\/\/olemosaic.orbitalia.org\/fr\/wp-json\/wp\/v2\/media?parent=31436"}],"wp:term":[{"taxonomy":"product_brand","embeddable":true,"href":"https:\/\/olemosaic.orbitalia.org\/fr\/wp-json\/wp\/v2\/product_brand?post=31436"},{"taxonomy":"product_cat","embeddable":true,"href":"https:\/\/olemosaic.orbitalia.org\/fr\/wp-json\/wp\/v2\/product_cat?post=31436"},{"taxonomy":"product_tag","embeddable":true,"href":"https:\/\/olemosaic.orbitalia.org\/fr\/wp-json\/wp\/v2\/product_tag?post=31436"}],"curies":[{"name":"wp","href":"https:\/\/api.w.org\/{rel}","templated":true}]}}