{"id":31435,"date":"2025-02-20T23:33:16","date_gmt":"2025-02-20T22:33:16","guid":{"rendered":"https:\/\/olemosaic.orbitalia.org\/producto\/llavero-de-madera-delfin-3\/"},"modified":"2025-07-25T18:58:24","modified_gmt":"2025-07-25T16:58:24","slug":"porte-cles-en-bois-dauphin-3","status":"publish","type":"product","link":"https:\/\/olemosaic.orbitalia.org\/fr\/produit\/porte-cles-en-bois-dauphin-3\/","title":{"rendered":"Porte-cl\u00e9s en bois. Dauphin. Style m\u00e9diterran\u00e9en."},"content":{"rendered":"<p>Ce porte-cl\u00e9s en bois en forme de dauphin est une pi\u00e8ce unique qui capture l&rsquo;essence de la M\u00e9diterran\u00e9e. Con\u00e7u avec une mosa\u00efque multicolore vibrante, il \u00e9voque la beaut\u00e9 de l&rsquo;oc\u00e9an avec une gamme de teintes intenses, telles que les rouges, jaunes, bleus et verts, qui repr\u00e9sentent la joie et le dynamisme de la vie marine. Sa finition lisse et le soin artisanal soulignent sa haute qualit\u00e9, transformant chaque porte-cl\u00e9s non seulement en un accessoire fonctionnel, mais aussi en un objet d\u00e9coratif authentique. Les \u00e9cailles d\u00e9licates du dauphin illustrent le savoir-faire des artisans, transformant ce souvenir en un symbole de l&rsquo;art classique adapt\u00e9 \u00e0 un design contemporain.<\/p>\n<p>Ce porte-cl\u00e9s est parfait pour se souvenir des c\u00f4tes et de la culture de la M\u00e9diterran\u00e9e, \u00e9tant une option id\u00e9ale pour les touristes souhaitant emporter un morceau de leur exp\u00e9rience. Son design attrayant et joyeux en fait un cadeau original et significatif, id\u00e9al pour ceux qui appr\u00e9cient les souvenirs authentiques de leurs voyages. Chez Ol\u00e9 Mosaic, nous nous sp\u00e9cialisons dans la distribution de souvenirs en gros, offrant des produits qui se distinguent par leur qualit\u00e9 et leur repr\u00e9sentativit\u00e9. Ce porte-cl\u00e9s dauphin est un excellent choix pour les boutiques de cadeaux touristiques, car il combine art, fonctionnalit\u00e9 et un sentiment d&rsquo;appartenance au patrimoine culturel m\u00e9diterran\u00e9en.<\/p>\n","protected":false},"excerpt":{"rendered":"<p>Porte-cl\u00e9s en bois en forme de dauphin, con\u00e7u avec une mosa\u00efque multicolore vibrante \u00e9voquant la beaut\u00e9 de l&rsquo;oc\u00e9an. Ce porte-cl\u00e9s se distingue par sa fabrication artisanale, avec une finition lisse et des d\u00e9tails repr\u00e9sentant des \u00e9cailles dans des tons rouges, jaunes, bleus et verts. Parfait pour se souvenir des c\u00f4tes m\u00e9diterran\u00e9ennes, chaque pi\u00e8ce combine art classique et fonctionnalit\u00e9, id\u00e9al comme souvenir d&rsquo;\u00e9t\u00e9 ou cadeau original.<\/p>\n","protected":false},"featured_media":10628,"template":"","meta":{"_acf_changed":false},"product_brand":[],"product_cat":[607],"product_tag":[530],"class_list":{"0":"post-31435","1":"product","2":"type-product","3":"status-publish","4":"has-post-thumbnail","6":"product_cat-porte-cles","7":"product_tag-animaux","8":"pa_motivo-dauphins","10":"first","11":"instock","12":"shipping-taxable","13":"product-type-simple"},"acf":[],"_links":{"self":[{"href":"https:\/\/olemosaic.orbitalia.org\/fr\/wp-json\/wp\/v2\/product\/31435","targetHints":{"allow":["GET"]}}],"collection":[{"href":"https:\/\/olemosaic.orbitalia.org\/fr\/wp-json\/wp\/v2\/product"}],"about":[{"href":"https:\/\/olemosaic.orbitalia.org\/fr\/wp-json\/wp\/v2\/types\/product"}],"wp:featuredmedia":[{"embeddable":true,"href":"https:\/\/olemosaic.orbitalia.org\/fr\/wp-json\/wp\/v2\/media\/10628"}],"wp:attachment":[{"href":"https:\/\/olemosaic.orbitalia.org\/fr\/wp-json\/wp\/v2\/media?parent=31435"}],"wp:term":[{"taxonomy":"product_brand","embeddable":true,"href":"https:\/\/olemosaic.orbitalia.org\/fr\/wp-json\/wp\/v2\/product_brand?post=31435"},{"taxonomy":"product_cat","embeddable":true,"href":"https:\/\/olemosaic.orbitalia.org\/fr\/wp-json\/wp\/v2\/product_cat?post=31435"},{"taxonomy":"product_tag","embeddable":true,"href":"https:\/\/olemosaic.orbitalia.org\/fr\/wp-json\/wp\/v2\/product_tag?post=31435"}],"curies":[{"name":"wp","href":"https:\/\/api.w.org\/{rel}","templated":true}]}}