{"id":31434,"date":"2025-02-20T23:33:16","date_gmt":"2025-02-20T22:33:16","guid":{"rendered":"https:\/\/olemosaic.orbitalia.org\/producto\/llavero-de-madera-delfin-2\/"},"modified":"2025-07-25T19:04:57","modified_gmt":"2025-07-25T17:04:57","slug":"porte-cles-en-bois-dauphin-2","status":"publish","type":"product","link":"https:\/\/olemosaic.orbitalia.org\/fr\/produit\/porte-cles-en-bois-dauphin-2\/","title":{"rendered":"Porte-cl\u00e9s en bois. Dauphin. Azulejos espagnols."},"content":{"rendered":"<p>Ce porte-cl\u00e9s en bois en forme de dauphin est un souvenir charmant qui capture l&rsquo;essence du folklore marin des c\u00f4tes m\u00e9diterran\u00e9ennes. Son design vibrant pr\u00e9sente une finition distinctive avec des d\u00e9tails ornementaux rappelant les azulejos espagnols traditionnels, d\u00e9cor\u00e9 de motifs floraux dans une palette de couleurs exquise comprenant des bleus profonds, des jaunes ensoleill\u00e9s et des rouges intenses. Chaque porte-cl\u00e9s est une \u0153uvre d&rsquo;art en soi, combinant la beaut\u00e9 naturelle du dauphin avec la richesse artisanale de la culture c\u00f4ti\u00e8re.<\/p>\n<p>La forme stylis\u00e9e du dauphin symbolise la joie et l&rsquo;esprit de la mer, transformant cet accessoire non seulement en un objet pratique, mais aussi en un rappel des aventures au bord de l&rsquo;oc\u00e9an. \u00c9quip\u00e9 d&rsquo;un anneau m\u00e9tallique robuste, il est id\u00e9al pour transporter les cl\u00e9s en toute s\u00e9curit\u00e9 ou comme un ornement attrayant sur les sacs \u00e0 dos et les sacs. Ce porte-cl\u00e9s est un souvenir parfait pour tout touriste souhaitant emporter un morceau de la culture m\u00e9diterran\u00e9enne, \u00e9voquant la beaut\u00e9 de la mer et sa diversit\u00e9.<\/p>\n<p>Chez Ol\u00e9 Mosaic, nous nous sp\u00e9cialisons dans la distribution de souvenirs en gros qui poss\u00e8dent l&rsquo;authenticit\u00e9 et la valeur culturelle n\u00e9cessaires. Ce porte-cl\u00e9s en bois en forme de dauphin est une excellente opportunit\u00e9 pour les boutiques de cadeaux touristiques \u00e0 la recherche de produits repr\u00e9sentatifs et de qualit\u00e9. Avec son design unique, il devient un incontournable de tout voyage sur les c\u00f4tes espagnoles.<\/p>\n","protected":false},"excerpt":{"rendered":"<p>Porte-cl\u00e9s en bois en forme de dauphin, con\u00e7u pour capturer l&rsquo;essence du folklore marin. Ce porte-cl\u00e9s attrayant pr\u00e9sente une finition color\u00e9e avec des d\u00e9tails ornementaux inspir\u00e9s des azulejos traditionnels, mettant en avant des motifs floraux dans des tons bleus, jaunes et rouges. Avec un anneau m\u00e9tallique r\u00e9sistant, il est pratique et l\u00e9ger, parfait pour porter les cl\u00e9s ou comme d\u00e9coration. Un souvenir id\u00e9al qui \u00e9voque la beaut\u00e9 de la mer et la culture m\u00e9diterran\u00e9enne.<\/p>\n","protected":false},"featured_media":10958,"template":"","meta":{"_acf_changed":false},"product_brand":[],"product_cat":[607],"product_tag":[530],"class_list":{"0":"post-31434","1":"product","2":"type-product","3":"status-publish","4":"has-post-thumbnail","6":"product_cat-porte-cles","7":"product_tag-animaux","8":"pa_motivo-dauphins","10":"first","11":"instock","12":"shipping-taxable","13":"product-type-simple"},"acf":[],"_links":{"self":[{"href":"https:\/\/olemosaic.orbitalia.org\/fr\/wp-json\/wp\/v2\/product\/31434","targetHints":{"allow":["GET"]}}],"collection":[{"href":"https:\/\/olemosaic.orbitalia.org\/fr\/wp-json\/wp\/v2\/product"}],"about":[{"href":"https:\/\/olemosaic.orbitalia.org\/fr\/wp-json\/wp\/v2\/types\/product"}],"wp:featuredmedia":[{"embeddable":true,"href":"https:\/\/olemosaic.orbitalia.org\/fr\/wp-json\/wp\/v2\/media\/10958"}],"wp:attachment":[{"href":"https:\/\/olemosaic.orbitalia.org\/fr\/wp-json\/wp\/v2\/media?parent=31434"}],"wp:term":[{"taxonomy":"product_brand","embeddable":true,"href":"https:\/\/olemosaic.orbitalia.org\/fr\/wp-json\/wp\/v2\/product_brand?post=31434"},{"taxonomy":"product_cat","embeddable":true,"href":"https:\/\/olemosaic.orbitalia.org\/fr\/wp-json\/wp\/v2\/product_cat?post=31434"},{"taxonomy":"product_tag","embeddable":true,"href":"https:\/\/olemosaic.orbitalia.org\/fr\/wp-json\/wp\/v2\/product_tag?post=31434"}],"curies":[{"name":"wp","href":"https:\/\/api.w.org\/{rel}","templated":true}]}}