{"id":31425,"date":"2025-02-20T22:33:16","date_gmt":"2025-02-20T22:33:16","guid":{"rendered":"https:\/\/olemosaic.orbitalia.org\/producto\/llavero-de-madera-buho\/"},"modified":"2025-07-25T19:24:10","modified_gmt":"2025-07-25T17:24:10","slug":"porte-cles-en-bois-hibou","status":"publish","type":"product","link":"https:\/\/olemosaic.orbitalia.org\/fr\/produit\/porte-cles-en-bois-hibou\/","title":{"rendered":"Porte-cl\u00e9s en bois. Hibou."},"content":{"rendered":"<p>Ce porte-cl\u00e9s en bois en forme de hibou est un souvenir spectaculaire qui incarne l&rsquo;essence de l&rsquo;art m\u00e9diterran\u00e9en, en particulier le c\u00e9l\u00e8bre trencad\u00eds qui caract\u00e9rise de nombreuses \u0153uvres architecturales espagnoles. Avec un design vibrant et d\u00e9taill\u00e9, ce porte-cl\u00e9s pr\u00e9sente un hibou d\u00e9cor\u00e9 d&rsquo;une explosion de couleurs vives : rouge, bleu, vert et jaune, qui s&rsquo;entrelacent dans une esth\u00e9tique ludique, compl\u00e9t\u00e9e par un contour noir qui accentue sa silhouette stylis\u00e9e. L&rsquo;artisanat de ce porte-cl\u00e9s le rend non seulement attrayant \u00e0 l&rsquo;\u0153il, mais apporte \u00e9galement une touche de tradition et de culture, \u00e9tant fabriqu\u00e9 en bois, un mat\u00e9riau embl\u00e9matique de l&rsquo;artisanat espagnol.<\/p>\n<p>Ce porte-cl\u00e9s n&rsquo;est pas seulement un accessoire fonctionnel, il devient un souvenir significatif pour ceux qui visitent l&rsquo;Espagne. Les hiboux sont des symboles de sagesse et de myst\u00e8re dans de nombreuses cultures, et ce design ne repr\u00e9sente pas seulement un animal fascinant, mais refl\u00e8te \u00e9galement l&rsquo;amour pour l&rsquo;art et l&rsquo;artisanat typiques de la r\u00e9gion. Chez Ol\u00e9 Mosaic, nous proposons ce porte-cl\u00e9s hibou dans le cadre de notre s\u00e9lection exclusive de souvenirs, garantissant que chaque pi\u00e8ce est authentique et pertinente pour les touristes cherchant \u00e0 se souvenir de leur exp\u00e9rience m\u00e9diterran\u00e9enne. Ce porte-cl\u00e9s en bois est un choix id\u00e9al pour les boutiques de cadeaux touristiques souhaitant offrir des produits uniques et repr\u00e9sentatifs de la culture espagnole.<\/p>\n","protected":false},"excerpt":{"rendered":"<p>Porte-cl\u00e9s en bois en forme de hibou, \u00e9labor\u00e9 avec un design color\u00e9 inspir\u00e9 de l&rsquo;art du trencad\u00eds. Ce porte-cl\u00e9s attrayant pr\u00e9sente un hibou d\u00e9cor\u00e9 d&rsquo;une multitude de couleurs vives, comme le rouge, le bleu et le vert, et un contour noir qui souligne sa forme stylis\u00e9e. Id\u00e9al comme souvenir d&rsquo;Espagne, ce porte-cl\u00e9s allie fonctionnalit\u00e9 et esth\u00e9tique, en faisant un cadeau parfait pour les amoureux de la culture m\u00e9diterran\u00e9enne.<\/p>\n","protected":false},"featured_media":10988,"template":"","meta":{"_acf_changed":false},"product_brand":[],"product_cat":[607],"product_tag":[530],"class_list":{"0":"post-31425","1":"product","2":"type-product","3":"status-publish","4":"has-post-thumbnail","6":"product_cat-porte-cles","7":"product_tag-animaux","8":"pa_motivo-hiboux","10":"first","11":"instock","12":"shipping-taxable","13":"product-type-simple"},"acf":[],"_links":{"self":[{"href":"https:\/\/olemosaic.orbitalia.org\/fr\/wp-json\/wp\/v2\/product\/31425","targetHints":{"allow":["GET"]}}],"collection":[{"href":"https:\/\/olemosaic.orbitalia.org\/fr\/wp-json\/wp\/v2\/product"}],"about":[{"href":"https:\/\/olemosaic.orbitalia.org\/fr\/wp-json\/wp\/v2\/types\/product"}],"wp:featuredmedia":[{"embeddable":true,"href":"https:\/\/olemosaic.orbitalia.org\/fr\/wp-json\/wp\/v2\/media\/10988"}],"wp:attachment":[{"href":"https:\/\/olemosaic.orbitalia.org\/fr\/wp-json\/wp\/v2\/media?parent=31425"}],"wp:term":[{"taxonomy":"product_brand","embeddable":true,"href":"https:\/\/olemosaic.orbitalia.org\/fr\/wp-json\/wp\/v2\/product_brand?post=31425"},{"taxonomy":"product_cat","embeddable":true,"href":"https:\/\/olemosaic.orbitalia.org\/fr\/wp-json\/wp\/v2\/product_cat?post=31425"},{"taxonomy":"product_tag","embeddable":true,"href":"https:\/\/olemosaic.orbitalia.org\/fr\/wp-json\/wp\/v2\/product_tag?post=31425"}],"curies":[{"name":"wp","href":"https:\/\/api.w.org\/{rel}","templated":true}]}}