{"id":31424,"date":"2025-02-20T23:33:15","date_gmt":"2025-02-20T22:33:15","guid":{"rendered":"https:\/\/olemosaic.orbitalia.org\/producto\/llavero-de-madera-salamandra-2\/"},"modified":"2025-07-25T19:59:08","modified_gmt":"2025-07-25T17:59:08","slug":"porte-cles-en-bois-salamandre-2","status":"publish","type":"product","link":"https:\/\/olemosaic.orbitalia.org\/fr\/produit\/porte-cles-en-bois-salamandre-2\/","title":{"rendered":"Porte-cl\u00e9s en bois. Salamandre. Espagne."},"content":{"rendered":"<p>Ce porte-cl\u00e9s en bois, d\u00e9cor\u00e9 d&rsquo;une salamandre color\u00e9e, est un v\u00e9ritable symbole du folklore espagnol, id\u00e9al pour ceux qui recherchent un souvenir repr\u00e9sentatif de leur visite. Fabriqu\u00e9 en bois, ce porte-cl\u00e9s se distingue par son design vibrant qui combine des tons bleus, verts et rouges dans des motifs g\u00e9om\u00e9triques fascinants. La salamandre, repr\u00e9sent\u00e9e de mani\u00e8re charmante et artistique, n&rsquo;est pas seulement un \u00e9l\u00e9ment distinctif de la faune locale, mais aussi un symbole de transformation et de r\u00e9g\u00e9n\u00e9ration dans de nombreuses cultures.<\/p>\n<p>Le soin apport\u00e9 \u00e0 la fabrication de ce porte-cl\u00e9s se refl\u00e8te dans chaque d\u00e9tail de son design color\u00e9, qui capture l&rsquo;essence de l&rsquo;art populaire espagnol, en faisant un souvenir parfait pour les touristes et les amateurs d&rsquo;artisanat. Sa taille compacte le rend pratique et portable, id\u00e9al \u00e0 transporter dans un sac \u00e0 dos ou un sac \u00e0 main, gardant les cl\u00e9s organis\u00e9es tout en profitant d&rsquo;une pi\u00e8ce de la riche tradition espagnole.<\/p>\n<p>Chez Ol\u00e9 Mosaic, nous sommes fiers de proposer des souvenirs authentiques qui refl\u00e8tent la culture et l&rsquo;art local. Ce porte-cl\u00e9s salamandre est une excellente option pour les boutiques de cadeaux touristiques \u00e0 la recherche de produits uniques et de haute qualit\u00e9. En tant que distributeur de souvenirs en gros, nous garantissons que chaque pi\u00e8ce est un souvenir m\u00e9morable c\u00e9l\u00e9brant l&rsquo;identit\u00e9 culturelle de l&rsquo;Espagne, ce qui en fait le cadeau parfait pour ceux qui souhaitent emporter un morceau de leur exp\u00e9rience.<\/p>\n","protected":false},"excerpt":{"rendered":"<p>Porte-cl\u00e9s en bois d\u00e9cor\u00e9 d&rsquo;une salamandre color\u00e9e, symbole iconique de la culture espagnole. Ce porte-cl\u00e9s frappant, fabriqu\u00e9 en bois, se distingue par son design d\u00e9taill\u00e9 et pr\u00e9sente une palette vari\u00e9e de couleurs vives, telles que le bleu, le vert et le rouge, dispos\u00e9es en tons g\u00e9om\u00e9triques. Le motif de la salamandre, repr\u00e9sent\u00e9 avec un style charmant et artistique, capture l&rsquo;essence du folklore local, en faisant un souvenir parfait pour les amateurs d&rsquo;artisanat espagnol.<\/p>\n","protected":false},"featured_media":10712,"template":"","meta":{"_acf_changed":false},"product_brand":[],"product_cat":[607],"product_tag":[530],"class_list":{"0":"post-31424","1":"product","2":"type-product","3":"status-publish","4":"has-post-thumbnail","6":"product_cat-porte-cles","7":"product_tag-animaux","8":"pa_motivo-salamandres","10":"first","11":"instock","12":"shipping-taxable","13":"product-type-simple"},"acf":[],"_links":{"self":[{"href":"https:\/\/olemosaic.orbitalia.org\/fr\/wp-json\/wp\/v2\/product\/31424","targetHints":{"allow":["GET"]}}],"collection":[{"href":"https:\/\/olemosaic.orbitalia.org\/fr\/wp-json\/wp\/v2\/product"}],"about":[{"href":"https:\/\/olemosaic.orbitalia.org\/fr\/wp-json\/wp\/v2\/types\/product"}],"wp:featuredmedia":[{"embeddable":true,"href":"https:\/\/olemosaic.orbitalia.org\/fr\/wp-json\/wp\/v2\/media\/10712"}],"wp:attachment":[{"href":"https:\/\/olemosaic.orbitalia.org\/fr\/wp-json\/wp\/v2\/media?parent=31424"}],"wp:term":[{"taxonomy":"product_brand","embeddable":true,"href":"https:\/\/olemosaic.orbitalia.org\/fr\/wp-json\/wp\/v2\/product_brand?post=31424"},{"taxonomy":"product_cat","embeddable":true,"href":"https:\/\/olemosaic.orbitalia.org\/fr\/wp-json\/wp\/v2\/product_cat?post=31424"},{"taxonomy":"product_tag","embeddable":true,"href":"https:\/\/olemosaic.orbitalia.org\/fr\/wp-json\/wp\/v2\/product_tag?post=31424"}],"curies":[{"name":"wp","href":"https:\/\/api.w.org\/{rel}","templated":true}]}}