{"id":31422,"date":"2025-02-20T23:33:15","date_gmt":"2025-02-20T22:33:15","guid":{"rendered":"https:\/\/olemosaic.orbitalia.org\/producto\/llavero-de-madera-panoramica-barcelona-2\/"},"modified":"2025-07-25T20:35:14","modified_gmt":"2025-07-25T18:35:14","slug":"porte-cles-en-bois-panoramique-barcelone-2","status":"publish","type":"product","link":"https:\/\/olemosaic.orbitalia.org\/fr\/produit\/porte-cles-en-bois-panoramique-barcelone-2\/","title":{"rendered":"Porte-cl\u00e9s en bois. Panoramique. Sagrada Familia. Barcelone."},"content":{"rendered":"<p>Ce porte-cl\u00e9s en bois avec un panorama vibrant de Barcelone est un accessoire indispensable pour ceux qui souhaitent emporter avec eux un petit morceau de la merveilleuse cit\u00e9 comtale. Son design caricatural capture l&rsquo;essence de Barcelone, pr\u00e9sentant une repr\u00e9sentation artistique de ses monuments embl\u00e9matiques, comme la majestueuse Sagrada Familia, aux c\u00f4t\u00e9s d&rsquo;autres ic\u00f4nes architecturales reconnaissables qui font de cette ville une destination si unique. Peint \u00e0 la main, ce porte-cl\u00e9s se distingue par ses couleurs \u00e9clatantes et son trait artistique, qui apportent un air festif et joyeux, id\u00e9al pour se souvenir des moments sp\u00e9ciaux v\u00e9cus dans la ville.<\/p>\n<p>Les d\u00e9tails floraux qui entourent l&rsquo;image ajoutent non seulement une touche esth\u00e9tique, mais refl\u00e8tent \u00e9galement le caract\u00e8re vibrant de la culture catalane. Ce porte-cl\u00e9s n&rsquo;est pas seulement un objet utilitaire, il devient aussi un authentique souvenir de Barcelone, parfait pour ceux qui souhaitent se rem\u00e9morer leur visite ou offrir un cadeau sp\u00e9cial \u00e0 leurs proches. Chez Ol\u00e9 Mosaic, en tant que grossistes de souvenirs, nous proposons ce porte-cl\u00e9s en bois comme une excellente option pour les boutiques de cadeaux touristiques, garantissant authenticit\u00e9 et qualit\u00e9 dans chaque pi\u00e8ce. C&rsquo;est sans aucun doute un souvenir significatif qui capture la beaut\u00e9 et le charme de Barcelone, id\u00e9al pour tout touriste souhaitant emporter un morceau de la ville.<\/p>\n","protected":false},"excerpt":{"rendered":"<p>Porte-cl\u00e9s en bois avec un panorama vibrant de Barcelone qui capture l&rsquo;essence de la ville dans un design color\u00e9 et caricatural. Ce porte-cl\u00e9s pr\u00e9sente une repr\u00e9sentation de monuments embl\u00e9matiques, comme la Sagrada Familia, et d&rsquo;autres \u00e9l\u00e9ments architecturaux reconnaissables, entour\u00e9s de d\u00e9tails floraux. Peint avec un style artisanal, il se distingue par l&rsquo;utilisation de couleurs vives et un trait artistique qui en font un souvenir unique et attrayant de la Cit\u00e9 Comtale.<\/p>\n","protected":false},"featured_media":10444,"template":"","meta":{"_acf_changed":false},"product_brand":[],"product_cat":[607],"product_tag":[],"class_list":{"0":"post-31422","1":"product","2":"type-product","3":"status-publish","4":"has-post-thumbnail","6":"product_cat-porte-cles","7":"pa_ciudad-barcelona","8":"pa_motivo-panoramas","9":"pa_pais-espana","11":"first","12":"instock","13":"shipping-taxable","14":"product-type-simple"},"acf":[],"_links":{"self":[{"href":"https:\/\/olemosaic.orbitalia.org\/fr\/wp-json\/wp\/v2\/product\/31422","targetHints":{"allow":["GET"]}}],"collection":[{"href":"https:\/\/olemosaic.orbitalia.org\/fr\/wp-json\/wp\/v2\/product"}],"about":[{"href":"https:\/\/olemosaic.orbitalia.org\/fr\/wp-json\/wp\/v2\/types\/product"}],"wp:featuredmedia":[{"embeddable":true,"href":"https:\/\/olemosaic.orbitalia.org\/fr\/wp-json\/wp\/v2\/media\/10444"}],"wp:attachment":[{"href":"https:\/\/olemosaic.orbitalia.org\/fr\/wp-json\/wp\/v2\/media?parent=31422"}],"wp:term":[{"taxonomy":"product_brand","embeddable":true,"href":"https:\/\/olemosaic.orbitalia.org\/fr\/wp-json\/wp\/v2\/product_brand?post=31422"},{"taxonomy":"product_cat","embeddable":true,"href":"https:\/\/olemosaic.orbitalia.org\/fr\/wp-json\/wp\/v2\/product_cat?post=31422"},{"taxonomy":"product_tag","embeddable":true,"href":"https:\/\/olemosaic.orbitalia.org\/fr\/wp-json\/wp\/v2\/product_tag?post=31422"}],"curies":[{"name":"wp","href":"https:\/\/api.w.org\/{rel}","templated":true}]}}