{"id":31390,"date":"2025-02-20T23:33:15","date_gmt":"2025-02-20T22:33:15","guid":{"rendered":"https:\/\/olemosaic.orbitalia.org\/producto\/llavero-de-madera-panoramica-barcelona\/"},"modified":"2025-07-25T19:09:10","modified_gmt":"2025-07-25T17:09:10","slug":"porte-cles-en-bois-panoramique-barcelone","status":"publish","type":"product","link":"https:\/\/olemosaic.orbitalia.org\/fr\/produit\/porte-cles-en-bois-panoramique-barcelone\/","title":{"rendered":"Porte-cl\u00e9s en bois. Panoramique. Barcelone."},"content":{"rendered":"<p>Ce porte-cl\u00e9s en bois, avec une vue panoramique color\u00e9e de Barcelone, est un souvenir unique qui encapsule l&rsquo;essence vibrante de la cit\u00e9 comtale. Con\u00e7u avec un style artistique charmant, il pr\u00e9sente une repr\u00e9sentation de monuments embl\u00e9matiques tels que la majestueuse Sagrada Familia et la Casa Batll\u00f3, entour\u00e9s de mosa\u00efques aux tons brillants qui \u00e9voquent le chef-d&rsquo;\u0153uvre de Gaud\u00ed. La pi\u00e8ce, d\u00e9cor\u00e9e d&rsquo;un soleil radieux, porte \u00e9galement le nom \u00ab\u00a0Barcelone\u00a0\u00bb imprim\u00e9 en lettres joyeuses, ajoutant une touche festive \u00e0 sa pr\u00e9sentation.<\/p>\n<p>Confectionn\u00e9 avec du bois de haute qualit\u00e9, ce porte-cl\u00e9s est non seulement fonctionnel, mais aussi un authentique souvenir qui refl\u00e8te la riche culture et l&rsquo;architecture de Barcelone. Id\u00e9al pour les touristes et les visiteurs, il devient un incontournable pour emporter un petit morceau de la ville n&rsquo;importe o\u00f9. Ce porte-cl\u00e9s repr\u00e9sente \u00e9galement le lien profond que les visiteurs entretiennent avec les monuments de la ville, ce qui en fait une excellente option pour ceux qui recherchent un souvenir significatif.<\/p>\n<p>Chez Ol\u00e9 Mosaic, nous sommes distributeurs de souvenirs authentiques et proposons des porte-cl\u00e9s en bois de Barcelone, entre autres produits repr\u00e9sentatifs qui mettent en valeur la culture locale. Ce porte-cl\u00e9s est parfait pour les boutiques de cadeaux touristiques qui souhaitent offrir des produits de qualit\u00e9, ax\u00e9s sur le patrimoine culturel et l&rsquo;artisanat.<\/p>\n","protected":false},"excerpt":{"rendered":"<p>Porte-cl\u00e9s en bois avec une vue panoramique color\u00e9e de Barcelone qui capture l&rsquo;essence de la ville. Ce design vibrant pr\u00e9sente des monuments embl\u00e9matiques tels que la Sagrada Familia et la Casa Batll\u00f3, entour\u00e9s de mosa\u00efques color\u00e9es. La pi\u00e8ce est d\u00e9cor\u00e9e d&rsquo;un soleil radieux et du nom \u00ab\u00a0Barcelone\u00a0\u00bb imprim\u00e9 avec des lettres joyeuses, ce qui en fait un souvenir parfait de la ville. Id\u00e9al pour emporter un petit morceau de Barcelone partout o\u00f9 vous allez.<\/p>\n","protected":false},"featured_media":10443,"template":"","meta":{"_acf_changed":false},"product_brand":[],"product_cat":[607],"product_tag":[],"class_list":{"0":"post-31390","1":"product","2":"type-product","3":"status-publish","4":"has-post-thumbnail","6":"product_cat-porte-cles","7":"pa_ciudad-barcelona","8":"pa_motivo-panoramas","9":"pa_pais-espana","11":"first","12":"instock","13":"shipping-taxable","14":"product-type-simple"},"acf":[],"_links":{"self":[{"href":"https:\/\/olemosaic.orbitalia.org\/fr\/wp-json\/wp\/v2\/product\/31390","targetHints":{"allow":["GET"]}}],"collection":[{"href":"https:\/\/olemosaic.orbitalia.org\/fr\/wp-json\/wp\/v2\/product"}],"about":[{"href":"https:\/\/olemosaic.orbitalia.org\/fr\/wp-json\/wp\/v2\/types\/product"}],"wp:featuredmedia":[{"embeddable":true,"href":"https:\/\/olemosaic.orbitalia.org\/fr\/wp-json\/wp\/v2\/media\/10443"}],"wp:attachment":[{"href":"https:\/\/olemosaic.orbitalia.org\/fr\/wp-json\/wp\/v2\/media?parent=31390"}],"wp:term":[{"taxonomy":"product_brand","embeddable":true,"href":"https:\/\/olemosaic.orbitalia.org\/fr\/wp-json\/wp\/v2\/product_brand?post=31390"},{"taxonomy":"product_cat","embeddable":true,"href":"https:\/\/olemosaic.orbitalia.org\/fr\/wp-json\/wp\/v2\/product_cat?post=31390"},{"taxonomy":"product_tag","embeddable":true,"href":"https:\/\/olemosaic.orbitalia.org\/fr\/wp-json\/wp\/v2\/product_tag?post=31390"}],"curies":[{"name":"wp","href":"https:\/\/api.w.org\/{rel}","templated":true}]}}