{"id":31389,"date":"2025-02-20T23:33:14","date_gmt":"2025-02-20T22:33:14","guid":{"rendered":"https:\/\/olemosaic.orbitalia.org\/producto\/llavero-de-madera-panoramica-madrid\/"},"modified":"2025-07-25T20:11:18","modified_gmt":"2025-07-25T18:11:18","slug":"porte-cles-en-bois-panoramique-madrid","status":"publish","type":"product","link":"https:\/\/olemosaic.orbitalia.org\/fr\/produit\/porte-cles-en-bois-panoramique-madrid\/","title":{"rendered":"Porte-cl\u00e9s en bois. Panoramique. Madrid."},"content":{"rendered":"<p>Ce porte-cl\u00e9s en bois avec la vue panoramique de Madrid est un souvenir authentique qui encapsule l&rsquo;essence vibrante de la capitale espagnole. Fabriqu\u00e9 avec du bois de haute qualit\u00e9, il pr\u00e9sente une impression vibrante qui met en valeur les monuments les plus embl\u00e9matiques de la ville, tels que l&rsquo;iconique Puerta del Sol et l&rsquo;historique Plaza Mayor. Son design, encadr\u00e9 par un fond bleu brillant qui \u00e9voque le ciel madril\u00e8ne, cr\u00e9e un contraste attrayant avec les d\u00e9tails architecturaux m\u00e9ticuleusement illustr\u00e9s. Les lettres qui forment le mot \u00ab\u00a0MADRID\u00a0\u00bb sont \u00e9labor\u00e9es dans une vari\u00e9t\u00e9 de tons vifs, ajoutant une touche joyeuse et dynamique qui attire l&rsquo;attention.<\/p>\n<p>Ce porte-cl\u00e9s n&rsquo;est pas seulement un accessoire pratique pour garder vos cl\u00e9s organis\u00e9es, mais aussi un souvenir significatif qui c\u00e9l\u00e8bre la richesse culturelle et l&rsquo;histoire de Madrid. Id\u00e9al pour ceux qui cherchent \u00e0 emporter un morceau de la ville avec eux, c&rsquo;est le souvenir parfait, car il offre une repr\u00e9sentation color\u00e9e des symboles les plus chers de la m\u00e9tropole.<\/p>\n<p>Chez Ol\u00e9 Mosaic, nous nous sp\u00e9cialisons dans la distribution de souvenirs en gros, garantissant que chaque produit, comme ce porte-cl\u00e9s avec la vue panoramique de Madrid, soit une option exceptionnelle pour les boutiques de cadeaux touristiques qui souhaitent offrir des articles authentiques et repr\u00e9sentatifs. Un cadeau charmant et significatif qui r\u00e9sonnera aupr\u00e8s des visiteurs et laissera une trace durable de leur exp\u00e9rience dans la capitale espagnole.<\/p>\n","protected":false},"excerpt":{"rendered":"<p>Porte-cl\u00e9s en bois avec une vue panoramique color\u00e9e de Madrid, o\u00f9 se distinguent des monuments embl\u00e9matiques tels que la Puerta del Sol et la Plaza Mayor. Ce porte-cl\u00e9s, con\u00e7u avec une technique d&rsquo;impression vibrante, pr\u00e9sente un fond bleu qui \u00e9voque le ciel madril\u00e8ne, tandis que les lettres de \u00ab\u00a0MADRID\u00a0\u00bb, dans des tons vifs, ajoutent une touche joyeuse. Un souvenir id\u00e9al pour toujours emporter avec soi un morceau de la capitale espagnole.<\/p>\n","protected":false},"featured_media":10799,"template":"","meta":{"_acf_changed":false},"product_brand":[],"product_cat":[607],"product_tag":[],"class_list":{"0":"post-31389","1":"product","2":"type-product","3":"status-publish","4":"has-post-thumbnail","6":"product_cat-porte-cles","7":"pa_ciudad-madrid","8":"pa_motivo-panoramas","9":"pa_pais-espana","11":"first","12":"instock","13":"shipping-taxable","14":"product-type-simple"},"acf":[],"_links":{"self":[{"href":"https:\/\/olemosaic.orbitalia.org\/fr\/wp-json\/wp\/v2\/product\/31389","targetHints":{"allow":["GET"]}}],"collection":[{"href":"https:\/\/olemosaic.orbitalia.org\/fr\/wp-json\/wp\/v2\/product"}],"about":[{"href":"https:\/\/olemosaic.orbitalia.org\/fr\/wp-json\/wp\/v2\/types\/product"}],"wp:featuredmedia":[{"embeddable":true,"href":"https:\/\/olemosaic.orbitalia.org\/fr\/wp-json\/wp\/v2\/media\/10799"}],"wp:attachment":[{"href":"https:\/\/olemosaic.orbitalia.org\/fr\/wp-json\/wp\/v2\/media?parent=31389"}],"wp:term":[{"taxonomy":"product_brand","embeddable":true,"href":"https:\/\/olemosaic.orbitalia.org\/fr\/wp-json\/wp\/v2\/product_brand?post=31389"},{"taxonomy":"product_cat","embeddable":true,"href":"https:\/\/olemosaic.orbitalia.org\/fr\/wp-json\/wp\/v2\/product_cat?post=31389"},{"taxonomy":"product_tag","embeddable":true,"href":"https:\/\/olemosaic.orbitalia.org\/fr\/wp-json\/wp\/v2\/product_tag?post=31389"}],"curies":[{"name":"wp","href":"https:\/\/api.w.org\/{rel}","templated":true}]}}