{"id":31388,"date":"2025-02-20T22:33:14","date_gmt":"2025-02-20T22:33:14","guid":{"rendered":"https:\/\/olemosaic.orbitalia.org\/producto\/llavero-de-madera-barcelona\/"},"modified":"2025-07-25T19:21:24","modified_gmt":"2025-07-25T17:21:24","slug":"porte-cles-en-bois-barcelone","status":"publish","type":"product","link":"https:\/\/olemosaic.orbitalia.org\/fr\/produit\/porte-cles-en-bois-barcelone\/","title":{"rendered":"Porte-cl\u00e9s en bois. Barcelone."},"content":{"rendered":"<p>Ce porte-cl\u00e9s en bois avec le mot \u00ab\u00a0Barcelone\u00a0\u00bb est un souvenir color\u00e9 et moderne qui capture l&rsquo;essence vibrante de la capitale catalane. Con\u00e7u avec des lettres stylis\u00e9es dans une gamme de couleurs vives, ce porte-cl\u00e9s refl\u00e8te le multiculturalisme et l&rsquo;\u00e9nergie de la ville. Les lettres, dans des tons de rouge, jaune, vert, bleu et violet, ont une finition brillante qui se d\u00e9marque sur n&rsquo;importe quel trousseau de cl\u00e9s, devenant un accessoire fonctionnel et esth\u00e9tique.<\/p>\n<p>Fabriqu\u00e9 en bois de haute qualit\u00e9, ce porte-cl\u00e9s est non seulement l\u00e9ger et durable, mais il incarne \u00e9galement une touche artisanale qui le rend unique. Le mot \u00ab\u00a0Barcelone\u00a0\u00bb est \u00e9l\u00e9gamment con\u00e7u, \u00e9voquant l&rsquo;esprit innovant de la ville, c\u00e9l\u00e8bre pour son architecture moderniste et ses rues anim\u00e9es. Ce porte-cl\u00e9s est un souvenir id\u00e9al pour les touristes qui souhaitent emporter un petit morceau de Barcelone, ainsi qu&rsquo;une excellente option de cadeau qui refl\u00e8te le charme de la r\u00e9gion.<\/p>\n<p>Chez Ol\u00e9 Mosaic, nous sommes experts dans la distribution de souvenirs en gros, offrant des porte-cl\u00e9s de Barcelone et d&rsquo;autres articles repr\u00e9sentatifs qui enrichissent l&rsquo;exp\u00e9rience des visiteurs. Ce porte-cl\u00e9s est une option parfaite pour les boutiques de cadeaux touristiques qui recherchent des produits authentiques et significatifs de la culture espagnole, garantissant qualit\u00e9 et distinction dans chaque pi\u00e8ce.<\/p>\n","protected":false},"excerpt":{"rendered":"<p>Porte-cl\u00e9s en bois avec le mot \u00ab\u00a0Barcelone\u00a0\u00bb dans des couleurs vibrantes. Ce porte-cl\u00e9s pr\u00e9sente un design moderne et amusant qui refl\u00e8te l&rsquo;essence multiculturelle de la ville. Fabriqu\u00e9 en bois, il se distingue par ses lettres stylis\u00e9es et une finition brillante qui rehausse les couleurs. Parfait comme souvenir ou cadeau, il capture l&rsquo;\u00e9nergie et le charme de Barcelone, devenant un accessoire attrayant et unique pour vos cl\u00e9s.<\/p>\n","protected":false},"featured_media":10442,"template":"","meta":{"_acf_changed":false},"product_brand":[],"product_cat":[607],"product_tag":[],"class_list":{"0":"post-31388","1":"product","2":"type-product","3":"status-publish","4":"has-post-thumbnail","6":"product_cat-porte-cles","7":"pa_ciudad-barcelona","8":"pa_pais-espana","10":"first","11":"instock","12":"shipping-taxable","13":"product-type-simple"},"acf":[],"_links":{"self":[{"href":"https:\/\/olemosaic.orbitalia.org\/fr\/wp-json\/wp\/v2\/product\/31388","targetHints":{"allow":["GET"]}}],"collection":[{"href":"https:\/\/olemosaic.orbitalia.org\/fr\/wp-json\/wp\/v2\/product"}],"about":[{"href":"https:\/\/olemosaic.orbitalia.org\/fr\/wp-json\/wp\/v2\/types\/product"}],"wp:featuredmedia":[{"embeddable":true,"href":"https:\/\/olemosaic.orbitalia.org\/fr\/wp-json\/wp\/v2\/media\/10442"}],"wp:attachment":[{"href":"https:\/\/olemosaic.orbitalia.org\/fr\/wp-json\/wp\/v2\/media?parent=31388"}],"wp:term":[{"taxonomy":"product_brand","embeddable":true,"href":"https:\/\/olemosaic.orbitalia.org\/fr\/wp-json\/wp\/v2\/product_brand?post=31388"},{"taxonomy":"product_cat","embeddable":true,"href":"https:\/\/olemosaic.orbitalia.org\/fr\/wp-json\/wp\/v2\/product_cat?post=31388"},{"taxonomy":"product_tag","embeddable":true,"href":"https:\/\/olemosaic.orbitalia.org\/fr\/wp-json\/wp\/v2\/product_tag?post=31388"}],"curies":[{"name":"wp","href":"https:\/\/api.w.org\/{rel}","templated":true}]}}