{"id":31384,"date":"2025-02-20T23:33:14","date_gmt":"2025-02-20T22:33:14","guid":{"rendered":"https:\/\/olemosaic.orbitalia.org\/producto\/llavero-de-madera-letra-v-sevilla\/"},"modified":"2025-07-25T19:17:16","modified_gmt":"2025-07-25T17:17:16","slug":"porte-cles-en-bois-lettre-v-seville","status":"publish","type":"product","link":"https:\/\/olemosaic.orbitalia.org\/fr\/produit\/porte-cles-en-bois-lettre-v-seville\/","title":{"rendered":"Porte-cl\u00e9s en bois. Lettre V. S\u00e9ville."},"content":{"rendered":"<p>Ce porte-cl\u00e9s en bois avec la lettre \u00ab\u00a0V\u00a0\u00bb est un charmant hommage \u00e0 la ville vibrante de S\u00e9ville, parfait comme souvenir ou cadeau. Le design est m\u00e9ticuleusement \u00e9labor\u00e9, mettant en avant des \u00e9l\u00e9ments iconiques de la ville, tels que la majestueuse Giralda, tour embl\u00e9matique de la cath\u00e9drale, et un \u00e9l\u00e9gant carrosse tir\u00e9 par des chevaux qui \u00e9voque le charme du pass\u00e9 s\u00e9villan. La partie frontale du porte-cl\u00e9s pr\u00e9sente une mosa\u00efque brillante qui combine des tons chauds et frais, cr\u00e9ant une pi\u00e8ce visuellement attrayante qui capture l&rsquo;essence de la culture andalouse.<\/p>\n<p>\u00c0 l&rsquo;arri\u00e8re, un motif diff\u00e9rent ajoute une touche de singularit\u00e9 au porte-cl\u00e9s, faisant de chaque pi\u00e8ce quelque chose de v\u00e9ritablement exclusif. Ce porte-cl\u00e9s n&rsquo;est pas seulement fonctionnel, il agit \u00e9galement comme un rappel de la riche histoire et de l&rsquo;ambiance festive de S\u00e9ville. C&rsquo;est un excellent compl\u00e9ment pour les touristes qui cherchent \u00e0 emporter un morceau de la ville, \u00e9tant un souvenir attrayant qui refl\u00e8te son authenticit\u00e9 et sa connexion culturelle.<\/p>\n<p>Chez Ol\u00e9 Mosaic, nous distribuons des porte-cl\u00e9s en gros qui repr\u00e9sentent l&rsquo;h\u00e9ritage culturel de l&rsquo;Espagne, et ce porte-cl\u00e9s en bois est une option id\u00e9ale pour ceux qui recherchent des produits fusionnant art et tradition. Acqu\u00e9rez ce porte-cl\u00e9s et offrez \u00e0 vos clients un fragment de S\u00e9ville qu&rsquo;ils pourront emporter partout avec eux.<\/p>\n","protected":false},"excerpt":{"rendered":"<p>Porte-cl\u00e9s en bois avec la lettre V, inspir\u00e9 de S\u00e9ville. Ce porte-cl\u00e9s frappant pr\u00e9sente un design color\u00e9 combinant des \u00e9l\u00e9ments iconiques de la ville, comme la Giralda et un carrosse de chevaux. La partie frontale est orn\u00e9e d&rsquo;une mosa\u00efque brillante dans des tons chauds et frais, tandis que l&rsquo;arri\u00e8re affiche un motif diff\u00e9rent, faisant de ce porte-cl\u00e9s une pi\u00e8ce unique. Parfait comme souvenir ou cadeau.<\/p>\n","protected":false},"featured_media":10906,"template":"","meta":{"_acf_changed":false},"product_brand":[],"product_cat":[607],"product_tag":[530,614],"class_list":{"0":"post-31384","1":"product","2":"type-product","3":"status-publish","4":"has-post-thumbnail","6":"product_cat-porte-cles","7":"product_tag-animaux","8":"product_tag-lettres","9":"pa_ciudad-sevilla","10":"pa_motivo-lettre-v","11":"pa_pais-espana","13":"first","14":"instock","15":"shipping-taxable","16":"product-type-simple"},"acf":[],"_links":{"self":[{"href":"https:\/\/olemosaic.orbitalia.org\/fr\/wp-json\/wp\/v2\/product\/31384","targetHints":{"allow":["GET"]}}],"collection":[{"href":"https:\/\/olemosaic.orbitalia.org\/fr\/wp-json\/wp\/v2\/product"}],"about":[{"href":"https:\/\/olemosaic.orbitalia.org\/fr\/wp-json\/wp\/v2\/types\/product"}],"wp:featuredmedia":[{"embeddable":true,"href":"https:\/\/olemosaic.orbitalia.org\/fr\/wp-json\/wp\/v2\/media\/10906"}],"wp:attachment":[{"href":"https:\/\/olemosaic.orbitalia.org\/fr\/wp-json\/wp\/v2\/media?parent=31384"}],"wp:term":[{"taxonomy":"product_brand","embeddable":true,"href":"https:\/\/olemosaic.orbitalia.org\/fr\/wp-json\/wp\/v2\/product_brand?post=31384"},{"taxonomy":"product_cat","embeddable":true,"href":"https:\/\/olemosaic.orbitalia.org\/fr\/wp-json\/wp\/v2\/product_cat?post=31384"},{"taxonomy":"product_tag","embeddable":true,"href":"https:\/\/olemosaic.orbitalia.org\/fr\/wp-json\/wp\/v2\/product_tag?post=31384"}],"curies":[{"name":"wp","href":"https:\/\/api.w.org\/{rel}","templated":true}]}}