{"id":31383,"date":"2025-02-20T23:33:14","date_gmt":"2025-02-20T22:33:14","guid":{"rendered":"https:\/\/olemosaic.orbitalia.org\/producto\/llavero-de-madera-letra-s-valencia\/"},"modified":"2025-07-25T18:44:06","modified_gmt":"2025-07-25T16:44:06","slug":"porte-cles-en-bois-lettre-s-valence","status":"publish","type":"product","link":"https:\/\/olemosaic.orbitalia.org\/fr\/produit\/porte-cles-en-bois-lettre-s-valence\/","title":{"rendered":"Porte-cl\u00e9s en bois. Lettre S. Valence."},"content":{"rendered":"<p>Ce porte-cl\u00e9s en bois avec la lettre \u00ab\u00a0S\u00a0\u00bb est un souvenir distinctif de Valence qui allie fonctionnalit\u00e9 et art dans un design captivant. Avec une forme stylis\u00e9e, ce porte-cl\u00e9s ne sert pas seulement \u00e0 tenir les cl\u00e9s, mais constitue une repr\u00e9sentation color\u00e9e de l&rsquo;architecture embl\u00e9matique de la Cit\u00e9 des Arts et des Sciences. Sa finition dans des tons vibrants de bleu et de rouge, inspir\u00e9e de la c\u00e9l\u00e8bre mosa\u00efque valencienne, attire instantan\u00e9ment le regard et \u00e9voque la joie de cette ville m\u00e9diterran\u00e9enne dynamique.<\/p>\n<p>Chaque porte-cl\u00e9s est peint \u00e0 la main, ce qui garantit que chaque pi\u00e8ce est unique et refl\u00e8te le d\u00e9vouement des artisans locaux. On peut y appr\u00e9cier des repr\u00e9sentations stylis\u00e9es des b\u00e2timents iconiques de Valence, ornant la lettre \u00ab\u00a0S\u00a0\u00bb de d\u00e9tails qui rappellent la magie architecturale de la r\u00e9gion. Cette connexion culturelle souligne sa valeur en tant que souvenir repr\u00e9sentatif, permettant aux touristes d&#8217;emporter un morceau de Valence toujours avec eux.<\/p>\n<p>Id\u00e9al pour ceux qui recherchent des souvenirs de qualit\u00e9, ce porte-cl\u00e9s est un excellent choix pour les boutiques de cadeaux touristiques. Chez Ol\u00e9 Mosaic, en tant que distributeurs de souvenirs en gros, nous proposons des produits authentiques qui c\u00e9l\u00e8brent le riche h\u00e9ritage culturel de l&rsquo;Espagne. Ce porte-cl\u00e9s de Valence est parfait pour capturer les moments et les souvenirs de l&rsquo;une des villes les plus embl\u00e9matiques du pays.<\/p>\n","protected":false},"excerpt":{"rendered":"<p>Porte-cl\u00e9s en bois avec la lettre \u00ab\u00a0S\u00a0\u00bb, repr\u00e9sentant la ville de Valence. Ce porte-cl\u00e9s original pr\u00e9sente un design color\u00e9 avec des d\u00e9tails \u00e9voquant l&rsquo;architecture de la Cit\u00e9 des Arts et des Sciences, compl\u00e9t\u00e9 par une mosa\u00efque vibrante dans des tons bleus et rouges. La technique de conception artisanale, peinte \u00e0 la main, lui donne une touche unique, et sa forme stylis\u00e9e offre une pi\u00e8ce fonctionnelle et d\u00e9corative. Id\u00e9al pour emporter un morceau de Valence toujours avec soi.<\/p>\n","protected":false},"featured_media":10877,"template":"","meta":{"_acf_changed":false},"product_brand":[],"product_cat":[607],"product_tag":[614],"class_list":{"0":"post-31383","1":"product","2":"type-product","3":"status-publish","4":"has-post-thumbnail","6":"product_cat-porte-cles","7":"product_tag-lettres","8":"pa_ciudad-valencia","9":"pa_motivo-lettre-s","10":"pa_pais-espana","12":"first","13":"instock","14":"shipping-taxable","15":"product-type-simple"},"acf":[],"_links":{"self":[{"href":"https:\/\/olemosaic.orbitalia.org\/fr\/wp-json\/wp\/v2\/product\/31383","targetHints":{"allow":["GET"]}}],"collection":[{"href":"https:\/\/olemosaic.orbitalia.org\/fr\/wp-json\/wp\/v2\/product"}],"about":[{"href":"https:\/\/olemosaic.orbitalia.org\/fr\/wp-json\/wp\/v2\/types\/product"}],"wp:featuredmedia":[{"embeddable":true,"href":"https:\/\/olemosaic.orbitalia.org\/fr\/wp-json\/wp\/v2\/media\/10877"}],"wp:attachment":[{"href":"https:\/\/olemosaic.orbitalia.org\/fr\/wp-json\/wp\/v2\/media?parent=31383"}],"wp:term":[{"taxonomy":"product_brand","embeddable":true,"href":"https:\/\/olemosaic.orbitalia.org\/fr\/wp-json\/wp\/v2\/product_brand?post=31383"},{"taxonomy":"product_cat","embeddable":true,"href":"https:\/\/olemosaic.orbitalia.org\/fr\/wp-json\/wp\/v2\/product_cat?post=31383"},{"taxonomy":"product_tag","embeddable":true,"href":"https:\/\/olemosaic.orbitalia.org\/fr\/wp-json\/wp\/v2\/product_tag?post=31383"}],"curies":[{"name":"wp","href":"https:\/\/api.w.org\/{rel}","templated":true}]}}