{"id":31382,"date":"2025-02-20T23:33:13","date_gmt":"2025-02-20T22:33:13","guid":{"rendered":"https:\/\/olemosaic.orbitalia.org\/producto\/llavero-de-madera-letra-r-2\/"},"modified":"2025-07-25T18:43:38","modified_gmt":"2025-07-25T16:43:38","slug":"porte-cles-en-bois-lettre-r-2","status":"publish","type":"product","link":"https:\/\/olemosaic.orbitalia.org\/fr\/produit\/porte-cles-en-bois-lettre-r-2\/","title":{"rendered":"Porte-cl\u00e9s en bois. Lettre R. Azulejos espagnols."},"content":{"rendered":"<p>Ce porte-cl\u00e9s en bois avec la lettre \u00ab\u00a0R\u00a0\u00bb est un accessoire distinctif qui allie fonctionnalit\u00e9 et design attrayant, id\u00e9al pour ceux qui recherchent un souvenir authentique d&rsquo;Espagne. D\u00e9cor\u00e9 d&rsquo;un motif vibrant d&rsquo;azulejos dans des tons rouges, bleus et neutres, ce porte-cl\u00e9s capture l&rsquo;essence de la mosa\u00efque traditionnelle espagnole, \u00e9voquant le riche h\u00e9ritage culturel qui orne tant de places et de b\u00e2timents historiques dans des villes comme S\u00e9ville ou Lisbonne.<\/p>\n<p>La lettre \u00ab\u00a0R\u00a0\u00bb pr\u00e9sente un design unique avec divers motifs g\u00e9om\u00e9triques et floraux, cr\u00e9ant un effet visuel captivant qui attirera certainement l&rsquo;attention. Ce porte-cl\u00e9s n&rsquo;est pas seulement pratique pour personnaliser vos cl\u00e9s, il fonctionne \u00e9galement comme un charmant accessoire qui ajoute une touche de folklore et de couleur \u00e0 votre quotidien.<\/p>\n<p>Chez Ol\u00e9 Mosaic, nous nous sp\u00e9cialisons dans la distribution de souvenirs en gros, et ce porte-cl\u00e9s en bois est une excellente option pour les boutiques de cadeaux touristiques souhaitant proposer des produits repr\u00e9sentant l&rsquo;authenticit\u00e9 de la tradition espagnole. Devenir distributeur de souvenirs de qualit\u00e9 comme ce porte-cl\u00e9s ravira non seulement les touristes, mais leur offrira \u00e9galement un \u00e9l\u00e9ment culturel significatif \u00e0 rapporter chez eux.<\/p>\n","protected":false},"excerpt":{"rendered":"<p>Porte-cl\u00e9s en bois avec la lettre \u00ab\u00a0R\u00a0\u00bb, d\u00e9cor\u00e9 d&rsquo;un design vibrant d&rsquo;azulejos dans des tons rouges, bleus et neutres. Ce porte-cl\u00e9s attrayant combine fonctionnalit\u00e9 et esth\u00e9tique, affichant un motif de mosa\u00efque qui \u00e9voque la riche tradition culturelle espagnole. Id\u00e9al pour personnaliser vos cl\u00e9s ou comme cadeau unique, ce porte-cl\u00e9s est une pi\u00e8ce distinctive qui ajoute une touche de folklore \u00e0 votre quotidien.<\/p>\n","protected":false},"featured_media":9608,"template":"","meta":{"_acf_changed":false},"product_brand":[],"product_cat":[607],"product_tag":[614],"class_list":{"0":"post-31382","1":"product","2":"type-product","3":"status-publish","4":"has-post-thumbnail","6":"product_cat-porte-cles","7":"product_tag-lettres","8":"pa_motivo-lettre-r","10":"first","11":"instock","12":"shipping-taxable","13":"product-type-simple"},"acf":[],"_links":{"self":[{"href":"https:\/\/olemosaic.orbitalia.org\/fr\/wp-json\/wp\/v2\/product\/31382","targetHints":{"allow":["GET"]}}],"collection":[{"href":"https:\/\/olemosaic.orbitalia.org\/fr\/wp-json\/wp\/v2\/product"}],"about":[{"href":"https:\/\/olemosaic.orbitalia.org\/fr\/wp-json\/wp\/v2\/types\/product"}],"wp:featuredmedia":[{"embeddable":true,"href":"https:\/\/olemosaic.orbitalia.org\/fr\/wp-json\/wp\/v2\/media\/9608"}],"wp:attachment":[{"href":"https:\/\/olemosaic.orbitalia.org\/fr\/wp-json\/wp\/v2\/media?parent=31382"}],"wp:term":[{"taxonomy":"product_brand","embeddable":true,"href":"https:\/\/olemosaic.orbitalia.org\/fr\/wp-json\/wp\/v2\/product_brand?post=31382"},{"taxonomy":"product_cat","embeddable":true,"href":"https:\/\/olemosaic.orbitalia.org\/fr\/wp-json\/wp\/v2\/product_cat?post=31382"},{"taxonomy":"product_tag","embeddable":true,"href":"https:\/\/olemosaic.orbitalia.org\/fr\/wp-json\/wp\/v2\/product_tag?post=31382"}],"curies":[{"name":"wp","href":"https:\/\/api.w.org\/{rel}","templated":true}]}}