{"id":31381,"date":"2025-02-20T23:33:13","date_gmt":"2025-02-20T22:33:13","guid":{"rendered":"https:\/\/olemosaic.orbitalia.org\/producto\/llavero-de-madera-letra-p-madrid\/"},"modified":"2025-07-25T18:47:10","modified_gmt":"2025-07-25T16:47:10","slug":"porte-cles-en-bois-lettre-p-madrid","status":"publish","type":"product","link":"https:\/\/olemosaic.orbitalia.org\/fr\/produit\/porte-cles-en-bois-lettre-p-madrid\/","title":{"rendered":"Porte-cl\u00e9s en bois. Lettre P. Madrid."},"content":{"rendered":"<p>Ce porte-cl\u00e9s en bois avec la lettre \u00ab\u00a0P\u00a0\u00bb est un souvenir iconique qui capture l&rsquo;essence de Madrid, la capitale vibrante de l&rsquo;Espagne. Con\u00e7u avec une finition peinte \u00e0 la main, il pr\u00e9sente une illustration color\u00e9e de la c\u00e9l\u00e8bre Puerta del Sol, un point n\u00e9vralgique qui symbolise le c\u0153ur de la ville. Les d\u00e9tails en mosa\u00efque \u00e9voquent l&rsquo;art local, transformant le porte-cl\u00e9s en une pi\u00e8ce unique qui refl\u00e8te la richesse culturelle de la r\u00e9gion. Les tons vibrants de bleu et de rouge apportent non seulement un attrait visuel, mais rendent \u00e9galement hommage aux traditions madril\u00e8nes, faisant de cet article un souvenir authentique. De plus, le logo du m\u00e9tro de Madrid, qui se d\u00e9tache sur la partie sup\u00e9rieure, souligne la connexion de ce souvenir avec les transports publics de la ville, un \u00e9l\u00e9ment essentiel de la vie quotidienne des Madril\u00e8nes. Ce porte-cl\u00e9s en bois n&rsquo;est pas seulement pratique, c&rsquo;est aussi un excellent cadeau ou accessoire pour les touristes cherchant \u00e0 emporter un morceau de la capitale espagnole. Chez Ol\u00e9 Mosaic, en tant que grossiste de souvenirs authentiques, nous proposons ce porte-cl\u00e9s comme une option attrayante pour les boutiques de souvenirs touristiques souhaitant offrir des produits qui mettent en valeur la culture et l&rsquo;identit\u00e9 de Madrid.<\/p>\n","protected":false},"excerpt":{"rendered":"<p>Porte-cl\u00e9s en bois avec la lettre \u00ab\u00a0P\u00a0\u00bb, repr\u00e9sentant Madrid. Ce porte-cl\u00e9s pr\u00e9sente un design color\u00e9, artisanal, peint \u00e0 la main, illustrant la c\u00e9l\u00e8bre Puerta del Sol et certaines traditions madril\u00e8nes, avec des d\u00e9tails en mosa\u00efque \u00e9voquant l&rsquo;art local. Des couleurs vibrantes comme le bleu et le rouge se distinguent, ainsi que le logo du m\u00e9tro de Madrid. Un souvenir original et pratique pour se rappeler l&rsquo;essence de la capitale espagnole.<\/p>\n","protected":false},"featured_media":10848,"template":"","meta":{"_acf_changed":false},"product_brand":[],"product_cat":[607],"product_tag":[614],"class_list":{"0":"post-31381","1":"product","2":"type-product","3":"status-publish","4":"has-post-thumbnail","6":"product_cat-porte-cles","7":"product_tag-lettres","8":"pa_ciudad-madrid","9":"pa_motivo-lettre-p","10":"pa_pais-espana","12":"first","13":"instock","14":"shipping-taxable","15":"product-type-simple"},"acf":[],"_links":{"self":[{"href":"https:\/\/olemosaic.orbitalia.org\/fr\/wp-json\/wp\/v2\/product\/31381","targetHints":{"allow":["GET"]}}],"collection":[{"href":"https:\/\/olemosaic.orbitalia.org\/fr\/wp-json\/wp\/v2\/product"}],"about":[{"href":"https:\/\/olemosaic.orbitalia.org\/fr\/wp-json\/wp\/v2\/types\/product"}],"wp:featuredmedia":[{"embeddable":true,"href":"https:\/\/olemosaic.orbitalia.org\/fr\/wp-json\/wp\/v2\/media\/10848"}],"wp:attachment":[{"href":"https:\/\/olemosaic.orbitalia.org\/fr\/wp-json\/wp\/v2\/media?parent=31381"}],"wp:term":[{"taxonomy":"product_brand","embeddable":true,"href":"https:\/\/olemosaic.orbitalia.org\/fr\/wp-json\/wp\/v2\/product_brand?post=31381"},{"taxonomy":"product_cat","embeddable":true,"href":"https:\/\/olemosaic.orbitalia.org\/fr\/wp-json\/wp\/v2\/product_cat?post=31381"},{"taxonomy":"product_tag","embeddable":true,"href":"https:\/\/olemosaic.orbitalia.org\/fr\/wp-json\/wp\/v2\/product_tag?post=31381"}],"curies":[{"name":"wp","href":"https:\/\/api.w.org\/{rel}","templated":true}]}}