{"id":31380,"date":"2025-02-20T22:33:13","date_gmt":"2025-02-20T22:33:13","guid":{"rendered":"https:\/\/olemosaic.orbitalia.org\/producto\/llavero-de-madera-letra-o\/"},"modified":"2025-07-25T18:46:23","modified_gmt":"2025-07-25T16:46:23","slug":"porte-cles-en-bois-lettre-o","status":"publish","type":"product","link":"https:\/\/olemosaic.orbitalia.org\/fr\/produit\/porte-cles-en-bois-lettre-o\/","title":{"rendered":"Porte-cl\u00e9s en bois. Lettre O."},"content":{"rendered":"<p>Ce porte-cl\u00e9s en bois avec la lettre \u00ab\u00a0O\u00a0\u00bb est un charmant souvenir inspir\u00e9 de la riche tradition de l&rsquo;azulejer\u00eda ib\u00e9rique, une manifestation artistique qui a orn\u00e9 l&rsquo;architecture espagnole pendant des si\u00e8cles. Avec un design circulaire attrayant, il pr\u00e9sente une explosion de couleurs vibrantes et une vari\u00e9t\u00e9 de motifs floraux et g\u00e9om\u00e9triques \u00e9voquant les mosa\u00efques distinctives typiques de la r\u00e9gion. Les tons intenses de rouge, bleu et jaune se combinent dans une composition qui capture l&rsquo;essence de l&rsquo;art espagnol, faisant de ce porte-cl\u00e9s une pi\u00e8ce unique et fonctionnelle.<\/p>\n<p>Le porte-cl\u00e9s se distingue par sa forme distinctive avec la lettre \u00ab\u00a0O\u00a0\u00bb, qui offre une touche personnelle, en faisant un cadeau parfait tant pour les r\u00e9sidents que pour les touristes cherchant un morceau de culture locale. Sa structure en bois garantit la durabilit\u00e9, tandis que le savoir-faire artisanal de son design assure que chaque unit\u00e9 est authentique et \u00e9labor\u00e9e avec soin. Ce porte-cl\u00e9s est une excellente option pour ceux qui souhaitent emporter avec eux un symbole de la richesse culturelle de l&rsquo;Espagne.<\/p>\n<p>Chez Ol\u00e9 Mosaic, en tant que distributeurs de souvenirs en gros, nous proposons ce porte-cl\u00e9s en bois avec la lettre \u00ab\u00a0O\u00a0\u00bb dans le cadre de notre collection d&rsquo;articles repr\u00e9sentatifs. Id\u00e9al pour les boutiques de souvenirs touristiques, ce souvenir n&rsquo;est pas seulement un accessoire pratique, mais aussi un rappel significatif qui connecte les touristes \u00e0 l&rsquo;histoire et aux traditions de la p\u00e9ninsule ib\u00e9rique.<\/p>\n","protected":false},"excerpt":{"rendered":"<p>Porte-cl\u00e9s en bois avec la lettre \u00ab\u00a0O\u00a0\u00bb, inspir\u00e9 de la riche tradition de l&rsquo;azulejer\u00eda ib\u00e9rique. Ce porte-cl\u00e9s attrayant pr\u00e9sente un design color\u00e9 et d\u00e9coratif, avec une combinaison de motifs floraux et g\u00e9om\u00e9triques dans des tons vifs de rouge, bleu et jaune, \u00e9voquant l&rsquo;essence des mosa\u00efques typiques de l&rsquo;Espagne. Sa forme circulaire et la lettre mise en avant ajoutent une touche personnelle et distinctive, en faisant un souvenir parfait et fonctionnel.<\/p>\n","protected":false},"featured_media":9605,"template":"","meta":{"_acf_changed":false},"product_brand":[],"product_cat":[607],"product_tag":[614],"class_list":{"0":"post-31380","1":"product","2":"type-product","3":"status-publish","4":"has-post-thumbnail","6":"product_cat-porte-cles","7":"product_tag-lettres","8":"pa_motivo-lettre-o","10":"first","11":"instock","12":"shipping-taxable","13":"product-type-simple"},"acf":[],"_links":{"self":[{"href":"https:\/\/olemosaic.orbitalia.org\/fr\/wp-json\/wp\/v2\/product\/31380","targetHints":{"allow":["GET"]}}],"collection":[{"href":"https:\/\/olemosaic.orbitalia.org\/fr\/wp-json\/wp\/v2\/product"}],"about":[{"href":"https:\/\/olemosaic.orbitalia.org\/fr\/wp-json\/wp\/v2\/types\/product"}],"wp:featuredmedia":[{"embeddable":true,"href":"https:\/\/olemosaic.orbitalia.org\/fr\/wp-json\/wp\/v2\/media\/9605"}],"wp:attachment":[{"href":"https:\/\/olemosaic.orbitalia.org\/fr\/wp-json\/wp\/v2\/media?parent=31380"}],"wp:term":[{"taxonomy":"product_brand","embeddable":true,"href":"https:\/\/olemosaic.orbitalia.org\/fr\/wp-json\/wp\/v2\/product_brand?post=31380"},{"taxonomy":"product_cat","embeddable":true,"href":"https:\/\/olemosaic.orbitalia.org\/fr\/wp-json\/wp\/v2\/product_cat?post=31380"},{"taxonomy":"product_tag","embeddable":true,"href":"https:\/\/olemosaic.orbitalia.org\/fr\/wp-json\/wp\/v2\/product_tag?post=31380"}],"curies":[{"name":"wp","href":"https:\/\/api.w.org\/{rel}","templated":true}]}}