{"id":31366,"date":"2025-02-20T22:33:13","date_gmt":"2025-02-20T22:33:13","guid":{"rendered":"https:\/\/olemosaic.orbitalia.org\/producto\/llavero-de-madera-letra-i-barcelona\/"},"modified":"2025-07-25T18:35:36","modified_gmt":"2025-07-25T16:35:36","slug":"porte-cles-en-bois-lettre-i-barcelone","status":"publish","type":"product","link":"https:\/\/olemosaic.orbitalia.org\/fr\/produit\/porte-cles-en-bois-lettre-i-barcelone\/","title":{"rendered":"Porte-cl\u00e9s en bois. Lettre I. Barcelone."},"content":{"rendered":"<p>Ce porte-cl\u00e9s en bois avec la lettre \u00ab\u00a0I\u00a0\u00bb est un charmant souvenir inspir\u00e9 de la majestueuse ville de Barcelone. Son design vibrant pr\u00e9sente une illustration de l&#8217;embl\u00e9matique Sagrada Familia, dont les tours rouges iconiques se d\u00e9tachent avec force, capturant l&rsquo;essence architecturale de l&rsquo;un des monuments les plus reconnaissables d&rsquo;Espagne. Ce porte-cl\u00e9s ne sert pas seulement d&rsquo;accessoire pratique pour garder vos cl\u00e9s organis\u00e9es, mais devient \u00e9galement un rappel visuel de la richesse culturelle et artistique de Barcelone.<\/p>\n<p>Les \u00e9l\u00e9ments graphiques color\u00e9s qui entourent la repr\u00e9sentation de la Sagrada Familia font ressortir ce porte-cl\u00e9s, avec une palette de couleurs \u00e9clatantes qui refl\u00e8te l&rsquo;\u00e9nergie et la cr\u00e9ativit\u00e9 caract\u00e9risant la ville. Avec une finition soign\u00e9e et des d\u00e9tails \u00e9voquant l&rsquo;art moderniste, ce porte-cl\u00e9s se transforme en un symbole de la connexion entre les visiteurs et l&rsquo;architecture unique de la m\u00e9tropole catalane.<\/p>\n<p>Chez Ol\u00e9 Mosaic, nous nous consacrons \u00e0 offrir des souvenirs authentiques et significatifs. Ce porte-cl\u00e9s avec la lettre \u00ab\u00a0I\u00a0\u00bb n&rsquo;est pas seulement un excellent souvenir pour les touristes et les amateurs de l&rsquo;architecture de Barcelone, mais c&rsquo;est aussi une option fantastique pour les boutiques de cadeaux touristiques cherchant des produits qui repr\u00e9sentent la culture et l&rsquo;histoire de la r\u00e9gion. En tant que grossiste de souvenirs, nous garantissons qualit\u00e9 et authenticit\u00e9 dans chacun de nos produits, faisant de ce porte-cl\u00e9s un article indispensable pour toute collection de souvenirs de Barcelone.<\/p>\n","protected":false},"excerpt":{"rendered":"<p>Porte-cl\u00e9s en bois avec la lettre \u00ab\u00a0I\u00a0\u00bb, inspir\u00e9 de Barcelone. Ce porte-cl\u00e9s attrayant pr\u00e9sente une illustration vibrante de la c\u00e9l\u00e8bre Sagrada Familia, mettant en valeur ses tours rouges iconiques et ses d\u00e9tails architecturaux. D\u00e9cor\u00e9 d&rsquo;\u00e9l\u00e9ments graphiques color\u00e9s qui capturent l&rsquo;essence de la ville, ce porte-cl\u00e9s allie style et fonctionnalit\u00e9, devenant un souvenir id\u00e9al pour les amateurs d&rsquo;architecture et d&rsquo;art barcelonais.<\/p>\n","protected":false},"featured_media":10520,"template":"","meta":{"_acf_changed":false},"product_brand":[],"product_cat":[607],"product_tag":[614],"class_list":{"0":"post-31366","1":"product","2":"type-product","3":"status-publish","4":"has-post-thumbnail","6":"product_cat-porte-cles","7":"product_tag-lettres","8":"pa_ciudad-barcelona","9":"pa_motivo-lettre-i","10":"pa_pais-espana","12":"first","13":"instock","14":"shipping-taxable","15":"product-type-simple"},"acf":[],"_links":{"self":[{"href":"https:\/\/olemosaic.orbitalia.org\/fr\/wp-json\/wp\/v2\/product\/31366","targetHints":{"allow":["GET"]}}],"collection":[{"href":"https:\/\/olemosaic.orbitalia.org\/fr\/wp-json\/wp\/v2\/product"}],"about":[{"href":"https:\/\/olemosaic.orbitalia.org\/fr\/wp-json\/wp\/v2\/types\/product"}],"wp:featuredmedia":[{"embeddable":true,"href":"https:\/\/olemosaic.orbitalia.org\/fr\/wp-json\/wp\/v2\/media\/10520"}],"wp:attachment":[{"href":"https:\/\/olemosaic.orbitalia.org\/fr\/wp-json\/wp\/v2\/media?parent=31366"}],"wp:term":[{"taxonomy":"product_brand","embeddable":true,"href":"https:\/\/olemosaic.orbitalia.org\/fr\/wp-json\/wp\/v2\/product_brand?post=31366"},{"taxonomy":"product_cat","embeddable":true,"href":"https:\/\/olemosaic.orbitalia.org\/fr\/wp-json\/wp\/v2\/product_cat?post=31366"},{"taxonomy":"product_tag","embeddable":true,"href":"https:\/\/olemosaic.orbitalia.org\/fr\/wp-json\/wp\/v2\/product_tag?post=31366"}],"curies":[{"name":"wp","href":"https:\/\/api.w.org\/{rel}","templated":true}]}}