{"id":31365,"date":"2025-02-20T23:33:12","date_gmt":"2025-02-20T22:33:12","guid":{"rendered":"https:\/\/olemosaic.orbitalia.org\/producto\/llavero-de-madera-letra-i-sevilla\/"},"modified":"2025-07-25T18:35:05","modified_gmt":"2025-07-25T16:35:05","slug":"porte-cles-en-bois-lettre-i-seville","status":"publish","type":"product","link":"https:\/\/olemosaic.orbitalia.org\/fr\/produit\/porte-cles-en-bois-lettre-i-seville\/","title":{"rendered":"Porte-cl\u00e9s en bois. Lettre I. S\u00e9ville."},"content":{"rendered":"<p>Ce porte-cl\u00e9s en bois avec la lettre \u00ab\u00a0I\u00a0\u00bb est un charmant souvenir inspir\u00e9 de l&#8217;embl\u00e9matique ville de S\u00e9ville, parfait pour ceux qui souhaitent emporter avec eux un morceau de cette m\u00e9tropole vibrante. Avec un design color\u00e9 et riche en d\u00e9tails, ce porte-cl\u00e9s capture l&rsquo;essence du patrimoine culturel s\u00e9villan \u00e0 travers ses illustrations embl\u00e9matiques, telles que la majestueuse Giralda et une cal\u00e8che caract\u00e9ristique. Sa finition brillante et les tons vibrants qui ornent la pi\u00e8ce ne soulignent pas seulement son attrait visuel, mais repr\u00e9sentent \u00e9galement la joie et la vie qui caract\u00e9risent cette ville.<\/p>\n<p>Ce porte-cl\u00e9s n&rsquo;est pas seulement un accessoire pratique, mais aussi un symbole de la riche histoire et des traditions de S\u00e9ville, ce qui en fait un souvenir id\u00e9al pour les touristes \u00e0 la recherche d&rsquo;un lien authentique avec leur voyage. La lettre \u00ab\u00a0I\u00a0\u00bb peut repr\u00e9senter aussi bien S\u00e9ville que l&rsquo;identit\u00e9 personnelle de ceux qui le portent, faisant de cet article un v\u00e9ritable tr\u00e9sor. Chez Ol\u00e9 Mosaic, en tant que distributeurs de souvenirs de qualit\u00e9 en gros, nous proposons ce porte-cl\u00e9s comme une excellente option pour les boutiques de cadeaux touristiques, assurant authenticit\u00e9 et pertinence culturelle dans chaque pi\u00e8ce. Parfait pour ceux qui recherchent des souvenirs de S\u00e9ville uniques et m\u00e9morables, ce porte-cl\u00e9s en bois est un choix id\u00e9al.<\/p>\n","protected":false},"excerpt":{"rendered":"<p>Porte-cl\u00e9s en bois avec la lettre I, inspir\u00e9 de l&#8217;embl\u00e9matique ville de S\u00e9ville. Ce porte-cl\u00e9s attrayant pr\u00e9sente un design color\u00e9 et d\u00e9taill\u00e9 qui capture l&rsquo;essence de S\u00e9ville, montrant des \u00e9l\u00e9ments iconiques tels que la Giralda et une cal\u00e8che typique. Avec une finition brillante et des d\u00e9corations aux tons vibrants, ce porte-cl\u00e9s est une repr\u00e9sentation parfaite du patrimoine culturel s\u00e9villan, id\u00e9al pour emporter un petit morceau de la ville avec soi.<\/p>\n","protected":false},"featured_media":10893,"template":"","meta":{"_acf_changed":false},"product_brand":[],"product_cat":[607],"product_tag":[614],"class_list":{"0":"post-31365","1":"product","2":"type-product","3":"status-publish","4":"has-post-thumbnail","6":"product_cat-porte-cles","7":"product_tag-lettres","8":"pa_ciudad-sevilla","9":"pa_motivo-lettre-i","10":"pa_pais-espana","12":"first","13":"instock","14":"shipping-taxable","15":"product-type-simple"},"acf":[],"_links":{"self":[{"href":"https:\/\/olemosaic.orbitalia.org\/fr\/wp-json\/wp\/v2\/product\/31365","targetHints":{"allow":["GET"]}}],"collection":[{"href":"https:\/\/olemosaic.orbitalia.org\/fr\/wp-json\/wp\/v2\/product"}],"about":[{"href":"https:\/\/olemosaic.orbitalia.org\/fr\/wp-json\/wp\/v2\/types\/product"}],"wp:featuredmedia":[{"embeddable":true,"href":"https:\/\/olemosaic.orbitalia.org\/fr\/wp-json\/wp\/v2\/media\/10893"}],"wp:attachment":[{"href":"https:\/\/olemosaic.orbitalia.org\/fr\/wp-json\/wp\/v2\/media?parent=31365"}],"wp:term":[{"taxonomy":"product_brand","embeddable":true,"href":"https:\/\/olemosaic.orbitalia.org\/fr\/wp-json\/wp\/v2\/product_brand?post=31365"},{"taxonomy":"product_cat","embeddable":true,"href":"https:\/\/olemosaic.orbitalia.org\/fr\/wp-json\/wp\/v2\/product_cat?post=31365"},{"taxonomy":"product_tag","embeddable":true,"href":"https:\/\/olemosaic.orbitalia.org\/fr\/wp-json\/wp\/v2\/product_tag?post=31365"}],"curies":[{"name":"wp","href":"https:\/\/api.w.org\/{rel}","templated":true}]}}