{"id":31362,"date":"2025-02-20T23:33:12","date_gmt":"2025-02-20T22:33:12","guid":{"rendered":"https:\/\/olemosaic.orbitalia.org\/producto\/llavero-de-madera-letra-b\/"},"modified":"2025-07-25T18:36:50","modified_gmt":"2025-07-25T16:36:50","slug":"porte-cles-en-bois-lettre-b","status":"publish","type":"product","link":"https:\/\/olemosaic.orbitalia.org\/fr\/produit\/porte-cles-en-bois-lettre-b\/","title":{"rendered":"Porte-cl\u00e9s en bois. Lettre B."},"content":{"rendered":"<p>Ce porte-cl\u00e9s en bois avec la lettre \u00ab\u00a0B\u00a0\u00bb est un souvenir vibrant et authentique qui capture l&rsquo;essence de l&rsquo;artisanat espagnol. Con\u00e7u sur une base blanche qui met en valeur une charmante d\u00e9coration en mosa\u00efque, ce porte-cl\u00e9s est orn\u00e9 d&rsquo;un motif color\u00e9 int\u00e9grant des \u00e9l\u00e9ments rouges, jaunes, verts et bleus, \u00e9voquant la riche tradition de la c\u00e9ramique typique d&rsquo;Espagne, rappelant les \u0153uvres d&rsquo;artistes comme Antoni Gaud\u00ed. Sa finition \u00e9l\u00e9gante et l\u00e9g\u00e8re apporte non seulement une touche visuelle captivante, mais en fait \u00e9galement un accessoire pratique et fonctionnel pour personnaliser vos cl\u00e9s.<\/p>\n<p>Le porte-cl\u00e9s avec la lettre \u00ab\u00a0B\u00a0\u00bb se pr\u00e9sente comme le cadeau parfait pour les touristes cherchant \u00e0 emporter un petit morceau de la culture espagnole, soulignant son unicit\u00e9 et sa valeur en tant que souvenir. \u00c0 chaque regard, ce porte-cl\u00e9s devient un rappel des moments v\u00e9cus dans les rues color\u00e9es d&rsquo;Espagne, o\u00f9 tradition et art s&rsquo;entrelacent. Chez Ol\u00e9 Mosaic, nous sommes fiers de proposer une vari\u00e9t\u00e9 de souvenirs en gros qui c\u00e9l\u00e8brent l&rsquo;h\u00e9ritage culturel et artistique de la r\u00e9gion. Ce porte-cl\u00e9s est un choix id\u00e9al pour les boutiques de cadeaux touristiques cherchant \u00e0 offrir des produits authentiques et pleins de sens culturel, repr\u00e9sentant parfaitement l&rsquo;esprit de l&rsquo;art miniature qui caract\u00e9rise nos souvenirs en bois.<\/p>\n","protected":false},"excerpt":{"rendered":"<p>Porte-cl\u00e9s en bois avec la lettre B, d\u00e9cor\u00e9 d&rsquo;un design en mosa\u00efque vibrant. Ce porte-cl\u00e9s attrayant pr\u00e9sente une base blanche avec des \u00e9l\u00e9ments color\u00e9s en rouge, jaune, vert et bleu, cr\u00e9ant un motif captivant qui rappelle la c\u00e9ramique typique de la r\u00e9gion. Sa finition \u00e9l\u00e9gante et l\u00e9g\u00e8re en fait un souvenir pratique d&rsquo;Espagne, id\u00e9al pour personnaliser vos cl\u00e9s ou comme cadeau sp\u00e9cial.<\/p>\n","protected":false},"featured_media":10921,"template":"","meta":{"_acf_changed":false},"product_brand":[],"product_cat":[607],"product_tag":[614],"class_list":{"0":"post-31362","1":"product","2":"type-product","3":"status-publish","4":"has-post-thumbnail","6":"product_cat-porte-cles","7":"product_tag-lettres","8":"pa_motivo-lettre-b","10":"first","11":"instock","12":"shipping-taxable","13":"product-type-simple"},"acf":[],"_links":{"self":[{"href":"https:\/\/olemosaic.orbitalia.org\/fr\/wp-json\/wp\/v2\/product\/31362","targetHints":{"allow":["GET"]}}],"collection":[{"href":"https:\/\/olemosaic.orbitalia.org\/fr\/wp-json\/wp\/v2\/product"}],"about":[{"href":"https:\/\/olemosaic.orbitalia.org\/fr\/wp-json\/wp\/v2\/types\/product"}],"wp:featuredmedia":[{"embeddable":true,"href":"https:\/\/olemosaic.orbitalia.org\/fr\/wp-json\/wp\/v2\/media\/10921"}],"wp:attachment":[{"href":"https:\/\/olemosaic.orbitalia.org\/fr\/wp-json\/wp\/v2\/media?parent=31362"}],"wp:term":[{"taxonomy":"product_brand","embeddable":true,"href":"https:\/\/olemosaic.orbitalia.org\/fr\/wp-json\/wp\/v2\/product_brand?post=31362"},{"taxonomy":"product_cat","embeddable":true,"href":"https:\/\/olemosaic.orbitalia.org\/fr\/wp-json\/wp\/v2\/product_cat?post=31362"},{"taxonomy":"product_tag","embeddable":true,"href":"https:\/\/olemosaic.orbitalia.org\/fr\/wp-json\/wp\/v2\/product_tag?post=31362"}],"curies":[{"name":"wp","href":"https:\/\/api.w.org\/{rel}","templated":true}]}}