{"id":31345,"date":"2025-02-20T23:33:12","date_gmt":"2025-02-20T22:33:12","guid":{"rendered":"https:\/\/olemosaic.orbitalia.org\/producto\/llavero-de-madera-letra-a-madrid\/"},"modified":"2025-07-25T18:37:55","modified_gmt":"2025-07-25T16:37:55","slug":"porte-cles-en-bois-lettre-a-madrid","status":"publish","type":"product","link":"https:\/\/olemosaic.orbitalia.org\/fr\/produit\/porte-cles-en-bois-lettre-a-madrid\/","title":{"rendered":"Porte-cl\u00e9s en bois. Lettre A. Madrid."},"content":{"rendered":"<p>Ce porte-cl\u00e9s en bois avec la lettre \u00ab\u00a0A\u00a0\u00bb est un souvenir vibrant et repr\u00e9sentatif de Madrid, con\u00e7u pour capturer l&rsquo;essence de la capitale espagnole. Ce souvenir attrayant pr\u00e9sente un design color\u00e9 et illustratif qui int\u00e8gre des \u00e9l\u00e9ments iconiques de la ville, tels que l&#8217;embl\u00e9matique Puerta del Sol, repr\u00e9sent\u00e9e par des mosa\u00efques brillantes et d\u00e9taill\u00e9es qui soulignent son architecture singuli\u00e8re. On y remarque les figures des c\u00e9l\u00e8bres ours et arbousiers, symboles de la ville, ainsi que d&rsquo;autres \u00e9l\u00e9ments culturels qui ajoutent une touche authentique \u00e0 cette pi\u00e8ce.<\/p>\n<p>Le porte-cl\u00e9s est fabriqu\u00e9 en bois de haute qualit\u00e9, ce qui lui conf\u00e8re une finition polie, \u00e9l\u00e9gante et durable. Ses couleurs vibrantes ne rehaussent pas seulement un design attrayant, mais en font \u00e9galement une pi\u00e8ce d\u00e9corative tr\u00e8s fonctionnelle, id\u00e9ale pour porter les cl\u00e9s ou comme accessoire sur des sacs \u00e0 dos et des sacs. Ce porte-cl\u00e9s de Madrid est plus qu&rsquo;un simple accessoire ; c&rsquo;est un symbole de la riche histoire et culture de la ville, ce qui en fait le cadeau parfait pour les touristes \u00e0 la recherche de souvenirs authentiques repr\u00e9sentant la capitale espagnole.<\/p>\n<p>Chez Ol\u00e9 Mosaic, nous reconnaissons l&rsquo;importance de proposer des produits de qualit\u00e9 et culturellement significatifs. Ce porte-cl\u00e9s en bois est une excellente option pour les boutiques de cadeaux touristiques souhaitant \u00e9largir leur offre de souvenirs de Madrid. Avec nos porte-cl\u00e9s en gros, nous garantissons un approvisionnement constant de souvenirs uniques et authentiques qui c\u00e9l\u00e8brent la diversit\u00e9 et le patrimoine de l&rsquo;Espagne, faisant de ce porte-cl\u00e9s avec la lettre \u00ab\u00a0A\u00a0\u00bb un choix attrayant et pertinent pour tout visiteur.<\/p>\n","protected":false},"excerpt":{"rendered":"<p>Porte-cl\u00e9s en bois avec la lettre \u00ab\u00a0A\u00a0\u00bb, inspir\u00e9 de Madrid. Ce porte-cl\u00e9s pr\u00e9sente un design vibrant avec des \u00e9l\u00e9ments iconiques de la ville, comme la Puerta del Sol, repr\u00e9sent\u00e9s en mosa\u00efques color\u00e9es. La technique de conception inclut des illustrations d\u00e9taill\u00e9es d&rsquo;une figure et d&rsquo;un paysage typiques, cr\u00e9ant une pi\u00e8ce d\u00e9corative et fonctionnelle. Avec une finition polie et des couleurs vives, c&rsquo;est une fa\u00e7on id\u00e9ale d&#8217;emporter un souvenir de la capitale espagnole.<\/p>\n","protected":false},"featured_media":10833,"template":"","meta":{"_acf_changed":false},"product_brand":[],"product_cat":[607],"product_tag":[614],"class_list":{"0":"post-31345","1":"product","2":"type-product","3":"status-publish","4":"has-post-thumbnail","6":"product_cat-porte-cles","7":"product_tag-lettres","8":"pa_ciudad-madrid","9":"pa_motivo-lettre-a","10":"pa_pais-espana","12":"first","13":"instock","14":"shipping-taxable","15":"product-type-simple"},"acf":[],"_links":{"self":[{"href":"https:\/\/olemosaic.orbitalia.org\/fr\/wp-json\/wp\/v2\/product\/31345","targetHints":{"allow":["GET"]}}],"collection":[{"href":"https:\/\/olemosaic.orbitalia.org\/fr\/wp-json\/wp\/v2\/product"}],"about":[{"href":"https:\/\/olemosaic.orbitalia.org\/fr\/wp-json\/wp\/v2\/types\/product"}],"wp:featuredmedia":[{"embeddable":true,"href":"https:\/\/olemosaic.orbitalia.org\/fr\/wp-json\/wp\/v2\/media\/10833"}],"wp:attachment":[{"href":"https:\/\/olemosaic.orbitalia.org\/fr\/wp-json\/wp\/v2\/media?parent=31345"}],"wp:term":[{"taxonomy":"product_brand","embeddable":true,"href":"https:\/\/olemosaic.orbitalia.org\/fr\/wp-json\/wp\/v2\/product_brand?post=31345"},{"taxonomy":"product_cat","embeddable":true,"href":"https:\/\/olemosaic.orbitalia.org\/fr\/wp-json\/wp\/v2\/product_cat?post=31345"},{"taxonomy":"product_tag","embeddable":true,"href":"https:\/\/olemosaic.orbitalia.org\/fr\/wp-json\/wp\/v2\/product_tag?post=31345"}],"curies":[{"name":"wp","href":"https:\/\/api.w.org\/{rel}","templated":true}]}}