{"id":31344,"date":"2025-02-20T23:33:12","date_gmt":"2025-02-20T22:33:12","guid":{"rendered":"https:\/\/olemosaic.orbitalia.org\/producto\/llavero-de-madera-bailaora\/"},"modified":"2025-07-25T19:42:56","modified_gmt":"2025-07-25T17:42:56","slug":"porte-cles-en-bois-danseuse-flamenco","status":"publish","type":"product","link":"https:\/\/olemosaic.orbitalia.org\/fr\/produit\/porte-cles-en-bois-danseuse-flamenco\/","title":{"rendered":"Porte-cl\u00e9s en bois. Danseuse de flamenco."},"content":{"rendered":"<p>Ce porte-cl\u00e9s en bois avec l&rsquo;illustration d&rsquo;une danseuse de flamenco est un authentique symbole de la culture andalouse. Confectionn\u00e9 avec soin et peint \u00e0 la main, ce souvenir color\u00e9 repr\u00e9sente une danseuse v\u00eatue d&rsquo;une robe rouge vibrante orn\u00e9e de pois blancs, \u00e9voquant la joie et le rythme du flamenco. Son expression captivante et l&rsquo;\u00e9l\u00e9gance de sa pose, alors qu&rsquo;elle tient un \u00e9ventail d\u00e9coratif, capturent l&rsquo;essence de cette passionnante tradition espagnole. Le design du porte-cl\u00e9s met non seulement en valeur les d\u00e9tails artistiques, tels que les volants volumineux de la robe et la rose dans les cheveux, mais refl\u00e8te \u00e9galement l&rsquo;\u00e9nergie et l&rsquo;enthousiasme qui caract\u00e9risent les spectacles de flamenco. Ce porte-cl\u00e9s est un excellent souvenir d&rsquo;Espagne, id\u00e9al pour les touristes qui souhaitent emporter un petit morceau de la culture andalouse. Chez Ol\u00e9 Mosaic, nous sommes fiers de proposer des souvenirs authentiques qui mettent en avant le meilleur de l&rsquo;h\u00e9ritage espagnol, et ce porte-cl\u00e9s de danseuse en est une parfaite repr\u00e9sentation. En tant que grossistes de souvenirs, nous garantissons l&rsquo;authenticit\u00e9 et la qualit\u00e9 de chaque pi\u00e8ce, en faisant une option id\u00e9ale pour les boutiques de cadeaux touristiques \u00e0 la recherche de produits uniques et repr\u00e9sentatifs.<\/p>\n","protected":false},"excerpt":{"rendered":"<p>Porte-cl\u00e9s en bois avec l&rsquo;illustration d&rsquo;une danseuse de flamenco, capturant l&rsquo;essence de la culture andalouse. Ce porte-cl\u00e9s color\u00e9, au design artisanal et peint \u00e0 la main, repr\u00e9sente la danseuse avec une robe rouge vibrante \u00e0 pois blancs, tenant un \u00e9ventail d\u00e9coratif. Les d\u00e9tails de sa tenue et l&rsquo;expression de son visage \u00e9voquent la gr\u00e2ce et l&rsquo;\u00e9nergie du flamenco, en faisant un excellent souvenir d&rsquo;Espagne.<\/p>\n","protected":false},"featured_media":10789,"template":"","meta":{"_acf_changed":false},"product_brand":[],"product_cat":[607],"product_tag":[],"class_list":{"0":"post-31344","1":"product","2":"type-product","3":"status-publish","4":"has-post-thumbnail","6":"product_cat-porte-cles","7":"pa_motivo-danseurs","9":"first","10":"instock","11":"shipping-taxable","12":"product-type-simple"},"acf":[],"_links":{"self":[{"href":"https:\/\/olemosaic.orbitalia.org\/fr\/wp-json\/wp\/v2\/product\/31344","targetHints":{"allow":["GET"]}}],"collection":[{"href":"https:\/\/olemosaic.orbitalia.org\/fr\/wp-json\/wp\/v2\/product"}],"about":[{"href":"https:\/\/olemosaic.orbitalia.org\/fr\/wp-json\/wp\/v2\/types\/product"}],"wp:featuredmedia":[{"embeddable":true,"href":"https:\/\/olemosaic.orbitalia.org\/fr\/wp-json\/wp\/v2\/media\/10789"}],"wp:attachment":[{"href":"https:\/\/olemosaic.orbitalia.org\/fr\/wp-json\/wp\/v2\/media?parent=31344"}],"wp:term":[{"taxonomy":"product_brand","embeddable":true,"href":"https:\/\/olemosaic.orbitalia.org\/fr\/wp-json\/wp\/v2\/product_brand?post=31344"},{"taxonomy":"product_cat","embeddable":true,"href":"https:\/\/olemosaic.orbitalia.org\/fr\/wp-json\/wp\/v2\/product_cat?post=31344"},{"taxonomy":"product_tag","embeddable":true,"href":"https:\/\/olemosaic.orbitalia.org\/fr\/wp-json\/wp\/v2\/product_tag?post=31344"}],"curies":[{"name":"wp","href":"https:\/\/api.w.org\/{rel}","templated":true}]}}