{"id":31326,"date":"2025-02-20T23:33:11","date_gmt":"2025-02-20T22:33:11","guid":{"rendered":"https:\/\/olemosaic.orbitalia.org\/producto\/llavero-de-madera-letra-y-madrid\/"},"modified":"2025-07-25T19:31:56","modified_gmt":"2025-07-25T17:31:56","slug":"porte-cles-bois-lettre-y-madrid","status":"publish","type":"product","link":"https:\/\/olemosaic.orbitalia.org\/fr\/produit\/porte-cles-bois-lettre-y-madrid\/","title":{"rendered":"Porte-cl\u00e9s en bois. Lettre Y. Madrid."},"content":{"rendered":"<p>Ce porte-cl\u00e9s en bois en forme de lettre \u00ab\u00a0Y\u00a0\u00bb est un souvenir \u00e9l\u00e9gant et color\u00e9 qui repr\u00e9sente la vibrante culture madril\u00e8ne. Chaque porte-cl\u00e9s est peint \u00e0 la main, affichant une iconographie riche et vari\u00e9e qui inclut des \u00e9l\u00e9ments embl\u00e9matiques tels que la c\u00e9l\u00e8bre horloge de la Puerta del Sol et des r\u00e9f\u00e9rences au m\u00e9tro de Madrid. Le design se caract\u00e9rise par ses couleurs vives et ses d\u00e9tails artistiques, qui capturent l&rsquo;essence et le dynamisme de la ville.<\/p>\n<p>D&rsquo;un c\u00f4t\u00e9 du porte-cl\u00e9s, l&rsquo;horloge se distingue par sa fa\u00e7ade classique, tandis que de l&rsquo;autre appara\u00eet une figure v\u00eatue de costumes traditionnels, \u00e9voquant le folklore madril\u00e8ne. Ce porte-cl\u00e9s n&rsquo;est pas seulement une excellente option pour organiser vos cl\u00e9s, mais il sert \u00e9galement de rappel pratique de votre visite dans la capitale espagnole. Sa forme unique et son design attrayant en font un souvenir id\u00e9al pour ceux qui souhaitent emporter un petit morceau de Madrid.<\/p>\n<p>Ol\u00e9 Mosaic est fier de proposer des souvenirs authentiques comme ce porte-cl\u00e9s en bois, parfait pour les boutiques de cadeaux touristiques \u00e0 la recherche de produits de qualit\u00e9 et de pertinence culturelle. En int\u00e9grant ce porte-cl\u00e9s dans votre offre, vous enrichirez non seulement votre s\u00e9lection de souvenirs de Madrid, mais vous attirerez \u00e9galement les touristes \u00e0 la recherche de souvenirs v\u00e9ritablement repr\u00e9sentatifs de leur exp\u00e9rience dans la ville.<\/p>\n","protected":false},"excerpt":{"rendered":"<p>Porte-cl\u00e9s en bois avec la lettre \u00ab\u00a0Y\u00a0\u00bb, repr\u00e9sentant l&rsquo;iconographie madril\u00e8ne. Ce porte-cl\u00e9s attrayant comprend un design artisanal vibrant, peint \u00e0 la main, avec des \u00e9l\u00e9ments caract\u00e9ristiques tels que la c\u00e9l\u00e8bre horloge de la Puerta del Sol et des r\u00e9f\u00e9rences au m\u00e9tro de Madrid. Ses couleurs et son style distinctif mettent en valeur la culture madril\u00e8ne, tandis que sa forme unique en fait un souvenir pratique et d\u00e9coratif, id\u00e9al pour emporter un petit morceau de Madrid avec vous.<\/p>\n","protected":false},"featured_media":10857,"template":"","meta":{"_acf_changed":false},"product_brand":[],"product_cat":[607],"product_tag":[614],"class_list":{"0":"post-31326","1":"product","2":"type-product","3":"status-publish","4":"has-post-thumbnail","6":"product_cat-porte-cles","7":"product_tag-lettres","8":"pa_ciudad-madrid","9":"pa_motivo-lettre-y","10":"pa_pais-espana","12":"first","13":"instock","14":"shipping-taxable","15":"product-type-simple"},"acf":[],"_links":{"self":[{"href":"https:\/\/olemosaic.orbitalia.org\/fr\/wp-json\/wp\/v2\/product\/31326","targetHints":{"allow":["GET"]}}],"collection":[{"href":"https:\/\/olemosaic.orbitalia.org\/fr\/wp-json\/wp\/v2\/product"}],"about":[{"href":"https:\/\/olemosaic.orbitalia.org\/fr\/wp-json\/wp\/v2\/types\/product"}],"wp:featuredmedia":[{"embeddable":true,"href":"https:\/\/olemosaic.orbitalia.org\/fr\/wp-json\/wp\/v2\/media\/10857"}],"wp:attachment":[{"href":"https:\/\/olemosaic.orbitalia.org\/fr\/wp-json\/wp\/v2\/media?parent=31326"}],"wp:term":[{"taxonomy":"product_brand","embeddable":true,"href":"https:\/\/olemosaic.orbitalia.org\/fr\/wp-json\/wp\/v2\/product_brand?post=31326"},{"taxonomy":"product_cat","embeddable":true,"href":"https:\/\/olemosaic.orbitalia.org\/fr\/wp-json\/wp\/v2\/product_cat?post=31326"},{"taxonomy":"product_tag","embeddable":true,"href":"https:\/\/olemosaic.orbitalia.org\/fr\/wp-json\/wp\/v2\/product_tag?post=31326"}],"curies":[{"name":"wp","href":"https:\/\/api.w.org\/{rel}","templated":true}]}}