{"id":31324,"date":"2025-02-20T23:33:11","date_gmt":"2025-02-20T22:33:11","guid":{"rendered":"https:\/\/olemosaic.orbitalia.org\/producto\/llavero-de-madera-letra-a-barcelona\/"},"modified":"2025-07-25T18:43:08","modified_gmt":"2025-07-25T16:43:08","slug":"porte-cles-bois-lettre-a-barcelone","status":"publish","type":"product","link":"https:\/\/olemosaic.orbitalia.org\/fr\/produit\/porte-cles-bois-lettre-a-barcelone\/","title":{"rendered":"Porte-cl\u00e9s en bois. Lettre A. Barcelone."},"content":{"rendered":"<p>Ce porte-cl\u00e9s en bois en forme de lettre &lsquo;A&rsquo; est un souvenir embl\u00e9matique de Barcelone, rendant hommage \u00e0 la c\u00e9l\u00e8bre Sagrada Familia et \u00e0 d&rsquo;autres \u00e9l\u00e9ments iconiques de cette ville vibrante. Son design color\u00e9 attrayant, peint \u00e0 la main, se distingue par sa combinaison de couleurs vives comme le rouge, le bleu et le vert, qui \u00e9voquent le riche h\u00e9ritage culturel et l&rsquo;architecture moderniste de Barcelone. Chaque d\u00e9tail de ce porte-cl\u00e9s capture l&rsquo;essence de la ville, des formes complexes de la Sagrada Familia aux \u00e9l\u00e9ments architecturaux qui font de Barcelone une destination unique.<\/p>\n<p>Ce porte-cl\u00e9s n&rsquo;est pas seulement un accessoire pratique pour vos cl\u00e9s, mais aussi un symbole de l&rsquo;art et de la cr\u00e9ativit\u00e9 qui caract\u00e9risent la r\u00e9gion. Id\u00e9al pour emporter un petit morceau de Barcelone avec vous, ce souvenir se distingue par son authenticit\u00e9 et le soin apport\u00e9 \u00e0 sa confection. Chez Ol\u00e9 Mosaic, en tant que grossiste de souvenirs, nous proposons des produits authentiques qui incarnent la culture et le folklore de l&rsquo;Espagne, et ce porte-cl\u00e9s est une excellente option pour les boutiques de cadeaux touristiques \u00e0 la recherche d&rsquo;articles de qualit\u00e9. Avec son design tr\u00e8s sp\u00e9cial, le porte-cl\u00e9s de la lettre &lsquo;A&rsquo; devient un rappel tangible de la beaut\u00e9 et de l&rsquo;histoire de Barcelone, parfait pour tout visiteur souhaitant se souvenir de son voyage ou offrir un morceau de cette ville incroyable.<\/p>\n","protected":false},"excerpt":{"rendered":"<p>Porte-cl\u00e9s en bois en forme de lettre &lsquo;A&rsquo;, d\u00e9cor\u00e9 d&rsquo;illustrations vibrantes de la Sagrada Familia et d&rsquo;\u00e9l\u00e9ments embl\u00e9matiques de Barcelone. Ce porte-cl\u00e9s se distingue par son design color\u00e9, qui capture l&rsquo;essence de l&rsquo;architecture moderniste de la ville. Peint dans un style artisanal, il pr\u00e9sente des d\u00e9tails artistiques combinant des couleurs vives comme le rouge, le bleu et le vert, refl\u00e9tant la riche culture et le folklore de Barcelone. Id\u00e9al pour emporter un souvenir de la ville avec vous.<\/p>\n","protected":false},"featured_media":10512,"template":"","meta":{"_acf_changed":false},"product_brand":[],"product_cat":[607],"product_tag":[614],"class_list":{"0":"post-31324","1":"product","2":"type-product","3":"status-publish","4":"has-post-thumbnail","6":"product_cat-porte-cles","7":"product_tag-lettres","8":"pa_ciudad-barcelona","9":"pa_motivo-lettre-a","10":"pa_pais-espana","12":"first","13":"instock","14":"shipping-taxable","15":"product-type-simple"},"acf":[],"_links":{"self":[{"href":"https:\/\/olemosaic.orbitalia.org\/fr\/wp-json\/wp\/v2\/product\/31324","targetHints":{"allow":["GET"]}}],"collection":[{"href":"https:\/\/olemosaic.orbitalia.org\/fr\/wp-json\/wp\/v2\/product"}],"about":[{"href":"https:\/\/olemosaic.orbitalia.org\/fr\/wp-json\/wp\/v2\/types\/product"}],"wp:featuredmedia":[{"embeddable":true,"href":"https:\/\/olemosaic.orbitalia.org\/fr\/wp-json\/wp\/v2\/media\/10512"}],"wp:attachment":[{"href":"https:\/\/olemosaic.orbitalia.org\/fr\/wp-json\/wp\/v2\/media?parent=31324"}],"wp:term":[{"taxonomy":"product_brand","embeddable":true,"href":"https:\/\/olemosaic.orbitalia.org\/fr\/wp-json\/wp\/v2\/product_brand?post=31324"},{"taxonomy":"product_cat","embeddable":true,"href":"https:\/\/olemosaic.orbitalia.org\/fr\/wp-json\/wp\/v2\/product_cat?post=31324"},{"taxonomy":"product_tag","embeddable":true,"href":"https:\/\/olemosaic.orbitalia.org\/fr\/wp-json\/wp\/v2\/product_tag?post=31324"}],"curies":[{"name":"wp","href":"https:\/\/api.w.org\/{rel}","templated":true}]}}