{"id":31323,"date":"2025-02-20T23:33:11","date_gmt":"2025-02-20T22:33:11","guid":{"rendered":"https:\/\/olemosaic.orbitalia.org\/producto\/llavero-de-madera-tortuga\/"},"modified":"2025-07-25T20:35:58","modified_gmt":"2025-07-25T18:35:58","slug":"porte-cles-bois-tortue","status":"publish","type":"product","link":"https:\/\/olemosaic.orbitalia.org\/fr\/produit\/porte-cles-bois-tortue\/","title":{"rendered":"Porte-cl\u00e9s en bois. Tortue."},"content":{"rendered":"<p>Ce porte-cl\u00e9s en bois en forme de tortue est un accessoire vibrant qui renferme l&rsquo;essence de la faune marine, devenant un souvenir inoubliable de vos voyages. Son design stylis\u00e9 pr\u00e9sente une tortue color\u00e9e avec une mosa\u00efque d\u00e9taill\u00e9e dans les tons rouges, jaunes, bleus et verts, \u00e9voquant la beaut\u00e9 et la diversit\u00e9 de l&rsquo;oc\u00e9an. La douceur de sa forme et la richesse de ses couleurs font de ce porte-cl\u00e9s une pi\u00e8ce unique qui attirera tous les regards.<\/p>\n<p>Le porte-cl\u00e9s ne remplit pas seulement une fonction pratique en vous aidant \u00e0 garder vos cl\u00e9s organis\u00e9es de mani\u00e8re originale, mais il sert \u00e9galement de souvenir embl\u00e9matique. Cet article repr\u00e9sente le lien des cultures c\u00f4ti\u00e8res avec la mer, rappelant l&rsquo;importance de la conservation de la vie marine et la beaut\u00e9 du monde sous-marin. Id\u00e9al pour ceux qui recherchent un souvenir authentique et plein de vie, ce porte-cl\u00e9s est parfait parmi les souvenirs pour les touristes souhaitant emporter un petit morceau de nature lors de leurs voyages.<\/p>\n<p>Chez Ol\u00e9 Mosaic, nous sommes distributeurs en gros de souvenirs remarquables et ce porte-cl\u00e9s est une excellente option pour les boutiques de cadeaux touristiques souhaitant proposer des produits uniques et color\u00e9s. Avec son design artisanal et son lien culturel, ce porte-cl\u00e9s tortue est un incontournable parmi les souvenirs authentiques de la c\u00f4te.<\/p>\n","protected":false},"excerpt":{"rendered":"<p>Porte-cl\u00e9s en bois en forme de tortue, \u00e9labor\u00e9 avec un design vibrant et color\u00e9. Cet accessoire attrayant repr\u00e9sente une tortue stylis\u00e9e dans une mosa\u00efque de tons rouges, jaunes, bleus et verts, \u00e9voquant la beaut\u00e9 de la faune marine. Parfait pour transporter vos cl\u00e9s de mani\u00e8re originale, ce porte-cl\u00e9s est un souvenir id\u00e9al de vos voyages et une fa\u00e7on de partager l&rsquo;essence de l&rsquo;oc\u00e9an au quotidien.<\/p>\n","protected":false},"featured_media":10626,"template":"","meta":{"_acf_changed":false},"product_brand":[],"product_cat":[607],"product_tag":[530],"class_list":{"0":"post-31323","1":"product","2":"type-product","3":"status-publish","4":"has-post-thumbnail","6":"product_cat-porte-cles","7":"product_tag-animaux","8":"pa_motivo-tortues","10":"first","11":"instock","12":"shipping-taxable","13":"product-type-simple"},"acf":[],"_links":{"self":[{"href":"https:\/\/olemosaic.orbitalia.org\/fr\/wp-json\/wp\/v2\/product\/31323","targetHints":{"allow":["GET"]}}],"collection":[{"href":"https:\/\/olemosaic.orbitalia.org\/fr\/wp-json\/wp\/v2\/product"}],"about":[{"href":"https:\/\/olemosaic.orbitalia.org\/fr\/wp-json\/wp\/v2\/types\/product"}],"wp:featuredmedia":[{"embeddable":true,"href":"https:\/\/olemosaic.orbitalia.org\/fr\/wp-json\/wp\/v2\/media\/10626"}],"wp:attachment":[{"href":"https:\/\/olemosaic.orbitalia.org\/fr\/wp-json\/wp\/v2\/media?parent=31323"}],"wp:term":[{"taxonomy":"product_brand","embeddable":true,"href":"https:\/\/olemosaic.orbitalia.org\/fr\/wp-json\/wp\/v2\/product_brand?post=31323"},{"taxonomy":"product_cat","embeddable":true,"href":"https:\/\/olemosaic.orbitalia.org\/fr\/wp-json\/wp\/v2\/product_cat?post=31323"},{"taxonomy":"product_tag","embeddable":true,"href":"https:\/\/olemosaic.orbitalia.org\/fr\/wp-json\/wp\/v2\/product_tag?post=31323"}],"curies":[{"name":"wp","href":"https:\/\/api.w.org\/{rel}","templated":true}]}}