{"id":31321,"date":"2025-02-20T22:33:11","date_gmt":"2025-02-20T22:33:11","guid":{"rendered":"https:\/\/olemosaic.orbitalia.org\/producto\/llavero-de-madera-salamandra-mosaico\/"},"modified":"2025-07-25T19:25:52","modified_gmt":"2025-07-25T17:25:52","slug":"porte-cles-en-bois-salamandre-mosaique","status":"publish","type":"product","link":"https:\/\/olemosaic.orbitalia.org\/fr\/produit\/porte-cles-en-bois-salamandre-mosaique\/","title":{"rendered":"Porte-cl\u00e9s en bois. Salamandre. Mosa\u00efque."},"content":{"rendered":"<p>Ce porte-cl\u00e9s en bois en forme de salamandre est un authentique souvenir qui encapsule la riche tradition culturelle espagnole. Son design vibrant se distingue par sa mosa\u00efque color\u00e9e, combinant des tons chauds et froids, \u00e9voquant la c\u00e9ramique traditionnelle exquise de diverses r\u00e9gions d&rsquo;Espagne. Chaque porte-cl\u00e9s pr\u00e9sente des motifs floraux et g\u00e9om\u00e9triques complexes, qui non seulement l&#8217;embellissent, mais refl\u00e8tent \u00e9galement le savoir-faire artisanal transmis de g\u00e9n\u00e9ration en g\u00e9n\u00e9ration. Avec une finition en bois robuste, ce porte-cl\u00e9s n&rsquo;est pas seulement esth\u00e9tiquement attrayant, il promet \u00e9galement durabilit\u00e9 et r\u00e9sistance, ce qui en fait un accessoire quotidien pratique.<\/p>\n<p>La salamandre, symbole de transformation et d&rsquo;adaptation dans la culture m\u00e9diterran\u00e9enne, ajoute une composante symbolique profonde \u00e0 ce produit. Ce porte-cl\u00e9s est plus qu&rsquo;un simple objet ; c&rsquo;est un lien tangible avec l&rsquo;h\u00e9ritage culturel espagnol, id\u00e9al pour les touristes et les collectionneurs qui cherchent \u00e0 emporter un petit morceau de l&rsquo;art et du folklore espagnol. Chez Ol\u00e9 Mosaic, nous nous consacrons \u00e0 offrir des souvenirs authentiques en gros, et ce porte-cl\u00e9s salamandre est un choix exceptionnel pour les boutiques de cadeaux touristiques. Son attrait visuel et sa connexion culturelle garantissent qu&rsquo;il deviendra un favori parmi ceux qui appr\u00e9cient les souvenirs au design unique et \u00e0 la signification profonde.<\/p>\n","protected":false},"excerpt":{"rendered":"<p>Porte-cl\u00e9s en bois en forme de salamandre, d\u00e9cor\u00e9 d&rsquo;une mosa\u00efque de couleurs vibrantes. Ce design unique pr\u00e9sente des motifs floraux et g\u00e9om\u00e9triques \u00e9voquant le style artistique de la c\u00e9ramique traditionnelle espagnole. La combinaison de tons chauds et froids rehausse son attrait visuel, et sa finition en bois garantit la durabilit\u00e9. Un souvenir id\u00e9al pour se souvenir de la culture et de l&rsquo;art de l&rsquo;Espagne, parfait pour les amateurs de folklore.<\/p>\n","protected":false},"featured_media":10777,"template":"","meta":{"_acf_changed":false},"product_brand":[],"product_cat":[607],"product_tag":[530],"class_list":{"0":"post-31321","1":"product","2":"type-product","3":"status-publish","4":"has-post-thumbnail","6":"product_cat-porte-cles","7":"product_tag-animaux","8":"pa_motivo-salamandres","10":"first","11":"instock","12":"shipping-taxable","13":"product-type-simple"},"acf":[],"_links":{"self":[{"href":"https:\/\/olemosaic.orbitalia.org\/fr\/wp-json\/wp\/v2\/product\/31321","targetHints":{"allow":["GET"]}}],"collection":[{"href":"https:\/\/olemosaic.orbitalia.org\/fr\/wp-json\/wp\/v2\/product"}],"about":[{"href":"https:\/\/olemosaic.orbitalia.org\/fr\/wp-json\/wp\/v2\/types\/product"}],"wp:featuredmedia":[{"embeddable":true,"href":"https:\/\/olemosaic.orbitalia.org\/fr\/wp-json\/wp\/v2\/media\/10777"}],"wp:attachment":[{"href":"https:\/\/olemosaic.orbitalia.org\/fr\/wp-json\/wp\/v2\/media?parent=31321"}],"wp:term":[{"taxonomy":"product_brand","embeddable":true,"href":"https:\/\/olemosaic.orbitalia.org\/fr\/wp-json\/wp\/v2\/product_brand?post=31321"},{"taxonomy":"product_cat","embeddable":true,"href":"https:\/\/olemosaic.orbitalia.org\/fr\/wp-json\/wp\/v2\/product_cat?post=31321"},{"taxonomy":"product_tag","embeddable":true,"href":"https:\/\/olemosaic.orbitalia.org\/fr\/wp-json\/wp\/v2\/product_tag?post=31321"}],"curies":[{"name":"wp","href":"https:\/\/api.w.org\/{rel}","templated":true}]}}