{"id":31320,"date":"2025-02-20T22:33:10","date_gmt":"2025-02-20T22:33:10","guid":{"rendered":"https:\/\/olemosaic.orbitalia.org\/producto\/llavero-de-madera-letra-z-barcelona\/"},"modified":"2025-07-25T20:01:46","modified_gmt":"2025-07-25T18:01:46","slug":"porte-cles-en-bois-lettre-z-barcelone","status":"publish","type":"product","link":"https:\/\/olemosaic.orbitalia.org\/fr\/produit\/porte-cles-en-bois-lettre-z-barcelone\/","title":{"rendered":"Porte-cl\u00e9s en bois. Lettre Z. Barcelone."},"content":{"rendered":"<p>Ce porte-cl\u00e9s en bois en forme de lettre Z est un v\u00e9ritable hommage \u00e0 la ville vibrante de Barcelone. Chaque d\u00e9tail a \u00e9t\u00e9 soigneusement con\u00e7u pour capturer l&rsquo;essence de cette ville embl\u00e9matique. Il se distingue par son illustration color\u00e9e et pittoresque, o\u00f9 pr\u00e9dominent les tons vifs de rouge et de vert, compl\u00e9t\u00e9s par des touches de bleu, qui \u00e9voquent la cr\u00e9ativit\u00e9 et la joie caract\u00e9risant la ville. Dans la partie sup\u00e9rieure, les impressionnantes tours de la Sagrada Familia sont repr\u00e9sent\u00e9es, l&rsquo;une des \u0153uvres les plus embl\u00e9matiques d&rsquo;Antoni Gaud\u00ed, entour\u00e9es d&rsquo;autres \u00e9l\u00e9ments distinctifs de la capitale catalane, renfor\u00e7ant son lien culturel avec Barcelone.<\/p>\n<p>Ce souvenir n&rsquo;est pas seulement fonctionnel, il est aussi un rappel tangible des merveilles architecturales et de la riche histoire de la ville. Id\u00e9al pour les touristes souhaitant emporter un morceau de Barcelone avec eux, ce porte-cl\u00e9s repr\u00e9sente l&rsquo;authenticit\u00e9 et le style unique de la r\u00e9gion. Chez Ol\u00e9 Mosaic, nous sommes fiers de proposer des souvenirs qui refl\u00e8tent la culture locale, et ce porte-cl\u00e9s en bois est un choix parfait pour les boutiques de cadeaux touristiques \u00e0 la recherche de produits attrayants et repr\u00e9sentatifs. En tant que grossistes d&rsquo;articles typiques, nous garantissons la qualit\u00e9 et l&rsquo;originalit\u00e9 de chacun de nos produits, ce qui en fait des options id\u00e9ales pour ceux qui recherchent des souvenirs de Barcelone \u00e0 la fois esth\u00e9tiques et culturellement significatifs.<\/p>\n","protected":false},"excerpt":{"rendered":"<p>Porte-cl\u00e9s en bois en forme de lettre Z, d\u00e9cor\u00e9 d&rsquo;illustrations color\u00e9es de l&#8217;embl\u00e9matique Sagrada Familia et d&rsquo;autres \u00e9l\u00e9ments distinctifs de Barcelone. Ce porte-cl\u00e9s se distingue par son design vibrant et pittoresque, o\u00f9 pr\u00e9dominent les tons rouges et verts, compl\u00e9t\u00e9s par des d\u00e9tails en bleu. Un souvenir original qui capture l&rsquo;essence de la ville et est parfait pour ceux qui souhaitent emporter un morceau de Barcelone.<\/p>\n","protected":false},"featured_media":10537,"template":"","meta":{"_acf_changed":false},"product_brand":[],"product_cat":[607],"product_tag":[614],"class_list":{"0":"post-31320","1":"product","2":"type-product","3":"status-publish","4":"has-post-thumbnail","6":"product_cat-porte-cles","7":"product_tag-lettres","8":"pa_ciudad-barcelona","9":"pa_motivo-lettre-z","10":"pa_pais-espana","12":"first","13":"instock","14":"shipping-taxable","15":"product-type-simple"},"acf":[],"_links":{"self":[{"href":"https:\/\/olemosaic.orbitalia.org\/fr\/wp-json\/wp\/v2\/product\/31320","targetHints":{"allow":["GET"]}}],"collection":[{"href":"https:\/\/olemosaic.orbitalia.org\/fr\/wp-json\/wp\/v2\/product"}],"about":[{"href":"https:\/\/olemosaic.orbitalia.org\/fr\/wp-json\/wp\/v2\/types\/product"}],"wp:featuredmedia":[{"embeddable":true,"href":"https:\/\/olemosaic.orbitalia.org\/fr\/wp-json\/wp\/v2\/media\/10537"}],"wp:attachment":[{"href":"https:\/\/olemosaic.orbitalia.org\/fr\/wp-json\/wp\/v2\/media?parent=31320"}],"wp:term":[{"taxonomy":"product_brand","embeddable":true,"href":"https:\/\/olemosaic.orbitalia.org\/fr\/wp-json\/wp\/v2\/product_brand?post=31320"},{"taxonomy":"product_cat","embeddable":true,"href":"https:\/\/olemosaic.orbitalia.org\/fr\/wp-json\/wp\/v2\/product_cat?post=31320"},{"taxonomy":"product_tag","embeddable":true,"href":"https:\/\/olemosaic.orbitalia.org\/fr\/wp-json\/wp\/v2\/product_tag?post=31320"}],"curies":[{"name":"wp","href":"https:\/\/api.w.org\/{rel}","templated":true}]}}