{"id":31319,"date":"2025-02-20T22:33:10","date_gmt":"2025-02-20T22:33:10","guid":{"rendered":"https:\/\/olemosaic.orbitalia.org\/producto\/llavero-de-madera-letra-x-mosaico\/"},"modified":"2025-07-25T19:01:04","modified_gmt":"2025-07-25T17:01:04","slug":"porte-cles-en-bois-lettre-x-mosaique","status":"publish","type":"product","link":"https:\/\/olemosaic.orbitalia.org\/fr\/produit\/porte-cles-en-bois-lettre-x-mosaique\/","title":{"rendered":"Porte-cl\u00e9s en bois. Lettre X. Mosa\u00efque."},"content":{"rendered":"<p>Ce porte-cl\u00e9s en bois en forme de lettre X est une repr\u00e9sentation vibrante de la riche tradition artistique espagnole, id\u00e9ale comme souvenir ou cadeau. Son design color\u00e9 en mosa\u00efque comprend des nuances de rouge, jaune, vert et bleu, qui \u00e9voquent les c\u00e9l\u00e8bres techniques artisanales du pays. La base noire souligne et rehausse les nuances brillantes de la mosa\u00efque, cr\u00e9ant un contraste attrayant qui capte l&rsquo;attention et suscite l&rsquo;admiration. Chaque d\u00e9tail de ce porte-cl\u00e9s refl\u00e8te le savoir-faire des artisans qui pr\u00e9servent l&rsquo;h\u00e9ritage culturel de l&rsquo;Espagne, en faisant une pi\u00e8ce \u00e0 la fois d\u00e9corative et fonctionnelle.<\/p>\n<p>La mosa\u00efque, une technique aux racines profondes dans l&rsquo;histoire artistique espagnole, est un symbole de cr\u00e9ativit\u00e9 et de couleur qui r\u00e9sonne \u00e0 travers les g\u00e9n\u00e9rations. Ce porte-cl\u00e9s ne sert pas seulement \u00e0 garder les cl\u00e9s organis\u00e9es, mais fonctionne \u00e9galement comme un rappel quotidien du riche patrimoine culturel et artistique de l&rsquo;Espagne. Parfait pour les touristes \u00e0 la recherche d&rsquo;un souvenir authentique, c&rsquo;est un article qui allie esth\u00e9tique et praticit\u00e9.<\/p>\n<p>Chez Ol\u00e9 Mosaic, nous nous sp\u00e9cialisons dans la distribution de souvenirs en gros, offrant des articles qui correspondent parfaitement aux d\u00e9sirs de ceux qui cherchent \u00e0 emporter un morceau d&rsquo;Espagne chez eux. Ce porte-cl\u00e9s en mosa\u00efque est une excellente option pour les boutiques de cadeaux touristiques \u00e0 la recherche de produits de qualit\u00e9 et authentiques. En tant que grossistes de souvenirs, nous garantissons l&rsquo;authenticit\u00e9 et le charme de chaque pi\u00e8ce.<\/p>\n","protected":false},"excerpt":{"rendered":"<p>Porte-cl\u00e9s en bois en forme de lettre X, orn\u00e9 d&rsquo;un design en mosa\u00efque vibrant. Cet article se distingue par sa finition color\u00e9e dans les tons rouges, jaunes, verts et bleus, \u00e9voquant les techniques artisanales typiques de l&rsquo;Espagne. La base noire rehausse les couleurs de la mosa\u00efque, cr\u00e9ant un contraste attrayant. Id\u00e9al comme souvenir ou cadeau, ce porte-cl\u00e9s allie fonctionnalit\u00e9 et esth\u00e9tique, emportant avec lui un morceau de culture et de tradition.<\/p>\n","protected":false},"featured_media":10774,"template":"","meta":{"_acf_changed":false},"product_brand":[],"product_cat":[607],"product_tag":[614],"class_list":{"0":"post-31319","1":"product","2":"type-product","3":"status-publish","4":"has-post-thumbnail","6":"product_cat-porte-cles","7":"product_tag-lettres","8":"pa_motivo-lettre-x","10":"first","11":"instock","12":"shipping-taxable","13":"product-type-simple"},"acf":[],"_links":{"self":[{"href":"https:\/\/olemosaic.orbitalia.org\/fr\/wp-json\/wp\/v2\/product\/31319","targetHints":{"allow":["GET"]}}],"collection":[{"href":"https:\/\/olemosaic.orbitalia.org\/fr\/wp-json\/wp\/v2\/product"}],"about":[{"href":"https:\/\/olemosaic.orbitalia.org\/fr\/wp-json\/wp\/v2\/types\/product"}],"wp:featuredmedia":[{"embeddable":true,"href":"https:\/\/olemosaic.orbitalia.org\/fr\/wp-json\/wp\/v2\/media\/10774"}],"wp:attachment":[{"href":"https:\/\/olemosaic.orbitalia.org\/fr\/wp-json\/wp\/v2\/media?parent=31319"}],"wp:term":[{"taxonomy":"product_brand","embeddable":true,"href":"https:\/\/olemosaic.orbitalia.org\/fr\/wp-json\/wp\/v2\/product_brand?post=31319"},{"taxonomy":"product_cat","embeddable":true,"href":"https:\/\/olemosaic.orbitalia.org\/fr\/wp-json\/wp\/v2\/product_cat?post=31319"},{"taxonomy":"product_tag","embeddable":true,"href":"https:\/\/olemosaic.orbitalia.org\/fr\/wp-json\/wp\/v2\/product_tag?post=31319"}],"curies":[{"name":"wp","href":"https:\/\/api.w.org\/{rel}","templated":true}]}}