{"id":31318,"date":"2025-02-20T22:33:10","date_gmt":"2025-02-20T22:33:10","guid":{"rendered":"https:\/\/olemosaic.orbitalia.org\/producto\/llavero-de-madera-letra-u-mosaico\/"},"modified":"2025-07-25T19:42:30","modified_gmt":"2025-07-25T17:42:30","slug":"porte-cles-en-bois-lettre-u-mosaique","status":"publish","type":"product","link":"https:\/\/olemosaic.orbitalia.org\/fr\/produit\/porte-cles-en-bois-lettre-u-mosaique\/","title":{"rendered":"Porte-cl\u00e9s en bois. Lettre U. Mosa\u00efque."},"content":{"rendered":"<p>Ce porte-cl\u00e9s en bois en forme de lettre U est une pi\u00e8ce vibrante qui capture l&rsquo;essence de la riche tradition artistique espagnole. Son design unique pr\u00e9sente une mosa\u00efque color\u00e9e de tons jaunes, bleus, rouges et verts, \u00e9voquant les c\u00e9l\u00e8bres azulejos qui ornent de nombreux monuments et places du pays, comme ceux de l&rsquo;Alhambra \u00e0 Grenade ou du Parc G\u00fcell \u00e0 Barcelone. Chaque fragment de la mosa\u00efque est m\u00e9ticuleusement repr\u00e9sent\u00e9, cr\u00e9ant un effet visuel frappant qui, en plus d&rsquo;\u00eatre attrayant, symbolise la beaut\u00e9 et la diversit\u00e9 culturelle de la nation.<\/p>\n<p>Fabriqu\u00e9 en bois l\u00e9ger, ce porte-cl\u00e9s combine fonctionnalit\u00e9 et style distinctif, id\u00e9al pour garder les cl\u00e9s organis\u00e9es tout en ajoutant une touche d&rsquo;art au quotidien. Son design en forme de lettre U en fait un cadeau personnalisable et significatif, parfait pour se souvenir de moments sp\u00e9ciaux ou pour partager avec ses proches.<\/p>\n<p>En tant qu&rsquo;authentique souvenir, ce porte-cl\u00e9s en mosa\u00efque repr\u00e9sente la cr\u00e9ativit\u00e9 et l&rsquo;h\u00e9ritage artistique de l&rsquo;Espagne, ce qui en fait une excellente option pour les touristes \u00e0 la recherche de souvenirs repr\u00e9sentatifs. Chez Ol\u00e9 Mosaic, sp\u00e9cialistes de la distribution de souvenirs en gros, nous garantissons la qualit\u00e9 et l&rsquo;authenticit\u00e9 de chaque pi\u00e8ce, assurant que les boutiques de cadeaux touristiques trouvent dans ce porte-cl\u00e9s un produit attrayant et pertinent pour leurs clients.<\/p>\n","protected":false},"excerpt":{"rendered":"<p>Porte-cl\u00e9s en bois en forme de lettre U, con\u00e7u avec une mosa\u00efque de couleurs vibrantes. Cet accessoire attrayant pr\u00e9sente une finition d\u00e9taill\u00e9e dans les tons jaunes, bleus, rouges et verts, \u00e9voquant la riche tradition artistique espagnole. Son design unique, inspir\u00e9 des mosa\u00efques traditionnelles, en fait un souvenir parfait pour se souvenir de moments sp\u00e9ciaux ou pour offrir. L\u00e9ger et fonctionnel, il est id\u00e9al pour garder vos cl\u00e9s organis\u00e9es avec style.<\/p>\n","protected":false},"featured_media":10771,"template":"","meta":{"_acf_changed":false},"product_brand":[],"product_cat":[607],"product_tag":[614],"class_list":{"0":"post-31318","1":"product","2":"type-product","3":"status-publish","4":"has-post-thumbnail","6":"product_cat-porte-cles","7":"product_tag-lettres","8":"pa_motivo-lettre-u","10":"first","11":"instock","12":"shipping-taxable","13":"product-type-simple"},"acf":[],"_links":{"self":[{"href":"https:\/\/olemosaic.orbitalia.org\/fr\/wp-json\/wp\/v2\/product\/31318","targetHints":{"allow":["GET"]}}],"collection":[{"href":"https:\/\/olemosaic.orbitalia.org\/fr\/wp-json\/wp\/v2\/product"}],"about":[{"href":"https:\/\/olemosaic.orbitalia.org\/fr\/wp-json\/wp\/v2\/types\/product"}],"wp:featuredmedia":[{"embeddable":true,"href":"https:\/\/olemosaic.orbitalia.org\/fr\/wp-json\/wp\/v2\/media\/10771"}],"wp:attachment":[{"href":"https:\/\/olemosaic.orbitalia.org\/fr\/wp-json\/wp\/v2\/media?parent=31318"}],"wp:term":[{"taxonomy":"product_brand","embeddable":true,"href":"https:\/\/olemosaic.orbitalia.org\/fr\/wp-json\/wp\/v2\/product_brand?post=31318"},{"taxonomy":"product_cat","embeddable":true,"href":"https:\/\/olemosaic.orbitalia.org\/fr\/wp-json\/wp\/v2\/product_cat?post=31318"},{"taxonomy":"product_tag","embeddable":true,"href":"https:\/\/olemosaic.orbitalia.org\/fr\/wp-json\/wp\/v2\/product_tag?post=31318"}],"curies":[{"name":"wp","href":"https:\/\/api.w.org\/{rel}","templated":true}]}}