{"id":31317,"date":"2025-02-20T23:33:10","date_gmt":"2025-02-20T22:33:10","guid":{"rendered":"https:\/\/olemosaic.orbitalia.org\/producto\/llavero-de-madera-letra-t\/"},"modified":"2025-07-25T18:44:44","modified_gmt":"2025-07-25T16:44:44","slug":"porte-cles-en-bois-lettre-t","status":"publish","type":"product","link":"https:\/\/olemosaic.orbitalia.org\/fr\/produit\/porte-cles-en-bois-lettre-t\/","title":{"rendered":"Porte-cl\u00e9s en bois. Lettre T."},"content":{"rendered":"<p>Ce porte-cl\u00e9s en bois en forme de lettre T est une pi\u00e8ce unique qui capture l&rsquo;essence vibrante de l&rsquo;art barcelonais, inspir\u00e9e par l&rsquo;\u0153uvre c\u00e9l\u00e8bre d&rsquo;Antoni Gaud\u00ed. Son design brillant int\u00e8gre un m\u00e9lange de couleurs joyeuses comme le bleu, le jaune, le rouge et le vert, dispos\u00e9es avec ma\u00eetrise sur un fond blanc, \u00e9voquant la c\u00e9l\u00e8bre technique du trencad\u00eds que Gaud\u00ed a popularis\u00e9e dans ses \u0153uvres. Ce porte-cl\u00e9s, en plus d&rsquo;\u00eatre un accessoire pratique, devient un objet d\u00e9coratif fascinant qui permettra aux touristes d&#8217;emporter avec eux un morceau du g\u00e9nie et de la cr\u00e9ativit\u00e9 qui caract\u00e9risent la cit\u00e9 comtale. La lettre T ne symbolise pas seulement un nom ou une initiale, mais, en tant que souvenir typique, elle devient un rappel \u00e9motionnel de l&rsquo;exp\u00e9rience v\u00e9cue \u00e0 Barcelone. Parfait pour ceux qui recherchent un cadeau significatif, ce porte-cl\u00e9s est un excellent repr\u00e9sentant des souvenirs de Barcelone, id\u00e9al pour les boutiques de cadeaux touristiques souhaitant proposer des produits authentiques et \u00e0 valeur culturelle. Chez Ol\u00e9 Mosaic, en tant que distributeurs de porte-cl\u00e9s en gros, nous garantissons la qualit\u00e9 et l&rsquo;authenticit\u00e9 de chaque pi\u00e8ce, faisant de ce porte-cl\u00e9s en bois une option de choix pour toute collection.<\/p>\n","protected":false},"excerpt":{"rendered":"<p>Porte-cl\u00e9s en bois en forme de lettre T, d\u00e9cor\u00e9 d&rsquo;un design en mosa\u00efque vibrant inspir\u00e9 de l&rsquo;\u0153uvre d&rsquo;Antoni Gaud\u00ed. Cet original porte-cl\u00e9s pr\u00e9sente un m\u00e9lange de couleurs joyeuses comme le bleu, le jaune, le rouge et le vert sur un fond blanc, \u00e9voquant la c\u00e9l\u00e8bre technique du trencad\u00eds. Id\u00e9al pour emporter partout avec soi un morceau de la cr\u00e9ativit\u00e9 et de l&rsquo;art barcelonais, c&rsquo;est un cadeau parfait pour les amateurs de design.<\/p>\n","protected":false},"featured_media":10939,"template":"","meta":{"_acf_changed":false},"product_brand":[],"product_cat":[607],"product_tag":[614],"class_list":{"0":"post-31317","1":"product","2":"type-product","3":"status-publish","4":"has-post-thumbnail","6":"product_cat-porte-cles","7":"product_tag-lettres","8":"pa_motivo-lettre-t","10":"first","11":"instock","12":"shipping-taxable","13":"product-type-simple"},"acf":[],"_links":{"self":[{"href":"https:\/\/olemosaic.orbitalia.org\/fr\/wp-json\/wp\/v2\/product\/31317","targetHints":{"allow":["GET"]}}],"collection":[{"href":"https:\/\/olemosaic.orbitalia.org\/fr\/wp-json\/wp\/v2\/product"}],"about":[{"href":"https:\/\/olemosaic.orbitalia.org\/fr\/wp-json\/wp\/v2\/types\/product"}],"wp:featuredmedia":[{"embeddable":true,"href":"https:\/\/olemosaic.orbitalia.org\/fr\/wp-json\/wp\/v2\/media\/10939"}],"wp:attachment":[{"href":"https:\/\/olemosaic.orbitalia.org\/fr\/wp-json\/wp\/v2\/media?parent=31317"}],"wp:term":[{"taxonomy":"product_brand","embeddable":true,"href":"https:\/\/olemosaic.orbitalia.org\/fr\/wp-json\/wp\/v2\/product_brand?post=31317"},{"taxonomy":"product_cat","embeddable":true,"href":"https:\/\/olemosaic.orbitalia.org\/fr\/wp-json\/wp\/v2\/product_cat?post=31317"},{"taxonomy":"product_tag","embeddable":true,"href":"https:\/\/olemosaic.orbitalia.org\/fr\/wp-json\/wp\/v2\/product_tag?post=31317"}],"curies":[{"name":"wp","href":"https:\/\/api.w.org\/{rel}","templated":true}]}}