{"id":31314,"date":"2025-02-20T23:33:09","date_gmt":"2025-02-20T22:33:09","guid":{"rendered":"https:\/\/olemosaic.orbitalia.org\/producto\/llavero-de-madera-letra-q-mosaico\/"},"modified":"2025-07-25T18:42:47","modified_gmt":"2025-07-25T16:42:47","slug":"porte-cles-en-bois-lettre-q-mosaique","status":"publish","type":"product","link":"https:\/\/olemosaic.orbitalia.org\/fr\/produit\/porte-cles-en-bois-lettre-q-mosaique\/","title":{"rendered":"Porte-cl\u00e9s en bois. Lettre Q. Mosa\u00efque."},"content":{"rendered":"<p>Ce porte-cl\u00e9s en bois en forme de lettre Q est un exemple exquis du riche h\u00e9ritage culturel espagnol, inspir\u00e9 par les c\u00e9l\u00e8bres mosa\u00efques qui ornent divers coins du pays. Son design vibrant pr\u00e9sente une combinaison de fragments en rouge, bleu, jaune et vert qui imitent la technique du trencad\u00eds, caract\u00e9ristique de l&rsquo;\u0153uvre de l&rsquo;architecte Antoni Gaud\u00ed, et apporte une touche artistique et moderne \u00e0 un accessoire quotidien. Fabriqu\u00e9 en bois de haute qualit\u00e9, ce porte-cl\u00e9s est non seulement l\u00e9ger et pratique, mais sa finition lisse fait ressortir chaque couleur, faisant de chaque lettre un v\u00e9ritable d\u00e9lice visuel.<\/p>\n<p>En tant que souvenir repr\u00e9sentatif, ce porte-cl\u00e9s ajoute une touche sp\u00e9ciale \u00e0 n&rsquo;importe quel trousseau de cl\u00e9s, les gardant organis\u00e9es tout en \u00e9voquant l&rsquo;essence et la chaleur de la culture espagnole. Son design tr\u00e8s sp\u00e9cial en fait le souvenir parfait pour les touristes qui souhaitent ramener chez eux un petit morceau de la tradition artistique du pays. Chez Ol\u00e9 Mosaic, en tant que grossiste de souvenirs, nous proposons des produits qui capturent l&rsquo;authenticit\u00e9 et la beaut\u00e9 de l&rsquo;h\u00e9ritage culturel espagnol. Ce porte-cl\u00e9s en mosa\u00efque est une excellente option pour les boutiques de cadeaux touristiques qui cherchent \u00e0 offrir des articles uniques et significatifs \u00e0 leurs clients.<\/p>\n","protected":false},"excerpt":{"rendered":"<p>Porte-cl\u00e9s en bois en forme de lettre Q, inspir\u00e9 par la c\u00e9l\u00e8bre mosa\u00efque de la culture espagnole. Ce porte-cl\u00e9s attrayant pr\u00e9sente un design color\u00e9 avec des fragments en rouge, bleu, jaune et vert, imitant la technique du trencad\u00eds. Sa finition lisse et sa structure l\u00e9g\u00e8re en font un accessoire pratique et moderne, parfait pour garder les cl\u00e9s organis\u00e9es tout en ajoutant une touche artistique \u00e0 votre quotidien.<\/p>\n","protected":false},"featured_media":10767,"template":"","meta":{"_acf_changed":false},"product_brand":[],"product_cat":[607],"product_tag":[614],"class_list":{"0":"post-31314","1":"product","2":"type-product","3":"status-publish","4":"has-post-thumbnail","6":"product_cat-porte-cles","7":"product_tag-lettres","8":"pa_motivo-lettre-q","10":"first","11":"instock","12":"shipping-taxable","13":"product-type-simple"},"acf":[],"_links":{"self":[{"href":"https:\/\/olemosaic.orbitalia.org\/fr\/wp-json\/wp\/v2\/product\/31314","targetHints":{"allow":["GET"]}}],"collection":[{"href":"https:\/\/olemosaic.orbitalia.org\/fr\/wp-json\/wp\/v2\/product"}],"about":[{"href":"https:\/\/olemosaic.orbitalia.org\/fr\/wp-json\/wp\/v2\/types\/product"}],"wp:featuredmedia":[{"embeddable":true,"href":"https:\/\/olemosaic.orbitalia.org\/fr\/wp-json\/wp\/v2\/media\/10767"}],"wp:attachment":[{"href":"https:\/\/olemosaic.orbitalia.org\/fr\/wp-json\/wp\/v2\/media?parent=31314"}],"wp:term":[{"taxonomy":"product_brand","embeddable":true,"href":"https:\/\/olemosaic.orbitalia.org\/fr\/wp-json\/wp\/v2\/product_brand?post=31314"},{"taxonomy":"product_cat","embeddable":true,"href":"https:\/\/olemosaic.orbitalia.org\/fr\/wp-json\/wp\/v2\/product_cat?post=31314"},{"taxonomy":"product_tag","embeddable":true,"href":"https:\/\/olemosaic.orbitalia.org\/fr\/wp-json\/wp\/v2\/product_tag?post=31314"}],"curies":[{"name":"wp","href":"https:\/\/api.w.org\/{rel}","templated":true}]}}