{"id":31312,"date":"2025-02-20T23:33:09","date_gmt":"2025-02-20T22:33:09","guid":{"rendered":"https:\/\/olemosaic.orbitalia.org\/producto\/llavero-de-madera-letra-c-valencia\/"},"modified":"2025-07-25T18:44:33","modified_gmt":"2025-07-25T16:44:33","slug":"porte-cles-en-bois-lettre-c-valence","status":"publish","type":"product","link":"https:\/\/olemosaic.orbitalia.org\/fr\/produit\/porte-cles-en-bois-lettre-c-valence\/","title":{"rendered":"Porte-cl\u00e9s en bois. Lettre C. Valence."},"content":{"rendered":"<p>Ce porte-cl\u00e9s en bois en forme de lettre C est un charmant souvenir qui capture l&rsquo;essence vibrante de la ville de Valence. Con\u00e7u avec une combinaison de couleurs vives et des d\u00e9tails m\u00e9ticuleux, il se distingue par sa repr\u00e9sentation artistique du patrimoine architectural valencien, avec des ic\u00f4nes telles que l&rsquo;historique Lonja de la Seda et la moderne Cit\u00e9 des Arts et des Sciences. Chaque c\u00f4t\u00e9 du porte-cl\u00e9s pr\u00e9sente des illustrations color\u00e9es qui \u00e9voquent le riche h\u00e9ritage culturel de la ville, \u00e9quilibrant tradition et innovation dans un design attrayant.<\/p>\n<p>Avec une finition lisse et polie, ce porte-cl\u00e9s n&rsquo;est pas seulement fonctionnel, il sert \u00e9galement de rappel visuel des merveilleux moments v\u00e9cus \u00e0 Valence, devenant un cadeau parfait pour les touristes et les visiteurs. La lettre C ajoute une touche personnelle, id\u00e9ale pour ceux dont le nom commence par cette lettre ou pour ceux qui cherchent une fa\u00e7on unique d&#8217;emporter avec eux un fragment de leur exp\u00e9rience dans la ville.<\/p>\n<p>Chez Ol\u00e9 Mosaic, nous sommes fiers de proposer des souvenirs authentiques et repr\u00e9sentatifs qui c\u00e9l\u00e8brent la culture espagnole. Ce porte-cl\u00e9s en bois est une excellente option pour les boutiques de souvenirs touristiques, car il allie art, fonctionnalit\u00e9 et un profond sentiment d&rsquo;appartenance culturelle. En optant pour nos porte-cl\u00e9s en gros, vos clients pourront profiter de cadeaux de qualit\u00e9 qui capturent l&rsquo;esprit de Valence.<\/p>\n","protected":false},"excerpt":{"rendered":"<p>Porte-cl\u00e9s en bois en forme de lettre C, inspir\u00e9 par la ville vibrante de Valence. Cette pi\u00e8ce pr\u00e9sente un design color\u00e9 et d\u00e9taill\u00e9 montrant le c\u00e9l\u00e8bre patrimoine architectural de la ville, avec des \u00e9l\u00e9ments tels que la Lonja de la Seda et la Cit\u00e9 des Arts et des Sciences. Avec des couleurs vives et une finition lisse, le porte-cl\u00e9s allie art et fonctionnalit\u00e9, \u00e9tant un souvenir parfait pour ceux qui souhaitent emporter un morceau de Valence avec eux.<\/p>\n","protected":false},"featured_media":10861,"template":"","meta":{"_acf_changed":false},"product_brand":[],"product_cat":[607],"product_tag":[614],"class_list":{"0":"post-31312","1":"product","2":"type-product","3":"status-publish","4":"has-post-thumbnail","6":"product_cat-porte-cles","7":"product_tag-lettres","8":"pa_ciudad-valencia","9":"pa_motivo-lettre-c","10":"pa_pais-espana","12":"first","13":"instock","14":"shipping-taxable","15":"product-type-simple"},"acf":[],"_links":{"self":[{"href":"https:\/\/olemosaic.orbitalia.org\/fr\/wp-json\/wp\/v2\/product\/31312","targetHints":{"allow":["GET"]}}],"collection":[{"href":"https:\/\/olemosaic.orbitalia.org\/fr\/wp-json\/wp\/v2\/product"}],"about":[{"href":"https:\/\/olemosaic.orbitalia.org\/fr\/wp-json\/wp\/v2\/types\/product"}],"wp:featuredmedia":[{"embeddable":true,"href":"https:\/\/olemosaic.orbitalia.org\/fr\/wp-json\/wp\/v2\/media\/10861"}],"wp:attachment":[{"href":"https:\/\/olemosaic.orbitalia.org\/fr\/wp-json\/wp\/v2\/media?parent=31312"}],"wp:term":[{"taxonomy":"product_brand","embeddable":true,"href":"https:\/\/olemosaic.orbitalia.org\/fr\/wp-json\/wp\/v2\/product_brand?post=31312"},{"taxonomy":"product_cat","embeddable":true,"href":"https:\/\/olemosaic.orbitalia.org\/fr\/wp-json\/wp\/v2\/product_cat?post=31312"},{"taxonomy":"product_tag","embeddable":true,"href":"https:\/\/olemosaic.orbitalia.org\/fr\/wp-json\/wp\/v2\/product_tag?post=31312"}],"curies":[{"name":"wp","href":"https:\/\/api.w.org\/{rel}","templated":true}]}}