{"id":31306,"date":"2025-02-20T22:33:09","date_gmt":"2025-02-20T22:33:09","guid":{"rendered":"https:\/\/olemosaic.orbitalia.org\/producto\/llavero-de-madera-letra-y-barcelona\/"},"modified":"2025-07-25T18:41:36","modified_gmt":"2025-07-25T16:41:36","slug":"porte-cles-en-bois-lettre-y-barcelone","status":"publish","type":"product","link":"https:\/\/olemosaic.orbitalia.org\/fr\/produit\/porte-cles-en-bois-lettre-y-barcelone\/","title":{"rendered":"Porte-cl\u00e9s en bois. Lettre Y. Barcelone."},"content":{"rendered":"<p>Ce porte-cl\u00e9s en bois en forme de \u00ab\u00a0Y\u00a0\u00bb est un charmant souvenir con\u00e7u pour capturer l&rsquo;essence vibrante de Barcelone. Inspir\u00e9 par les c\u00e9l\u00e8bres mosa\u00efques qui ornent la ville, cet accessoire attrayant repr\u00e9sente l&rsquo;iconique Sagrada Familia, se distinguant dans une explosion de couleurs incluant des tons rouges, jaunes et verts. Les d\u00e9tails artistiques, rappelant les vitraux, g\u00e9n\u00e8rent un effet visuel captivant qui rend hommage au style moderniste incomparable d&rsquo;Antoni Gaud\u00ed.<\/p>\n<p>Fabriqu\u00e9 en bois de haute qualit\u00e9, le porte-cl\u00e9s combine fonctionnalit\u00e9 et style, devenant un objet indispensable pour ceux qui cherchent \u00e0 emporter un morceau de Barcelone avec eux. La repr\u00e9sentation d\u00e9licate de la Sagrada Familia ne souligne pas seulement la monumentalit\u00e9 de cette \u0153uvre architecturale, elle refl\u00e8te \u00e9galement le riche h\u00e9ritage culturel de la ville, faisant de ce porte-cl\u00e9s un souvenir authentique et significatif de l&rsquo;une des villes les plus embl\u00e9matiques d&rsquo;Espagne.<\/p>\n<p>Chez Ol\u00e9 Mosaic, nous proposons une vari\u00e9t\u00e9 de souvenirs de Barcelone qui se distinguent par leur authenticity et leur design inspir\u00e9 de la culture locale. Ce porte-cl\u00e9s en bois est une excellente option pour les boutiques de cadeaux touristiques \u00e0 la recherche de produits distinctifs et m\u00e9morables. En tant que grossistes de porte-cl\u00e9s, nous garantissons la qualit\u00e9 et l&rsquo;originalit\u00e9 de chaque pi\u00e8ce, id\u00e9ale pour les touristes qui souhaitent emporter un souvenir unique de leur visite dans la capitale catalane.<\/p>\n","protected":false},"excerpt":{"rendered":"<p>Porte-cl\u00e9s en bois en forme de lettre \u00ab\u00a0Y\u00a0\u00bb, inspir\u00e9 par les mosa\u00efques vibrantes de Barcelone. Ce porte-cl\u00e9s attrayant se distingue par son design color\u00e9, repr\u00e9sentant l&rsquo;iconique Sagrada Familia dans des tons rouges, jaunes et verts, \u00e9voquant l&rsquo;essence de l&rsquo;art moderniste de Gaud\u00ed. Les d\u00e9tails, avec un style similaire \u00e0 celui des vitraux, lui donnent une touche artistique, en faisant un souvenir parfait pour les amoureux de Barcelone. Un accessoire id\u00e9al qui combine fonctionnalit\u00e9 et style.<\/p>\n","protected":false},"featured_media":10510,"template":"","meta":{"_acf_changed":false},"product_brand":[],"product_cat":[607],"product_tag":[614],"class_list":{"0":"post-31306","1":"product","2":"type-product","3":"status-publish","4":"has-post-thumbnail","6":"product_cat-porte-cles","7":"product_tag-lettres","8":"pa_ciudad-barcelona","9":"pa_motivo-lettre-y","10":"pa_pais-espana","12":"first","13":"instock","14":"shipping-taxable","15":"product-type-simple"},"acf":[],"_links":{"self":[{"href":"https:\/\/olemosaic.orbitalia.org\/fr\/wp-json\/wp\/v2\/product\/31306","targetHints":{"allow":["GET"]}}],"collection":[{"href":"https:\/\/olemosaic.orbitalia.org\/fr\/wp-json\/wp\/v2\/product"}],"about":[{"href":"https:\/\/olemosaic.orbitalia.org\/fr\/wp-json\/wp\/v2\/types\/product"}],"wp:featuredmedia":[{"embeddable":true,"href":"https:\/\/olemosaic.orbitalia.org\/fr\/wp-json\/wp\/v2\/media\/10510"}],"wp:attachment":[{"href":"https:\/\/olemosaic.orbitalia.org\/fr\/wp-json\/wp\/v2\/media?parent=31306"}],"wp:term":[{"taxonomy":"product_brand","embeddable":true,"href":"https:\/\/olemosaic.orbitalia.org\/fr\/wp-json\/wp\/v2\/product_brand?post=31306"},{"taxonomy":"product_cat","embeddable":true,"href":"https:\/\/olemosaic.orbitalia.org\/fr\/wp-json\/wp\/v2\/product_cat?post=31306"},{"taxonomy":"product_tag","embeddable":true,"href":"https:\/\/olemosaic.orbitalia.org\/fr\/wp-json\/wp\/v2\/product_tag?post=31306"}],"curies":[{"name":"wp","href":"https:\/\/api.w.org\/{rel}","templated":true}]}}