{"id":31291,"date":"2025-02-20T23:33:08","date_gmt":"2025-02-20T22:33:08","guid":{"rendered":"https:\/\/olemosaic.orbitalia.org\/producto\/llavero-de-madera-letra-s\/"},"modified":"2025-07-25T18:44:05","modified_gmt":"2025-07-25T16:44:05","slug":"porte-cles-en-bois-lettre-s","status":"publish","type":"product","link":"https:\/\/olemosaic.orbitalia.org\/fr\/produit\/porte-cles-en-bois-lettre-s\/","title":{"rendered":"Porte-cl\u00e9s en bois. Lettre S."},"content":{"rendered":"<p>Ce porte-cl\u00e9s en bois en forme de lettre \u00ab\u00a0S\u00a0\u00bb est un hommage vibrant \u00e0 l&rsquo;iconique trencad\u00eds de Gaud\u00ed, capturant l&rsquo;essence du design moderniste barcelonais. Son coloris, compos\u00e9 de fragments rouges, bleus, verts et noirs, ressort sur un fond blanc qui accentue l&rsquo;\u00e9clat de chaque nuance. Cet accessoire, l\u00e9ger et fonctionnel, n&rsquo;organise pas seulement vos cl\u00e9s, mais ajoute \u00e9galement une touche artistique et contemporaine \u00e0 votre quotidien. La technique de finition m\u00e9ticuleuse garantit que chaque pi\u00e8ce est unique, renfor\u00e7ant sa valeur en tant que souvenir repr\u00e9sentatif de l&rsquo;architecture catalane.<\/p>\n<p>Le trencad\u00eds, une technique popularis\u00e9e par Gaud\u00ed dans ses \u0153uvres, se refl\u00e8te dans ce porte-cl\u00e9s, en faisant le souvenir parfait de la beaut\u00e9 architecturale qui impr\u00e8gne Barcelone. De plus, son design singulier invite \u00e0 la r\u00e9flexion sur la fusion de l&rsquo;art et de la fonctionnalit\u00e9, marque de fabrique de la ville. Ce porte-cl\u00e9s est une excellente option pour les touristes \u00e0 la recherche d&rsquo;un souvenir authentique et significatif, pour emporter un morceau de Barcelone au quotidien. Chez Ol\u00e9 Mosaic, nous sommes fiers de proposer des souvenirs de qualit\u00e9 en gros, id\u00e9aux pour les boutiques de cadeaux touristiques souhaitant offrir des produits culturels et repr\u00e9sentatifs, comme ce porte-cl\u00e9s en bois abordable.<\/p>\n","protected":false},"excerpt":{"rendered":"<p>Porte-cl\u00e9s en bois en forme de lettre S, inspir\u00e9 par le c\u00e9l\u00e8bre trencad\u00eds de Gaud\u00ed. Ce porte-cl\u00e9s distinctif pr\u00e9sente un design color\u00e9 combinant des fragments rouges, bleus, verts et noirs sur un fond blanc. La finition souligne la singularit\u00e9 de chaque pi\u00e8ce, faisant de cet accessoire un souvenir id\u00e9al de l&rsquo;architecture barcelonaise. L\u00e9ger et fonctionnel, il est parfait pour organiser vos cl\u00e9s avec une touche artistique.<\/p>\n","protected":false},"featured_media":10938,"template":"","meta":{"_acf_changed":false},"product_brand":[],"product_cat":[607],"product_tag":[614],"class_list":{"0":"post-31291","1":"product","2":"type-product","3":"status-publish","4":"has-post-thumbnail","6":"product_cat-porte-cles","7":"product_tag-lettres","8":"pa_motivo-lettre-s","10":"first","11":"instock","12":"shipping-taxable","13":"product-type-simple"},"acf":[],"_links":{"self":[{"href":"https:\/\/olemosaic.orbitalia.org\/fr\/wp-json\/wp\/v2\/product\/31291","targetHints":{"allow":["GET"]}}],"collection":[{"href":"https:\/\/olemosaic.orbitalia.org\/fr\/wp-json\/wp\/v2\/product"}],"about":[{"href":"https:\/\/olemosaic.orbitalia.org\/fr\/wp-json\/wp\/v2\/types\/product"}],"wp:featuredmedia":[{"embeddable":true,"href":"https:\/\/olemosaic.orbitalia.org\/fr\/wp-json\/wp\/v2\/media\/10938"}],"wp:attachment":[{"href":"https:\/\/olemosaic.orbitalia.org\/fr\/wp-json\/wp\/v2\/media?parent=31291"}],"wp:term":[{"taxonomy":"product_brand","embeddable":true,"href":"https:\/\/olemosaic.orbitalia.org\/fr\/wp-json\/wp\/v2\/product_brand?post=31291"},{"taxonomy":"product_cat","embeddable":true,"href":"https:\/\/olemosaic.orbitalia.org\/fr\/wp-json\/wp\/v2\/product_cat?post=31291"},{"taxonomy":"product_tag","embeddable":true,"href":"https:\/\/olemosaic.orbitalia.org\/fr\/wp-json\/wp\/v2\/product_tag?post=31291"}],"curies":[{"name":"wp","href":"https:\/\/api.w.org\/{rel}","templated":true}]}}