{"id":31288,"date":"2025-02-20T22:33:08","date_gmt":"2025-02-20T22:33:08","guid":{"rendered":"https:\/\/olemosaic.orbitalia.org\/producto\/llavero-de-madera-letra-p-mosaico\/"},"modified":"2025-07-25T19:55:26","modified_gmt":"2025-07-25T17:55:26","slug":"porte-cles-en-bois-lettre-p-mosaique","status":"publish","type":"product","link":"https:\/\/olemosaic.orbitalia.org\/fr\/produit\/porte-cles-en-bois-lettre-p-mosaique\/","title":{"rendered":"Porte-cl\u00e9s en bois. Lettre P. Mosa\u00efque."},"content":{"rendered":"<p>Ce porte-cl\u00e9s en bois avec la lettre \u00ab\u00a0P\u00a0\u00bb est un article singulier qui se distingue par sa mosa\u00efque de couleurs vibrantes, \u00e9voquant le c\u00e9l\u00e8bre style d\u00e9coratif de l&rsquo;art espagnol. Avec un design moderne et artistique, ce porte-cl\u00e9s pr\u00e9sente une charmante combinaison de tons bleus, roses, jaunes et verts, entrelac\u00e9s dans un motif attrayant qui capture l&rsquo;essence de la culture m\u00e9diterran\u00e9enne. La finition lisse souligne la qualit\u00e9 du mat\u00e9riau, tandis que le contour noir d\u00e9finit sa forme, apportant une touche contemporaine et \u00e9l\u00e9gante.<\/p>\n<p>Id\u00e9al comme souvenir, ce porte-cl\u00e9s n&rsquo;est pas seulement fonctionnel, il est aussi une excellente repr\u00e9sentation de l&rsquo;art de la mosa\u00efque, une tradition tr\u00e8s appr\u00e9ci\u00e9e dans plusieurs r\u00e9gions d&rsquo;Espagne, de la c\u00e9l\u00e8bre Alhambra de Grenade aux impressionnantes \u0153uvres de Gaud\u00ed \u00e0 Barcelone. Chaque fois que vous l&rsquo;utiliserez, il vous rappellera la richesse culturelle de l&rsquo;Espagne et vous transportera vers ses paysages et son architecture color\u00e9s.<\/p>\n<p>Chez Ol\u00e9 Mosaic, nous sommes sp\u00e9cialistes de la distribution en gros de souvenirs uniques, et ce porte-cl\u00e9s en bois est parfait pour les boutiques de cadeaux touristiques \u00e0 la recherche de produits authentiques et charg\u00e9s d&rsquo;histoire. Avec son design attrayant et sa connexion culturelle, ce porte-cl\u00e9s en mosa\u00efque est un choix id\u00e9al pour les touristes souhaitant emporter chez eux un morceau d&rsquo;art et de tradition.<\/p>\n","protected":false},"excerpt":{"rendered":"<p>Porte-cl\u00e9s en bois en forme de lettre \u00ab\u00a0P\u00a0\u00bb, d\u00e9cor\u00e9 d&rsquo;une mosa\u00efque de couleurs vibrantes. Cet article pr\u00e9sente un design moderne et artistique combinant des nuances de bleu, rose, jaune et vert, \u00e9voquant le c\u00e9l\u00e8bre style d\u00e9coratif espagnol. Avec une finition lisse, il arbore des d\u00e9tails en contour noir qui soulignent sa forme distinctive. Id\u00e9al comme souvenir, ce porte-cl\u00e9s ajoute une touche cr\u00e9ative et personnelle \u00e0 vos cl\u00e9s, repr\u00e9sentant la riche tradition de la mosa\u00efque dans la culture espagnole.<\/p>\n","protected":false},"featured_media":10766,"template":"","meta":{"_acf_changed":false},"product_brand":[],"product_cat":[607],"product_tag":[614],"class_list":{"0":"post-31288","1":"product","2":"type-product","3":"status-publish","4":"has-post-thumbnail","6":"product_cat-porte-cles","7":"product_tag-lettres","8":"pa_motivo-lettre-p","10":"first","11":"instock","12":"shipping-taxable","13":"product-type-simple"},"acf":[],"_links":{"self":[{"href":"https:\/\/olemosaic.orbitalia.org\/fr\/wp-json\/wp\/v2\/product\/31288","targetHints":{"allow":["GET"]}}],"collection":[{"href":"https:\/\/olemosaic.orbitalia.org\/fr\/wp-json\/wp\/v2\/product"}],"about":[{"href":"https:\/\/olemosaic.orbitalia.org\/fr\/wp-json\/wp\/v2\/types\/product"}],"wp:featuredmedia":[{"embeddable":true,"href":"https:\/\/olemosaic.orbitalia.org\/fr\/wp-json\/wp\/v2\/media\/10766"}],"wp:attachment":[{"href":"https:\/\/olemosaic.orbitalia.org\/fr\/wp-json\/wp\/v2\/media?parent=31288"}],"wp:term":[{"taxonomy":"product_brand","embeddable":true,"href":"https:\/\/olemosaic.orbitalia.org\/fr\/wp-json\/wp\/v2\/product_brand?post=31288"},{"taxonomy":"product_cat","embeddable":true,"href":"https:\/\/olemosaic.orbitalia.org\/fr\/wp-json\/wp\/v2\/product_cat?post=31288"},{"taxonomy":"product_tag","embeddable":true,"href":"https:\/\/olemosaic.orbitalia.org\/fr\/wp-json\/wp\/v2\/product_tag?post=31288"}],"curies":[{"name":"wp","href":"https:\/\/api.w.org\/{rel}","templated":true}]}}