{"id":31269,"date":"2025-02-20T22:33:07","date_gmt":"2025-02-20T22:33:07","guid":{"rendered":"https:\/\/olemosaic.orbitalia.org\/producto\/llavero-de-madera-letra-m-mosaico\/"},"modified":"2025-07-25T19:13:50","modified_gmt":"2025-07-25T17:13:50","slug":"porte-cles-en-bois-lettre-m-mosaique","status":"publish","type":"product","link":"https:\/\/olemosaic.orbitalia.org\/fr\/produit\/porte-cles-en-bois-lettre-m-mosaique\/","title":{"rendered":"Porte-cl\u00e9s en bois. Lettre M. Mosa\u00efque."},"content":{"rendered":"<p>Ce porte-cl\u00e9s en bois en forme de lettre \u00ab\u00a0M\u00a0\u00bb est un v\u00e9ritable hommage \u00e0 la riche tradition de l&rsquo;art de la mosa\u00efque, symbole vibrant de la culture espagnole. Son design captivant pr\u00e9sente un m\u00e9lange de couleurs telles que le rouge, le bleu, le vert et le jaune, qui s&rsquo;entrelacent dans un motif dynamique et attrayant. Ce porte-cl\u00e9s n&rsquo;est pas seulement un outil pratique pour garder vos cl\u00e9s organis\u00e9es, mais aussi un souvenir fascinant qui encapsule l&rsquo;essence du folklore espagnol.<\/p>\n<p>La finition soigneusement travaill\u00e9e de ce porte-cl\u00e9s souligne l&rsquo;attention port\u00e9e aux d\u00e9tails et la cr\u00e9ativit\u00e9 qui caract\u00e9risent l&rsquo;artisanat local. La lettre \u00ab\u00a0M\u00a0\u00bb peut \u00eatre une r\u00e9f\u00e9rence personnelle ou une initiale qui ajoute une touche de personnalisation au souvenir, en faisant un cadeau unique et significatif. De plus, sa l\u00e9g\u00e8ret\u00e9 et sa durabilit\u00e9 le rendent id\u00e9al pour un usage quotidien, permettant aux voyageurs d&#8217;emporter un petit morceau d&rsquo;Espagne avec eux dans chaque aventure.<\/p>\n<p>Chez Ol\u00e9 Mosaic, nous sommes fiers de proposer des souvenirs authentiques qui refl\u00e8tent la culture et l&rsquo;histoire de l&rsquo;Espagne. Ce porte-cl\u00e9s en mosa\u00efque est parfait pour les touristes \u00e0 la recherche d&rsquo;un souvenir repr\u00e9sentatif et distinctif, id\u00e9al pour les boutiques de cadeaux touristiques souhaitant proposer des produits \u00e0 valeur culturelle. En tant que grossistes de souvenirs, nous garantissons la qualit\u00e9 et l&rsquo;originalit\u00e9 de chacune de nos pi\u00e8ces, faisant de ce porte-cl\u00e9s un excellent article pour votre entreprise.<\/p>\n","protected":false},"excerpt":{"rendered":"<p>Porte-cl\u00e9s en bois en forme de lettre \u00ab\u00a0M\u00a0\u00bb, d\u00e9cor\u00e9 d&rsquo;un design vibrant de mosa\u00efque combinant des couleurs comme le rouge, le bleu, le vert et le jaune. Ce porte-cl\u00e9s, qui \u00e9voque la riche tradition de l&rsquo;art mosa\u00efque, est un article distinctif et attrayant pour ceux qui recherchent un souvenir unique. Sa finition artisanale souligne la cr\u00e9ativit\u00e9 et le folklore espagnol, en faisant un cadeau id\u00e9al ou un souvenir personnel.<\/p>\n","protected":false},"featured_media":10763,"template":"","meta":{"_acf_changed":false},"product_brand":[],"product_cat":[607],"product_tag":[614],"class_list":{"0":"post-31269","1":"product","2":"type-product","3":"status-publish","4":"has-post-thumbnail","6":"product_cat-porte-cles","7":"product_tag-lettres","8":"pa_motivo-lettre-m","10":"first","11":"instock","12":"shipping-taxable","13":"product-type-simple"},"acf":[],"_links":{"self":[{"href":"https:\/\/olemosaic.orbitalia.org\/fr\/wp-json\/wp\/v2\/product\/31269","targetHints":{"allow":["GET"]}}],"collection":[{"href":"https:\/\/olemosaic.orbitalia.org\/fr\/wp-json\/wp\/v2\/product"}],"about":[{"href":"https:\/\/olemosaic.orbitalia.org\/fr\/wp-json\/wp\/v2\/types\/product"}],"wp:featuredmedia":[{"embeddable":true,"href":"https:\/\/olemosaic.orbitalia.org\/fr\/wp-json\/wp\/v2\/media\/10763"}],"wp:attachment":[{"href":"https:\/\/olemosaic.orbitalia.org\/fr\/wp-json\/wp\/v2\/media?parent=31269"}],"wp:term":[{"taxonomy":"product_brand","embeddable":true,"href":"https:\/\/olemosaic.orbitalia.org\/fr\/wp-json\/wp\/v2\/product_brand?post=31269"},{"taxonomy":"product_cat","embeddable":true,"href":"https:\/\/olemosaic.orbitalia.org\/fr\/wp-json\/wp\/v2\/product_cat?post=31269"},{"taxonomy":"product_tag","embeddable":true,"href":"https:\/\/olemosaic.orbitalia.org\/fr\/wp-json\/wp\/v2\/product_tag?post=31269"}],"curies":[{"name":"wp","href":"https:\/\/api.w.org\/{rel}","templated":true}]}}