{"id":31268,"date":"2025-02-20T23:33:07","date_gmt":"2025-02-20T22:33:07","guid":{"rendered":"https:\/\/olemosaic.orbitalia.org\/producto\/llavero-de-madera-letra-l-valencia\/"},"modified":"2025-07-25T18:45:00","modified_gmt":"2025-07-25T16:45:00","slug":"porte-cles-en-bois-lettre-l-valence","status":"publish","type":"product","link":"https:\/\/olemosaic.orbitalia.org\/fr\/produit\/porte-cles-en-bois-lettre-l-valence\/","title":{"rendered":"Porte-cl\u00e9s en bois. Lettre L. Valence."},"content":{"rendered":"<p>Ce porte-cl\u00e9s en bois en forme de lettre \u00ab\u00a0L\u00a0\u00bb est un charmant souvenir qui rend hommage \u00e0 la ville vibrante de Valence. Son design original pr\u00e9sente des motifs architecturaux color\u00e9s et riches, inspir\u00e9s de l&rsquo;iconique Cit\u00e9 des Arts et des Sciences, symbole incontest\u00e9 de la modernit\u00e9 et de la culture de cette brillante r\u00e9gion. La lettre \u00ab\u00a0L\u00a0\u00bb se distingue non seulement par sa forme, mais aussi par sa technique d&rsquo;impression multicolore, qui capture parfaitement les d\u00e9tails du fascinant complexe architectural, avec son utilisation caract\u00e9ristique de mosa\u00efques et de formes ondul\u00e9es.<\/p>\n<p>Le design est compl\u00e9t\u00e9 par des \u00e9l\u00e9ments traditionnels repr\u00e9sentant l&rsquo;essence culturelle valencienne, faisant de ce porte-cl\u00e9s non seulement un objet fonctionnel, mais un v\u00e9ritable symbole de l&rsquo;identit\u00e9 locale. Avec son design vibrant et plein de vie, ce porte-cl\u00e9s devient le souvenir parfait pour ceux qui cherchent \u00e0 emporter un petit morceau de Valence avec eux, \u00e9voquant les couleurs et la cr\u00e9ativit\u00e9 de la ville. Chez Ol\u00e9 Mosaic, nous sommes experts dans la distribution de souvenirs en gros, offrant des produits authentiques qui capturent l&rsquo;essence culturelle de chaque r\u00e9gion. Ce porte-cl\u00e9s est id\u00e9al pour les boutiques de cadeaux touristiques souhaitant proposer des souvenirs de Valence uniques et de qualit\u00e9. En tant que grossistes de porte-cl\u00e9s, nous garantissons que chaque pi\u00e8ce allie artisanat et originalit\u00e9, devenant un excellent choix pour le client \u00e0 la recherche d&rsquo;un souvenir significatif.<\/p>\n","protected":false},"excerpt":{"rendered":"<p>Porte-cl\u00e9s en bois avec la lettre \u00ab\u00a0L\u00a0\u00bb, inspir\u00e9 par la ville vibrante de Valence. Ce design original pr\u00e9sente des motifs architecturaux color\u00e9s, tels que la c\u00e9l\u00e8bre Cit\u00e9 des Arts et des Sciences, compl\u00e9t\u00e9s par des \u00e9l\u00e9ments traditionnels de la ville. Avec une technique d&rsquo;impression multicolore et des d\u00e9tails en mosa\u00efque, ce porte-cl\u00e9s allie fonctionnalit\u00e9 et art, devenant un souvenir parfait pour ceux qui souhaitent emporter un morceau de Valence avec eux.<\/p>\n","protected":false},"featured_media":10870,"template":"","meta":{"_acf_changed":false},"product_brand":[],"product_cat":[607],"product_tag":[614],"class_list":{"0":"post-31268","1":"product","2":"type-product","3":"status-publish","4":"has-post-thumbnail","6":"product_cat-porte-cles","7":"product_tag-lettres","8":"pa_ciudad-valencia","9":"pa_motivo-lettre-l","10":"pa_pais-espana","12":"first","13":"instock","14":"shipping-taxable","15":"product-type-simple"},"acf":[],"_links":{"self":[{"href":"https:\/\/olemosaic.orbitalia.org\/fr\/wp-json\/wp\/v2\/product\/31268","targetHints":{"allow":["GET"]}}],"collection":[{"href":"https:\/\/olemosaic.orbitalia.org\/fr\/wp-json\/wp\/v2\/product"}],"about":[{"href":"https:\/\/olemosaic.orbitalia.org\/fr\/wp-json\/wp\/v2\/types\/product"}],"wp:featuredmedia":[{"embeddable":true,"href":"https:\/\/olemosaic.orbitalia.org\/fr\/wp-json\/wp\/v2\/media\/10870"}],"wp:attachment":[{"href":"https:\/\/olemosaic.orbitalia.org\/fr\/wp-json\/wp\/v2\/media?parent=31268"}],"wp:term":[{"taxonomy":"product_brand","embeddable":true,"href":"https:\/\/olemosaic.orbitalia.org\/fr\/wp-json\/wp\/v2\/product_brand?post=31268"},{"taxonomy":"product_cat","embeddable":true,"href":"https:\/\/olemosaic.orbitalia.org\/fr\/wp-json\/wp\/v2\/product_cat?post=31268"},{"taxonomy":"product_tag","embeddable":true,"href":"https:\/\/olemosaic.orbitalia.org\/fr\/wp-json\/wp\/v2\/product_tag?post=31268"}],"curies":[{"name":"wp","href":"https:\/\/api.w.org\/{rel}","templated":true}]}}