{"id":31255,"date":"2025-02-20T23:33:06","date_gmt":"2025-02-20T22:33:06","guid":{"rendered":"https:\/\/olemosaic.orbitalia.org\/producto\/llavero-de-madera-letra-c\/"},"modified":"2025-07-25T18:44:32","modified_gmt":"2025-07-25T16:44:32","slug":"porte-cles-en-bois-lettre-c","status":"publish","type":"product","link":"https:\/\/olemosaic.orbitalia.org\/fr\/produit\/porte-cles-en-bois-lettre-c\/","title":{"rendered":"Porte-cl\u00e9s en bois. Lettre C."},"content":{"rendered":"<p>Ce porte-cl\u00e9s en bois en forme de lettre \u00ab\u00a0C\u00a0\u00bb est une magnifique repr\u00e9sentation du riche h\u00e9ritage culturel espagnol, id\u00e9al pour ceux qui souhaitent emporter avec eux un morceau de tradition. De conception artisanale, ce porte-cl\u00e9s se distingue par son design vibrant d\u00e9cor\u00e9 de motifs d&rsquo;azulejos traditionnels, \u00e9voquant l&rsquo;art c\u00e9ramique qui orne les murs de diverses r\u00e9gions d&rsquo;Espagne. Les couleurs rouge, bleu et jaune se combinent harmonieusement, cr\u00e9ant un effet visuel attrayant et \u00e9nergique qui capte instantan\u00e9ment l&rsquo;attention.<\/p>\n<p>La surface de ce porte-cl\u00e9s est douce au toucher et pr\u00e9sente une finition qui rehausse les motifs g\u00e9om\u00e9triques, contribuant \u00e0 son attrait esth\u00e9tique. Chaque pi\u00e8ce cherche \u00e0 cr\u00e9er une connexion \u00e9motionnelle avec le patrimoine culturel, rappelant les places majestueuses et les b\u00e2timents d\u00e9cor\u00e9s qui caract\u00e9risent des villes comme S\u00e9ville et Lisbonne. Ce porte-cl\u00e9s n&rsquo;est pas seulement un accessoire fonctionnel, mais aussi un souvenir significatif, id\u00e9al pour les touristes \u00e0 la recherche d&rsquo;une mani\u00e8re authentique d&rsquo;\u00e9terniser leur visite en Espagne.<\/p>\n<p>Ol\u00e9 Mosaic est fier de proposer des souvenirs de haute qualit\u00e9 en gros, comme ce porte-cl\u00e9s exclusif en bois, parfait pour les boutiques de cadeaux touristiques qui appr\u00e9cient l&rsquo;authenticit\u00e9 et la valeur culturelle de leurs produits. En tant que distributeur de porte-cl\u00e9s artisanaux, nous garantissons que chaque pi\u00e8ce refl\u00e8te l&rsquo;esth\u00e9tique vibrante du patrimoine ib\u00e9rique, faisant de ce porte-cl\u00e9s un excellent choix pour ceux qui d\u00e9sirent un souvenir unique et repr\u00e9sentatif.<\/p>\n","protected":false},"excerpt":{"rendered":"<p>Porte-cl\u00e9s en bois en forme de lettre \u00ab\u00a0C\u00a0\u00bb, d\u00e9cor\u00e9 de motifs vibrants d&rsquo;azulejos traditionnels. Ce produit artisanal se distingue par son design unique, combinant des couleurs comme le rouge, le bleu et le jaune, \u00e9voquant le riche patrimoine culturel espagnol. La surface est douce au toucher, avec une finition qui souligne les motifs g\u00e9om\u00e9triques, ce qui en fait un souvenir id\u00e9al pour emporter un morceau d&rsquo;Espagne avec soi.<\/p>\n","protected":false},"featured_media":9593,"template":"","meta":{"_acf_changed":false},"product_brand":[],"product_cat":[607],"product_tag":[614],"class_list":{"0":"post-31255","1":"product","2":"type-product","3":"status-publish","4":"has-post-thumbnail","6":"product_cat-porte-cles","7":"product_tag-lettres","8":"pa_motivo-lettre-c","10":"first","11":"instock","12":"shipping-taxable","13":"product-type-simple"},"acf":[],"_links":{"self":[{"href":"https:\/\/olemosaic.orbitalia.org\/fr\/wp-json\/wp\/v2\/product\/31255","targetHints":{"allow":["GET"]}}],"collection":[{"href":"https:\/\/olemosaic.orbitalia.org\/fr\/wp-json\/wp\/v2\/product"}],"about":[{"href":"https:\/\/olemosaic.orbitalia.org\/fr\/wp-json\/wp\/v2\/types\/product"}],"wp:featuredmedia":[{"embeddable":true,"href":"https:\/\/olemosaic.orbitalia.org\/fr\/wp-json\/wp\/v2\/media\/9593"}],"wp:attachment":[{"href":"https:\/\/olemosaic.orbitalia.org\/fr\/wp-json\/wp\/v2\/media?parent=31255"}],"wp:term":[{"taxonomy":"product_brand","embeddable":true,"href":"https:\/\/olemosaic.orbitalia.org\/fr\/wp-json\/wp\/v2\/product_brand?post=31255"},{"taxonomy":"product_cat","embeddable":true,"href":"https:\/\/olemosaic.orbitalia.org\/fr\/wp-json\/wp\/v2\/product_cat?post=31255"},{"taxonomy":"product_tag","embeddable":true,"href":"https:\/\/olemosaic.orbitalia.org\/fr\/wp-json\/wp\/v2\/product_tag?post=31255"}],"curies":[{"name":"wp","href":"https:\/\/api.w.org\/{rel}","templated":true}]}}